{"id":5135,"date":"2022-01-28T12:52:10","date_gmt":"2022-01-28T11:52:10","guid":{"rendered":"https:\/\/www.siceram.com\/?page_id=5135"},"modified":"2022-01-28T12:52:10","modified_gmt":"2022-01-28T11:52:10","slug":"virtual-visit","status":"publish","type":"page","link":"https:\/\/www.siceram.com\/en\/virtual-visit\/","title":{"rendered":"Virtual visit"},"content":{"rendered":"<p>[vc_row][vc_column width=&#8221;1\/2&#8243;][vc_single_image image=&#8221;5131&#8243; img_size=&#8221;medium&#8221; onclick=&#8221;custom_link&#8221; link=&#8221;https:\/\/demo.the-webside.dev\/projects\/siceram\/SiceramVersion01\/SICERAM1.html&#8221;][vc_column_text]Showroom SFAX[\/vc_column_text][\/vc_column][vc_column width=&#8221;1\/2&#8243;][vc_single_image image=&#8221;5131&#8243; img_size=&#8221;medium&#8221; onclick=&#8221;custom_link&#8221; link=&#8221;https:\/\/demo.the-webside.dev\/projects\/siceram\/SiceramVersion01\/SICERAM1.html&#8221;][vc_column_text]Showroom TUNIS[\/vc_column_text][\/vc_column][\/vc_row]<\/p>\n","protected":false},"excerpt":{"rendered":"<p>[vc_row][vc_column width=&#8221;1\/2&#8243;][vc_single_image image=&#8221;5131&#8243; img_size=&#8221;medium&#8221; onclick=&#8221;custom_link&#8221; link=&#8221;https:\/\/demo.the-webside.dev\/projects\/siceram\/SiceramVersion01\/SICERAM1.html&#8221;][vc_column_text]Showroom SFAX[\/vc_column_text][\/vc_column][vc_column width=&#8221;1\/2&#8243;][vc_single_image image=&#8221;5131&#8243; img_size=&#8221;medium&#8221; onclick=&#8221;custom_link&#8221; link=&#8221;https:\/\/demo.the-webside.dev\/projects\/siceram\/SiceramVersion01\/SICERAM1.html&#8221;][vc_column_text]Showroom TUNIS[\/vc_column_text][\/vc_column][\/vc_row]<\/p>\n","protected":false},"author":1,"featured_media":0,"parent":0,"menu_order":1,"comment_status":"closed","ping_status":"closed","template":"","meta":[],"yoast_head":"<!-- This site is optimized with the Yoast SEO plugin v17.9 - https:\/\/yoast.com\/wordpress\/plugins\/seo\/ -->\n<title>Virtual visit | SICERAM | Sp\u00e9cialiste en Rev\u00eatement mural et rev\u00eatement sol<\/title>\n<meta name=\"robots\" content=\"index, follow, max-snippet:-1, max-image-preview:large, max-video-preview:-1\" \/>\n<link rel=\"canonical\" href=\"https:\/\/www.siceram.com\/en\/virtual-visit\/\" \/>\n<meta property=\"og:locale\" content=\"en_US\" \/>\n<meta property=\"og:type\" content=\"article\" \/>\n<meta property=\"og:title\" content=\"Virtual visit | SICERAM | Sp\u00e9cialiste en Rev\u00eatement mural et rev\u00eatement sol\" \/>\n<meta property=\"og:description\" content=\"[vc_row][vc_column width=&#8221;1\/2&#8243;][vc_single_image image=&#8221;5131&#8243; img_size=&#8221;medium&#8221; onclick=&#8221;custom_link&#8221; link=&#8221;https:\/\/demo.the-webside.dev\/projects\/siceram\/SiceramVersion01\/SICERAM1.html&#8221;][vc_column_text]Showroom SFAX[\/vc_column_text][\/vc_column][vc_column width=&#8221;1\/2&#8243;][vc_single_image image=&#8221;5131&#8243; img_size=&#8221;medium&#8221; onclick=&#8221;custom_link&#8221; link=&#8221;https:\/\/demo.the-webside.dev\/projects\/siceram\/SiceramVersion01\/SICERAM1.html&#8221;][vc_column_text]Showroom TUNIS[\/vc_column_text][\/vc_column][\/vc_row]\" \/>\n<meta property=\"og:url\" content=\"https:\/\/www.siceram.com\/en\/virtual-visit\/\" \/>\n<meta property=\"og:site_name\" content=\"SICERAM | Sp\u00e9cialiste en Rev\u00eatement mural et rev\u00eatement sol\" \/>\n<meta name=\"twitter:card\" content=\"summary_large_image\" \/>\n<script type=\"application\/ld+json\" class=\"yoast-schema-graph\">{\"@context\":\"https:\/\/schema.org\",\"@graph\":[{\"@type\":\"WebSite\",\"@id\":\"https:\/\/www.siceram.com\/#website\",\"url\":\"https:\/\/www.siceram.com\/\",\"name\":\"SICERAM | Sp\\u00e9cialiste en Rev\\u00eatement mural et rev\\u00eatement sol\",\"description\":\"Siceram\",\"potentialAction\":[{\"@type\":\"SearchAction\",\"target\":{\"@type\":\"EntryPoint\",\"urlTemplate\":\"https:\/\/www.siceram.com\/?s={search_term_string}\"},\"query-input\":\"required name=search_term_string\"}],\"inLanguage\":\"en-US\"},{\"@type\":\"WebPage\",\"@id\":\"https:\/\/www.siceram.com\/en\/virtual-visit\/#webpage\",\"url\":\"https:\/\/www.siceram.com\/en\/virtual-visit\/\",\"name\":\"Virtual visit | SICERAM | Sp\\u00e9cialiste en Rev\\u00eatement mural et rev\\u00eatement sol\",\"isPartOf\":{\"@id\":\"https:\/\/www.siceram.com\/#website\"},\"datePublished\":\"2022-01-28T11:52:10+00:00\",\"dateModified\":\"2022-01-28T11:52:10+00:00\",\"breadcrumb\":{\"@id\":\"https:\/\/www.siceram.com\/en\/virtual-visit\/#breadcrumb\"},\"inLanguage\":\"en-US\",\"potentialAction\":[{\"@type\":\"ReadAction\",\"target\":[\"https:\/\/www.siceram.com\/en\/virtual-visit\/\"]}]},{\"@type\":\"BreadcrumbList\",\"@id\":\"https:\/\/www.siceram.com\/en\/virtual-visit\/#breadcrumb\",\"itemListElement\":[{\"@type\":\"ListItem\",\"position\":1,\"name\":\"Accueil\",\"item\":\"https:\/\/www.siceram.com\/en\/\"},{\"@type\":\"ListItem\",\"position\":2,\"name\":\"Virtual visit\"}]}]}<\/script>\n<!-- \/ Yoast SEO plugin. -->","yoast_head_json":{"title":"Virtual visit | SICERAM | Sp\u00e9cialiste en Rev\u00eatement mural et rev\u00eatement sol","robots":{"index":"index","follow":"follow","max-snippet":"max-snippet:-1","max-image-preview":"max-image-preview:large","max-video-preview":"max-video-preview:-1"},"canonical":"https:\/\/www.siceram.com\/en\/virtual-visit\/","og_locale":"en_US","og_type":"article","og_title":"Virtual visit | SICERAM | Sp\u00e9cialiste en Rev\u00eatement mural et rev\u00eatement sol","og_description":"[vc_row][vc_column width=&#8221;1\/2&#8243;][vc_single_image image=&#8221;5131&#8243; img_size=&#8221;medium&#8221; onclick=&#8221;custom_link&#8221; link=&#8221;https:\/\/demo.the-webside.dev\/projects\/siceram\/SiceramVersion01\/SICERAM1.html&#8221;][vc_column_text]Showroom SFAX[\/vc_column_text][\/vc_column][vc_column width=&#8221;1\/2&#8243;][vc_single_image image=&#8221;5131&#8243; img_size=&#8221;medium&#8221; onclick=&#8221;custom_link&#8221; link=&#8221;https:\/\/demo.the-webside.dev\/projects\/siceram\/SiceramVersion01\/SICERAM1.html&#8221;][vc_column_text]Showroom TUNIS[\/vc_column_text][\/vc_column][\/vc_row]","og_url":"https:\/\/www.siceram.com\/en\/virtual-visit\/","og_site_name":"SICERAM | Sp\u00e9cialiste en Rev\u00eatement mural et rev\u00eatement sol","twitter_card":"summary_large_image","schema":{"@context":"https:\/\/schema.org","@graph":[{"@type":"WebSite","@id":"https:\/\/www.siceram.com\/#website","url":"https:\/\/www.siceram.com\/","name":"SICERAM | Sp\u00e9cialiste en Rev\u00eatement mural et rev\u00eatement sol","description":"Siceram","potentialAction":[{"@type":"SearchAction","target":{"@type":"EntryPoint","urlTemplate":"https:\/\/www.siceram.com\/?s={search_term_string}"},"query-input":"required name=search_term_string"}],"inLanguage":"en-US"},{"@type":"WebPage","@id":"https:\/\/www.siceram.com\/en\/virtual-visit\/#webpage","url":"https:\/\/www.siceram.com\/en\/virtual-visit\/","name":"Virtual visit | SICERAM | Sp\u00e9cialiste en Rev\u00eatement mural et rev\u00eatement sol","isPartOf":{"@id":"https:\/\/www.siceram.com\/#website"},"datePublished":"2022-01-28T11:52:10+00:00","dateModified":"2022-01-28T11:52:10+00:00","breadcrumb":{"@id":"https:\/\/www.siceram.com\/en\/virtual-visit\/#breadcrumb"},"inLanguage":"en-US","potentialAction":[{"@type":"ReadAction","target":["https:\/\/www.siceram.com\/en\/virtual-visit\/"]}]},{"@type":"BreadcrumbList","@id":"https:\/\/www.siceram.com\/en\/virtual-visit\/#breadcrumb","itemListElement":[{"@type":"ListItem","position":1,"name":"Accueil","item":"https:\/\/www.siceram.com\/en\/"},{"@type":"ListItem","position":2,"name":"Virtual visit"}]}]}},"_links":{"self":[{"href":"https:\/\/www.siceram.com\/en\/wp-json\/wp\/v2\/pages\/5135"}],"collection":[{"href":"https:\/\/www.siceram.com\/en\/wp-json\/wp\/v2\/pages"}],"about":[{"href":"https:\/\/www.siceram.com\/en\/wp-json\/wp\/v2\/types\/page"}],"author":[{"embeddable":true,"href":"https:\/\/www.siceram.com\/en\/wp-json\/wp\/v2\/users\/1"}],"replies":[{"embeddable":true,"href":"https:\/\/www.siceram.com\/en\/wp-json\/wp\/v2\/comments?post=5135"}],"version-history":[{"count":1,"href":"https:\/\/www.siceram.com\/en\/wp-json\/wp\/v2\/pages\/5135\/revisions"}],"predecessor-version":[{"id":5136,"href":"https:\/\/www.siceram.com\/en\/wp-json\/wp\/v2\/pages\/5135\/revisions\/5136"}],"wp:attachment":[{"href":"https:\/\/www.siceram.com\/en\/wp-json\/wp\/v2\/media?parent=5135"}],"curies":[{"name":"wp","href":"https:\/\/api.w.org\/{rel}","templated":true}]}}