{"id":5122,"date":"2022-01-28T11:25:51","date_gmt":"2022-01-28T10:25:51","guid":{"rendered":"https:\/\/www.siceram.com\/?page_id=5122"},"modified":"2022-01-28T11:25:51","modified_gmt":"2022-01-28T10:25:51","slug":"catalogue-siceram","status":"publish","type":"page","link":"https:\/\/www.siceram.com\/en\/catalogue-siceram\/","title":{"rendered":"Catalogue Siceram"},"content":{"rendered":"<p>[vc_row][vc_column width=&#8221;1\/2&#8243;][vc_single_image image=&#8221;5102&#8243; img_size=&#8221;medium&#8221; onclick=&#8221;custom_link&#8221; img_link_target=&#8221;_blank&#8221; link=&#8221;https:\/\/www.siceram.com\/wp-content\/uploads\/2022\/01\/Catalogue-SICERAM-zelij.pdf&#8221;][vc_column_text]<strong>Siceram zelij\u00a0<\/strong>[\/vc_column_text][\/vc_column][vc_column width=&#8221;1\/2&#8243;][vc_single_image image=&#8221;5106&#8243; img_size=&#8221;medium&#8221; onclick=&#8221;custom_link&#8221; img_link_target=&#8221;_blank&#8221; link=&#8221;https:\/\/www.siceram.com\/wp-content\/uploads\/2022\/01\/mode-2016.pdf&#8221;][vc_column_text]<strong>Siceram 2016<\/strong>[\/vc_column_text][\/vc_column][\/vc_row]<\/p>\n","protected":false},"excerpt":{"rendered":"<p>[vc_row][vc_column width=&#8221;1\/2&#8243;][vc_single_image image=&#8221;5102&#8243; img_size=&#8221;medium&#8221; onclick=&#8221;custom_link&#8221; img_link_target=&#8221;_blank&#8221; link=&#8221;https:\/\/www.siceram.com\/wp-content\/uploads\/2022\/01\/Catalogue-SICERAM-zelij.pdf&#8221;][vc_column_text]Siceram zelij\u00a0[\/vc_column_text][\/vc_column][vc_column width=&#8221;1\/2&#8243;][vc_single_image image=&#8221;5106&#8243; img_size=&#8221;medium&#8221; onclick=&#8221;custom_link&#8221; img_link_target=&#8221;_blank&#8221; link=&#8221;https:\/\/www.siceram.com\/wp-content\/uploads\/2022\/01\/mode-2016.pdf&#8221;][vc_column_text]Siceram 2016[\/vc_column_text][\/vc_column][\/vc_row]<\/p>\n","protected":false},"author":1,"featured_media":0,"parent":0,"menu_order":2,"comment_status":"closed","ping_status":"closed","template":"","meta":[],"yoast_head":"<!-- This site is optimized with the Yoast SEO plugin v17.9 - https:\/\/yoast.com\/wordpress\/plugins\/seo\/ -->\n<title>Catalogue Siceram | SICERAM | Sp\u00e9cialiste en Rev\u00eatement mural et rev\u00eatement sol<\/title>\n<meta name=\"robots\" content=\"index, follow, max-snippet:-1, max-image-preview:large, max-video-preview:-1\" \/>\n<link rel=\"canonical\" href=\"https:\/\/www.siceram.com\/en\/catalogue-siceram\/\" \/>\n<meta property=\"og:locale\" content=\"en_US\" \/>\n<meta property=\"og:type\" content=\"article\" \/>\n<meta property=\"og:title\" content=\"Catalogue Siceram | SICERAM | Sp\u00e9cialiste en Rev\u00eatement mural et rev\u00eatement sol\" \/>\n<meta property=\"og:description\" content=\"[vc_row][vc_column width=&#8221;1\/2&#8243;][vc_single_image image=&#8221;5102&#8243; img_size=&#8221;medium&#8221; onclick=&#8221;custom_link&#8221; img_link_target=&#8221;_blank&#8221; link=&#8221;https:\/\/www.siceram.com\/wp-content\/uploads\/2022\/01\/Catalogue-SICERAM-zelij.pdf&#8221;][vc_column_text]Siceram zelij\u00a0[\/vc_column_text][\/vc_column][vc_column width=&#8221;1\/2&#8243;][vc_single_image image=&#8221;5106&#8243; img_size=&#8221;medium&#8221; onclick=&#8221;custom_link&#8221; img_link_target=&#8221;_blank&#8221; link=&#8221;https:\/\/www.siceram.com\/wp-content\/uploads\/2022\/01\/mode-2016.pdf&#8221;][vc_column_text]Siceram 2016[\/vc_column_text][\/vc_column][\/vc_row]\" \/>\n<meta property=\"og:url\" content=\"https:\/\/www.siceram.com\/en\/catalogue-siceram\/\" \/>\n<meta property=\"og:site_name\" content=\"SICERAM | Sp\u00e9cialiste en Rev\u00eatement mural et rev\u00eatement sol\" \/>\n<meta name=\"twitter:card\" content=\"summary_large_image\" \/>\n<meta name=\"twitter:label1\" content=\"Est. reading time\" \/>\n\t<meta name=\"twitter:data1\" content=\"1 minute\" \/>\n<script type=\"application\/ld+json\" class=\"yoast-schema-graph\">{\"@context\":\"https:\/\/schema.org\",\"@graph\":[{\"@type\":\"WebSite\",\"@id\":\"https:\/\/www.siceram.com\/#website\",\"url\":\"https:\/\/www.siceram.com\/\",\"name\":\"SICERAM | Sp\\u00e9cialiste en Rev\\u00eatement mural et rev\\u00eatement sol\",\"description\":\"Siceram\",\"potentialAction\":[{\"@type\":\"SearchAction\",\"target\":{\"@type\":\"EntryPoint\",\"urlTemplate\":\"https:\/\/www.siceram.com\/?s={search_term_string}\"},\"query-input\":\"required name=search_term_string\"}],\"inLanguage\":\"en-US\"},{\"@type\":\"WebPage\",\"@id\":\"https:\/\/www.siceram.com\/en\/catalogue-siceram\/#webpage\",\"url\":\"https:\/\/www.siceram.com\/en\/catalogue-siceram\/\",\"name\":\"Catalogue Siceram | SICERAM | Sp\\u00e9cialiste en Rev\\u00eatement mural et rev\\u00eatement sol\",\"isPartOf\":{\"@id\":\"https:\/\/www.siceram.com\/#website\"},\"datePublished\":\"2022-01-28T10:25:51+00:00\",\"dateModified\":\"2022-01-28T10:25:51+00:00\",\"breadcrumb\":{\"@id\":\"https:\/\/www.siceram.com\/en\/catalogue-siceram\/#breadcrumb\"},\"inLanguage\":\"en-US\",\"potentialAction\":[{\"@type\":\"ReadAction\",\"target\":[\"https:\/\/www.siceram.com\/en\/catalogue-siceram\/\"]}]},{\"@type\":\"BreadcrumbList\",\"@id\":\"https:\/\/www.siceram.com\/en\/catalogue-siceram\/#breadcrumb\",\"itemListElement\":[{\"@type\":\"ListItem\",\"position\":1,\"name\":\"Accueil\",\"item\":\"https:\/\/www.siceram.com\/en\/\"},{\"@type\":\"ListItem\",\"position\":2,\"name\":\"Catalogue Siceram\"}]}]}<\/script>\n<!-- \/ Yoast SEO plugin. -->","yoast_head_json":{"title":"Catalogue Siceram | SICERAM | Sp\u00e9cialiste en Rev\u00eatement mural et rev\u00eatement sol","robots":{"index":"index","follow":"follow","max-snippet":"max-snippet:-1","max-image-preview":"max-image-preview:large","max-video-preview":"max-video-preview:-1"},"canonical":"https:\/\/www.siceram.com\/en\/catalogue-siceram\/","og_locale":"en_US","og_type":"article","og_title":"Catalogue Siceram | SICERAM | Sp\u00e9cialiste en Rev\u00eatement mural et rev\u00eatement sol","og_description":"[vc_row][vc_column width=&#8221;1\/2&#8243;][vc_single_image image=&#8221;5102&#8243; img_size=&#8221;medium&#8221; onclick=&#8221;custom_link&#8221; img_link_target=&#8221;_blank&#8221; link=&#8221;https:\/\/www.siceram.com\/wp-content\/uploads\/2022\/01\/Catalogue-SICERAM-zelij.pdf&#8221;][vc_column_text]Siceram zelij\u00a0[\/vc_column_text][\/vc_column][vc_column width=&#8221;1\/2&#8243;][vc_single_image image=&#8221;5106&#8243; img_size=&#8221;medium&#8221; onclick=&#8221;custom_link&#8221; img_link_target=&#8221;_blank&#8221; link=&#8221;https:\/\/www.siceram.com\/wp-content\/uploads\/2022\/01\/mode-2016.pdf&#8221;][vc_column_text]Siceram 2016[\/vc_column_text][\/vc_column][\/vc_row]","og_url":"https:\/\/www.siceram.com\/en\/catalogue-siceram\/","og_site_name":"SICERAM | Sp\u00e9cialiste en Rev\u00eatement mural et rev\u00eatement sol","twitter_card":"summary_large_image","twitter_misc":{"Est. reading time":"1 minute"},"schema":{"@context":"https:\/\/schema.org","@graph":[{"@type":"WebSite","@id":"https:\/\/www.siceram.com\/#website","url":"https:\/\/www.siceram.com\/","name":"SICERAM | Sp\u00e9cialiste en Rev\u00eatement mural et rev\u00eatement sol","description":"Siceram","potentialAction":[{"@type":"SearchAction","target":{"@type":"EntryPoint","urlTemplate":"https:\/\/www.siceram.com\/?s={search_term_string}"},"query-input":"required name=search_term_string"}],"inLanguage":"en-US"},{"@type":"WebPage","@id":"https:\/\/www.siceram.com\/en\/catalogue-siceram\/#webpage","url":"https:\/\/www.siceram.com\/en\/catalogue-siceram\/","name":"Catalogue Siceram | SICERAM | Sp\u00e9cialiste en Rev\u00eatement mural et rev\u00eatement sol","isPartOf":{"@id":"https:\/\/www.siceram.com\/#website"},"datePublished":"2022-01-28T10:25:51+00:00","dateModified":"2022-01-28T10:25:51+00:00","breadcrumb":{"@id":"https:\/\/www.siceram.com\/en\/catalogue-siceram\/#breadcrumb"},"inLanguage":"en-US","potentialAction":[{"@type":"ReadAction","target":["https:\/\/www.siceram.com\/en\/catalogue-siceram\/"]}]},{"@type":"BreadcrumbList","@id":"https:\/\/www.siceram.com\/en\/catalogue-siceram\/#breadcrumb","itemListElement":[{"@type":"ListItem","position":1,"name":"Accueil","item":"https:\/\/www.siceram.com\/en\/"},{"@type":"ListItem","position":2,"name":"Catalogue Siceram"}]}]}},"_links":{"self":[{"href":"https:\/\/www.siceram.com\/en\/wp-json\/wp\/v2\/pages\/5122"}],"collection":[{"href":"https:\/\/www.siceram.com\/en\/wp-json\/wp\/v2\/pages"}],"about":[{"href":"https:\/\/www.siceram.com\/en\/wp-json\/wp\/v2\/types\/page"}],"author":[{"embeddable":true,"href":"https:\/\/www.siceram.com\/en\/wp-json\/wp\/v2\/users\/1"}],"replies":[{"embeddable":true,"href":"https:\/\/www.siceram.com\/en\/wp-json\/wp\/v2\/comments?post=5122"}],"version-history":[{"count":1,"href":"https:\/\/www.siceram.com\/en\/wp-json\/wp\/v2\/pages\/5122\/revisions"}],"predecessor-version":[{"id":5123,"href":"https:\/\/www.siceram.com\/en\/wp-json\/wp\/v2\/pages\/5122\/revisions\/5123"}],"wp:attachment":[{"href":"https:\/\/www.siceram.com\/en\/wp-json\/wp\/v2\/media?parent=5122"}],"curies":[{"name":"wp","href":"https:\/\/api.w.org\/{rel}","templated":true}]}}