{"id":4965,"date":"2022-01-26T12:39:07","date_gmt":"2022-01-26T11:39:07","guid":{"rendered":"https:\/\/www.siceram.com\/?page_id=4965"},"modified":"2022-08-19T15:22:58","modified_gmt":"2022-08-19T13:22:58","slug":"catalogs","status":"publish","type":"page","link":"https:\/\/www.siceram.com\/en\/catalogs\/","title":{"rendered":"Catalogs"},"content":{"rendered":"<p>[vc_row][vc_column width=&#8221;1\/2&#8243;][vc_single_image image=&#8221;4489&#8243; img_size=&#8221;medium&#8221;][vc_btn title=&#8221;See catalog&#8221; css_animation=&#8221;none&#8221; link=&#8221;url:https%3A%2F%2Fwww.siceram.com%2Fen%2Fcatalogs%2Fcatalog-ape-grupo%2F&#8221;][\/vc_column][vc_column width=&#8221;1\/2&#8243;][vc_single_image image=&#8221;4493&#8243; img_size=&#8221;medium&#8221;][vc_btn title=&#8221;See catalog&#8221; link=&#8221;url:https%3A%2F%2Fwww.siceram.com%2Fen%2Fcatalogs%2Fcatalog-todagres%2F&#8221;][\/vc_column][\/vc_row][vc_row][vc_column width=&#8221;1\/2&#8243;][vc_single_image image=&#8221;4496&#8243; img_size=&#8221;medium&#8221;][vc_btn title=&#8221;See catalog&#8221; link=&#8221;url:https%3A%2F%2Fwww.siceram.com%2Fen%2Fcatalogs%2Fcatalog-vidrepur%2F&#8221;][\/vc_column][vc_column width=&#8221;1\/2&#8243;][vc_single_image image=&#8221;4498&#8243; img_size=&#8221;medium&#8221;][vc_btn title=&#8221;See catalog&#8221; link=&#8221;url:https%3A%2F%2Fwww.siceram.com%2Fen%2Fcatalogs%2Fcatalog-rondine%2F&#8221;][\/vc_column][\/vc_row][vc_row][vc_column width=&#8221;1\/2&#8243;][vc_single_image image=&#8221;5093&#8243; img_size=&#8221;medium&#8221;][vc_btn title=&#8221;See catalog&#8221; link=&#8221;url:https%3A%2F%2Fwww.siceram.com%2Fen%2Fprissmacer%2F&#8221;][\/vc_column][vc_column width=&#8221;1\/2&#8243;][vc_single_image image=&#8221;5112&#8243; img_size=&#8221;medium&#8221;][vc_btn title=&#8221;See catalog&#8221; link=&#8221;url:https%3A%2F%2Fwww.siceram.com%2Fen%2Fcatalog-siceram%2F&#8221;][\/vc_column][\/vc_row]<\/p>\n","protected":false},"excerpt":{"rendered":"<p>[vc_row][vc_column width=&#8221;1\/2&#8243;][vc_single_image image=&#8221;4489&#8243; img_size=&#8221;medium&#8221;][vc_btn title=&#8221;See catalog&#8221; css_animation=&#8221;none&#8221; link=&#8221;url:https%3A%2F%2Fwww.siceram.com%2Fen%2Fcatalogs%2Fcatalog-ape-grupo%2F&#8221;][\/vc_column][vc_column width=&#8221;1\/2&#8243;][vc_single_image image=&#8221;4493&#8243; img_size=&#8221;medium&#8221;][vc_btn title=&#8221;See catalog&#8221; link=&#8221;url:https%3A%2F%2Fwww.siceram.com%2Fen%2Fcatalogs%2Fcatalog-todagres%2F&#8221;][\/vc_column][\/vc_row][vc_row][vc_column width=&#8221;1\/2&#8243;][vc_single_image image=&#8221;4496&#8243; img_size=&#8221;medium&#8221;][vc_btn title=&#8221;See catalog&#8221; link=&#8221;url:https%3A%2F%2Fwww.siceram.com%2Fen%2Fcatalogs%2Fcatalog-vidrepur%2F&#8221;][\/vc_column][vc_column width=&#8221;1\/2&#8243;][vc_single_image image=&#8221;4498&#8243; img_size=&#8221;medium&#8221;][vc_btn title=&#8221;See catalog&#8221; link=&#8221;url:https%3A%2F%2Fwww.siceram.com%2Fen%2Fcatalogs%2Fcatalog-rondine%2F&#8221;][\/vc_column][\/vc_row][vc_row][vc_column width=&#8221;1\/2&#8243;][vc_single_image image=&#8221;5093&#8243; img_size=&#8221;medium&#8221;][vc_btn title=&#8221;See catalog&#8221; link=&#8221;url:https%3A%2F%2Fwww.siceram.com%2Fen%2Fprissmacer%2F&#8221;][\/vc_column][vc_column width=&#8221;1\/2&#8243;][vc_single_image image=&#8221;5112&#8243; img_size=&#8221;medium&#8221;][vc_btn title=&#8221;See catalog&#8221; link=&#8221;url:https%3A%2F%2Fwww.siceram.com%2Fen%2Fcatalog-siceram%2F&#8221;][\/vc_column][\/vc_row]<\/p>\n","protected":false},"author":1,"featured_media":0,"parent":0,"menu_order":25,"comment_status":"closed","ping_status":"closed","template":"page-templates\/template-fullwidth.php","meta":[],"yoast_head":"<!-- This site is optimized with the Yoast SEO plugin v17.9 - https:\/\/yoast.com\/wordpress\/plugins\/seo\/ -->\n<title>SICERAM Tunisia | Product catalogs<\/title>\n<meta name=\"description\" content=\"You will find at SICERAM exclusively sanitary products, tiles, earthenware, and taps in Tunisia. Contact us!\" \/>\n<meta name=\"robots\" content=\"index, follow, max-snippet:-1, max-image-preview:large, max-video-preview:-1\" \/>\n<link rel=\"canonical\" href=\"https:\/\/www.siceram.com\/en\/catalogs\/\" \/>\n<meta property=\"og:locale\" content=\"en_US\" \/>\n<meta property=\"og:type\" content=\"article\" \/>\n<meta property=\"og:title\" content=\"SICERAM Tunisia | Product catalogs\" \/>\n<meta property=\"og:description\" content=\"You will find at SICERAM exclusively sanitary products, tiles, earthenware, and taps in Tunisia. Contact us!\" \/>\n<meta property=\"og:url\" content=\"https:\/\/www.siceram.com\/en\/catalogs\/\" \/>\n<meta property=\"og:site_name\" content=\"SICERAM | Sp\u00e9cialiste en Rev\u00eatement mural et rev\u00eatement sol\" \/>\n<meta property=\"article:modified_time\" content=\"2022-08-19T13:22:58+00:00\" \/>\n<meta name=\"twitter:card\" content=\"summary_large_image\" \/>\n<meta name=\"twitter:label1\" content=\"Est. reading time\" \/>\n\t<meta name=\"twitter:data1\" content=\"1 minute\" \/>\n<script type=\"application\/ld+json\" class=\"yoast-schema-graph\">{\"@context\":\"https:\/\/schema.org\",\"@graph\":[{\"@type\":\"WebSite\",\"@id\":\"https:\/\/www.siceram.com\/#website\",\"url\":\"https:\/\/www.siceram.com\/\",\"name\":\"SICERAM | Sp\\u00e9cialiste en Rev\\u00eatement mural et rev\\u00eatement sol\",\"description\":\"Siceram\",\"potentialAction\":[{\"@type\":\"SearchAction\",\"target\":{\"@type\":\"EntryPoint\",\"urlTemplate\":\"https:\/\/www.siceram.com\/?s={search_term_string}\"},\"query-input\":\"required name=search_term_string\"}],\"inLanguage\":\"en-US\"},{\"@type\":\"WebPage\",\"@id\":\"https:\/\/www.siceram.com\/en\/catalogs\/#webpage\",\"url\":\"https:\/\/www.siceram.com\/en\/catalogs\/\",\"name\":\"SICERAM Tunisia | Product catalogs\",\"isPartOf\":{\"@id\":\"https:\/\/www.siceram.com\/#website\"},\"datePublished\":\"2022-01-26T11:39:07+00:00\",\"dateModified\":\"2022-08-19T13:22:58+00:00\",\"description\":\"You will find at SICERAM exclusively sanitary products, tiles, earthenware, and taps in Tunisia. Contact us!\",\"breadcrumb\":{\"@id\":\"https:\/\/www.siceram.com\/en\/catalogs\/#breadcrumb\"},\"inLanguage\":\"en-US\",\"potentialAction\":[{\"@type\":\"ReadAction\",\"target\":[\"https:\/\/www.siceram.com\/en\/catalogs\/\"]}]},{\"@type\":\"BreadcrumbList\",\"@id\":\"https:\/\/www.siceram.com\/en\/catalogs\/#breadcrumb\",\"itemListElement\":[{\"@type\":\"ListItem\",\"position\":1,\"name\":\"Accueil\",\"item\":\"https:\/\/www.siceram.com\/en\/\"},{\"@type\":\"ListItem\",\"position\":2,\"name\":\"Catalogs\"}]}]}<\/script>\n<!-- \/ Yoast SEO plugin. -->","yoast_head_json":{"title":"SICERAM Tunisia | Product catalogs","description":"You will find at SICERAM exclusively sanitary products, tiles, earthenware, and taps in Tunisia. Contact us!","robots":{"index":"index","follow":"follow","max-snippet":"max-snippet:-1","max-image-preview":"max-image-preview:large","max-video-preview":"max-video-preview:-1"},"canonical":"https:\/\/www.siceram.com\/en\/catalogs\/","og_locale":"en_US","og_type":"article","og_title":"SICERAM Tunisia | Product catalogs","og_description":"You will find at SICERAM exclusively sanitary products, tiles, earthenware, and taps in Tunisia. Contact us!","og_url":"https:\/\/www.siceram.com\/en\/catalogs\/","og_site_name":"SICERAM | Sp\u00e9cialiste en Rev\u00eatement mural et rev\u00eatement sol","article_modified_time":"2022-08-19T13:22:58+00:00","twitter_card":"summary_large_image","twitter_misc":{"Est. reading time":"1 minute"},"schema":{"@context":"https:\/\/schema.org","@graph":[{"@type":"WebSite","@id":"https:\/\/www.siceram.com\/#website","url":"https:\/\/www.siceram.com\/","name":"SICERAM | Sp\u00e9cialiste en Rev\u00eatement mural et rev\u00eatement sol","description":"Siceram","potentialAction":[{"@type":"SearchAction","target":{"@type":"EntryPoint","urlTemplate":"https:\/\/www.siceram.com\/?s={search_term_string}"},"query-input":"required name=search_term_string"}],"inLanguage":"en-US"},{"@type":"WebPage","@id":"https:\/\/www.siceram.com\/en\/catalogs\/#webpage","url":"https:\/\/www.siceram.com\/en\/catalogs\/","name":"SICERAM Tunisia | Product catalogs","isPartOf":{"@id":"https:\/\/www.siceram.com\/#website"},"datePublished":"2022-01-26T11:39:07+00:00","dateModified":"2022-08-19T13:22:58+00:00","description":"You will find at SICERAM exclusively sanitary products, tiles, earthenware, and taps in Tunisia. Contact us!","breadcrumb":{"@id":"https:\/\/www.siceram.com\/en\/catalogs\/#breadcrumb"},"inLanguage":"en-US","potentialAction":[{"@type":"ReadAction","target":["https:\/\/www.siceram.com\/en\/catalogs\/"]}]},{"@type":"BreadcrumbList","@id":"https:\/\/www.siceram.com\/en\/catalogs\/#breadcrumb","itemListElement":[{"@type":"ListItem","position":1,"name":"Accueil","item":"https:\/\/www.siceram.com\/en\/"},{"@type":"ListItem","position":2,"name":"Catalogs"}]}]}},"_links":{"self":[{"href":"https:\/\/www.siceram.com\/en\/wp-json\/wp\/v2\/pages\/4965"}],"collection":[{"href":"https:\/\/www.siceram.com\/en\/wp-json\/wp\/v2\/pages"}],"about":[{"href":"https:\/\/www.siceram.com\/en\/wp-json\/wp\/v2\/types\/page"}],"author":[{"embeddable":true,"href":"https:\/\/www.siceram.com\/en\/wp-json\/wp\/v2\/users\/1"}],"replies":[{"embeddable":true,"href":"https:\/\/www.siceram.com\/en\/wp-json\/wp\/v2\/comments?post=4965"}],"version-history":[{"count":5,"href":"https:\/\/www.siceram.com\/en\/wp-json\/wp\/v2\/pages\/4965\/revisions"}],"predecessor-version":[{"id":6328,"href":"https:\/\/www.siceram.com\/en\/wp-json\/wp\/v2\/pages\/4965\/revisions\/6328"}],"wp:attachment":[{"href":"https:\/\/www.siceram.com\/en\/wp-json\/wp\/v2\/media?parent=4965"}],"curies":[{"name":"wp","href":"https:\/\/api.w.org\/{rel}","templated":true}]}}