{"id":3780,"date":"2021-09-27T16:14:38","date_gmt":"2021-09-27T14:14:38","guid":{"rendered":"https:\/\/www.siceram.com\/?page_id=3780"},"modified":"2021-09-27T16:14:38","modified_gmt":"2021-09-27T14:14:38","slug":"serie-shell","status":"publish","type":"page","link":"https:\/\/www.siceram.com\/en\/products\/pool-mosaic-pool-marjelle\/serie-shell\/","title":{"rendered":"SERIE SHELL"},"content":{"rendered":"<p>[vc_row][vc_column]  \n\n\t<!-- Element: OT Portfolio Masonry -->\n\t<div class=\"projects-grid-wrapper\">\n\t\t<div class=\"projects-grid projects-load-ajax overlay_s1 pf_4_cols\" style=\"margin:5px;\">    \n\t\t\t<div class=\"project-item-sizer\"><\/div>\n\t            \n\t\t        <div class=\"project-item category-114 category-114 category-114 category-114 category-114 category-114 category-114  none\">\n\t\t        \t<div class=\"projects-box\" style=\"margin:5px;\">\n\t\t\t\t\t\t<div class=\"projects-thumbnail\">\n\t\t\t\t\t\t\t\t\t\t\t\t\t\t\t<img width=\"2000\" height=\"1500\" src=\"https:\/\/www.siceram.com\/wp-content\/uploads\/2021\/09\/Vidrepur-Shell-551-1024-x-1024_c01742fd-dcdd-4e37-a1f4-c90f76509d2d-e1641889469714.jpg\" class=\"attachment-full size-full wp-post-image\" alt=\"Mosa\u00efque PISCINE TUNISIE\" loading=\"lazy\" title=\"Vidrepur-Shell-551-1024-x-1024_c01742fd-dcdd-4e37-a1f4-c90f76509d2d\" \/>\t\t\t\t\t\t\t\t\t\t\t\t\t<\/div>\t\t\t\t\t\t\t\n\t\t\t\t\t\t<a  href=\"https:\/\/www.siceram.com\/en\/portfolio\/2-5-2-5-shell-551\/\">\n\t\t\t\t\t\t\t<span class=\"project-overlay\">\n\t\t\t\t\t\t\t\t<span class=\"project-name id-color\">2.5\/2.5 SHELL 551<\/span>\t\n\t\t\t\t\t\t\t<\/span>\n\t\t\t\t\t\t<\/a>\t\n\t\t\t\t\t<\/div>\n\t\t        <\/div>\n\t            \n\t\t        <div class=\"project-item category-61  none\">\n\t\t        \t<div class=\"projects-box\" style=\"margin:5px;\">\n\t\t\t\t\t\t<div class=\"projects-thumbnail\">\n\t\t\t\t\t\t\t\t\t\t\t\t\t\t\t<img width=\"2000\" height=\"1500\" src=\"https:\/\/www.siceram.com\/wp-content\/uploads\/2021\/09\/SHELL-1.jpg\" class=\"attachment-full size-full wp-post-image\" alt=\"Mosa\u00efque PISCINE TUNISIE\" loading=\"lazy\" srcset=\"https:\/\/www.siceram.com\/wp-content\/uploads\/2021\/09\/SHELL-1.jpg 2000w, https:\/\/www.siceram.com\/wp-content\/uploads\/2021\/09\/SHELL-1-300x225.jpg 300w, https:\/\/www.siceram.com\/wp-content\/uploads\/2021\/09\/SHELL-1-1024x768.jpg 1024w, https:\/\/www.siceram.com\/wp-content\/uploads\/2021\/09\/SHELL-1-768x576.jpg 768w, https:\/\/www.siceram.com\/wp-content\/uploads\/2021\/09\/SHELL-1-1536x1152.jpg 1536w\" sizes=\"(max-width: 2000px) 100vw, 2000px\" title=\"SHELL\" \/>\t\t\t\t\t\t\t\t\t\t\t\t\t<\/div>\t\t\t\t\t\t\t\n\t\t\t\t\t\t<a  href=\"https:\/\/www.siceram.com\/en\/portfolio\/2-5-2-5-shell-552\/\">\n\t\t\t\t\t\t\t<span class=\"project-overlay\">\n\t\t\t\t\t\t\t\t<span class=\"project-name id-color\">2.5\/2.5 SHELL 552<\/span>\t\n\t\t\t\t\t\t\t<\/span>\n\t\t\t\t\t\t<\/a>\t\n\t\t\t\t\t<\/div>\n\t\t        <\/div>\n\t            \n\t\t        <div class=\"project-item category-61  none\">\n\t\t        \t<div class=\"projects-box\" style=\"margin:5px;\">\n\t\t\t\t\t\t<div class=\"projects-thumbnail\">\n\t\t\t\t\t\t\t\t\t\t\t\t\t\t\t<img width=\"2000\" height=\"1500\" src=\"https:\/\/www.siceram.com\/wp-content\/uploads\/2021\/09\/553-SHELL-e1641887352575.jpg\" class=\"attachment-full size-full wp-post-image\" alt=\"Mosa\u00efque PISCINE TUNISIE\" loading=\"lazy\" title=\"553-SHELL\" \/>\t\t\t\t\t\t\t\t\t\t\t\t\t<\/div>\t\t\t\t\t\t\t\n\t\t\t\t\t\t<a  href=\"https:\/\/www.siceram.com\/en\/portfolio\/2-5-2-5-shell-553\/\">\n\t\t\t\t\t\t\t<span class=\"project-overlay\">\n\t\t\t\t\t\t\t\t<span class=\"project-name id-color\">2.5\/2.5 SHELL 553<\/span>\t\n\t\t\t\t\t\t\t<\/span>\n\t\t\t\t\t\t<\/a>\t\n\t\t\t\t\t<\/div>\n\t\t        <\/div>\n\t            \n\t\t        <div class=\"project-item category-61  none\">\n\t\t        \t<div class=\"projects-box\" style=\"margin:5px;\">\n\t\t\t\t\t\t<div class=\"projects-thumbnail\">\n\t\t\t\t\t\t\t\t\t\t\t\t\t\t\t<img width=\"2000\" height=\"1500\" src=\"https:\/\/www.siceram.com\/wp-content\/uploads\/2021\/09\/Sans-titre-1-1-e1641850247977.jpg\" class=\"attachment-full size-full wp-post-image\" alt=\"MOSAIQUE PISCINE TUNISIE\" loading=\"lazy\" title=\"Sans-titre-1\" \/>\t\t\t\t\t\t\t\t\t\t\t\t\t<\/div>\t\t\t\t\t\t\t\n\t\t\t\t\t\t<a  href=\"https:\/\/www.siceram.com\/en\/portfolio\/2-5-2-5-shell-mystic-554\/\">\n\t\t\t\t\t\t\t<span class=\"project-overlay\">\n\t\t\t\t\t\t\t\t<span class=\"project-name id-color\">2.5\/2.5 SHELL MYSTIC 554<\/span>\t\n\t\t\t\t\t\t\t<\/span>\n\t\t\t\t\t\t<\/a>\t\n\t\t\t\t\t<\/div>\n\t\t        <\/div>\n\t            \n\t\t        <div class=\"project-item category-61 category-61 category-61 category-61 category-61 category-61  none\">\n\t\t        \t<div class=\"projects-box\" style=\"margin:5px;\">\n\t\t\t\t\t\t<div class=\"projects-thumbnail\">\n\t\t\t\t\t\t\t\t\t\t\t\t\t\t\t<img width=\"2000\" height=\"1500\" src=\"https:\/\/www.siceram.com\/wp-content\/uploads\/2021\/09\/555-1-e1641889304381.jpg\" class=\"attachment-full size-full wp-post-image\" alt=\"Mosa\u00efque PISCINE TUNISIE\" loading=\"lazy\" title=\"555\" \/>\t\t\t\t\t\t\t\t\t\t\t\t\t<\/div>\t\t\t\t\t\t\t\n\t\t\t\t\t\t<a  href=\"https:\/\/www.siceram.com\/en\/portfolio\/2-5-2-5-shell-555-pur\/\">\n\t\t\t\t\t\t\t<span class=\"project-overlay\">\n\t\t\t\t\t\t\t\t<span class=\"project-name id-color\">2.5\/2.5 SHELL. 555  PUR<\/span>\t\n\t\t\t\t\t\t\t<\/span>\n\t\t\t\t\t\t<\/a>\t\n\t\t\t\t\t<\/div>\n\t\t        <\/div>\n\t            \n\t\t        <div class=\"project-item category-61 category-61 category-61 category-61 category-61 category-61  none\">\n\t\t        \t<div class=\"projects-box\" style=\"margin:5px;\">\n\t\t\t\t\t\t<div class=\"projects-thumbnail\">\n\t\t\t\t\t\t\t\t\t\t\t\t\t\t\t<img width=\"2000\" height=\"1500\" src=\"https:\/\/www.siceram.com\/wp-content\/uploads\/2021\/09\/111111111-e1641889258119.jpg\" class=\"attachment-full size-full wp-post-image\" alt=\"Mosa\u00efque PISCINE TUNISIE\" loading=\"lazy\" title=\"111111111\" \/>\t\t\t\t\t\t\t\t\t\t\t\t\t<\/div>\t\t\t\t\t\t\t\n\t\t\t\t\t\t<a  href=\"https:\/\/www.siceram.com\/en\/portfolio\/3-8-3-8-556-shell-deep\/\">\n\t\t\t\t\t\t\t<span class=\"project-overlay\">\n\t\t\t\t\t\t\t\t<span class=\"project-name id-color\">3.8\/3.8  556 SHELL DEEP<\/span>\t\n\t\t\t\t\t\t\t<\/span>\n\t\t\t\t\t\t<\/a>\t\n\t\t\t\t\t<\/div>\n\t\t        <\/div>\n\t            \n\t\t        <div class=\"project-item category-61 category-61 category-61 category-61 category-61 category-61  none\">\n\t\t        \t<div class=\"projects-box\" style=\"margin:5px;\">\n\t\t\t\t\t\t<div class=\"projects-thumbnail\">\n\t\t\t\t\t\t\t\t\t\t\t\t\t\t\t<img width=\"2000\" height=\"1500\" src=\"https:\/\/www.siceram.com\/wp-content\/uploads\/2021\/09\/093556M-Shell-Deep-556_-1x1_2_770x-e1641889285311.jpg\" class=\"attachment-full size-full wp-post-image\" alt=\"Mosa\u00efque PISCINE TUNISIE\" loading=\"lazy\" title=\"093556M----Shell-Deep-556_-1x1_2_770x\" \/>\t\t\t\t\t\t\t\t\t\t\t\t\t<\/div>\t\t\t\t\t\t\t\n\t\t\t\t\t\t<a  href=\"https:\/\/www.siceram.com\/en\/portfolio\/gres-2-5-2-5-shell-558\/\">\n\t\t\t\t\t\t\t<span class=\"project-overlay\">\n\t\t\t\t\t\t\t\t<span class=\"project-name id-color\">GRES 2.5\/2.5 SHELL  558<\/span>\t\n\t\t\t\t\t\t\t<\/span>\n\t\t\t\t\t\t<\/a>\t\n\t\t\t\t\t<\/div>\n\t\t        <\/div>\n\t        \t    <\/div> \n\t<\/div>\n[\/vc_column][\/vc_row]<\/p>\n","protected":false},"excerpt":{"rendered":"<p>[vc_row][vc_column][\/vc_column][\/vc_row]<\/p>\n","protected":false},"author":1,"featured_media":0,"parent":2441,"menu_order":39,"comment_status":"closed","ping_status":"closed","template":"","meta":[],"yoast_head":"<!-- This site is optimized with the Yoast SEO plugin v17.9 - https:\/\/yoast.com\/wordpress\/plugins\/seo\/ -->\n<title>SERIE SHELL | SICERAM | Sp\u00e9cialiste en Rev\u00eatement mural et rev\u00eatement sol<\/title>\n<meta name=\"robots\" content=\"index, follow, max-snippet:-1, max-image-preview:large, max-video-preview:-1\" \/>\n<link rel=\"canonical\" href=\"https:\/\/www.siceram.com\/en\/products\/pool-mosaic-pool-marjelle\/serie-shell\/\" \/>\n<meta property=\"og:locale\" content=\"en_US\" \/>\n<meta property=\"og:type\" content=\"article\" \/>\n<meta property=\"og:title\" content=\"SERIE SHELL | SICERAM | Sp\u00e9cialiste en Rev\u00eatement mural et rev\u00eatement sol\" \/>\n<meta property=\"og:description\" content=\"[vc_row][vc_column][\/vc_column][\/vc_row]\" \/>\n<meta property=\"og:url\" content=\"https:\/\/www.siceram.com\/en\/products\/pool-mosaic-pool-marjelle\/serie-shell\/\" \/>\n<meta property=\"og:site_name\" content=\"SICERAM | Sp\u00e9cialiste en Rev\u00eatement mural et rev\u00eatement sol\" \/>\n<meta name=\"twitter:card\" content=\"summary_large_image\" \/>\n<script type=\"application\/ld+json\" class=\"yoast-schema-graph\">{\"@context\":\"https:\/\/schema.org\",\"@graph\":[{\"@type\":\"WebSite\",\"@id\":\"https:\/\/www.siceram.com\/#website\",\"url\":\"https:\/\/www.siceram.com\/\",\"name\":\"SICERAM | Sp\\u00e9cialiste en Rev\\u00eatement mural et rev\\u00eatement sol\",\"description\":\"Siceram\",\"potentialAction\":[{\"@type\":\"SearchAction\",\"target\":{\"@type\":\"EntryPoint\",\"urlTemplate\":\"https:\/\/www.siceram.com\/?s={search_term_string}\"},\"query-input\":\"required name=search_term_string\"}],\"inLanguage\":\"en-US\"},{\"@type\":\"WebPage\",\"@id\":\"https:\/\/www.siceram.com\/en\/products\/pool-mosaic-pool-marjelle\/serie-shell\/#webpage\",\"url\":\"https:\/\/www.siceram.com\/en\/products\/pool-mosaic-pool-marjelle\/serie-shell\/\",\"name\":\"SERIE SHELL | SICERAM | Sp\\u00e9cialiste en Rev\\u00eatement mural et rev\\u00eatement sol\",\"isPartOf\":{\"@id\":\"https:\/\/www.siceram.com\/#website\"},\"datePublished\":\"2021-09-27T14:14:38+00:00\",\"dateModified\":\"2021-09-27T14:14:38+00:00\",\"breadcrumb\":{\"@id\":\"https:\/\/www.siceram.com\/en\/products\/pool-mosaic-pool-marjelle\/serie-shell\/#breadcrumb\"},\"inLanguage\":\"en-US\",\"potentialAction\":[{\"@type\":\"ReadAction\",\"target\":[\"https:\/\/www.siceram.com\/en\/products\/pool-mosaic-pool-marjelle\/serie-shell\/\"]}]},{\"@type\":\"BreadcrumbList\",\"@id\":\"https:\/\/www.siceram.com\/en\/products\/pool-mosaic-pool-marjelle\/serie-shell\/#breadcrumb\",\"itemListElement\":[{\"@type\":\"ListItem\",\"position\":1,\"name\":\"Accueil\",\"item\":\"https:\/\/www.siceram.com\/en\/\"},{\"@type\":\"ListItem\",\"position\":2,\"name\":\"Products\",\"item\":\"https:\/\/www.siceram.com\/en\/products\/\"},{\"@type\":\"ListItem\",\"position\":3,\"name\":\"POOL MOSAIC \/ POOL MARJELLE\",\"item\":\"https:\/\/www.siceram.com\/en\/products\/pool-mosaic-pool-marjelle\/\"},{\"@type\":\"ListItem\",\"position\":4,\"name\":\"SERIE SHELL\"}]}]}<\/script>\n<!-- \/ Yoast SEO plugin. -->","yoast_head_json":{"title":"SERIE SHELL | SICERAM | Sp\u00e9cialiste en Rev\u00eatement mural et rev\u00eatement sol","robots":{"index":"index","follow":"follow","max-snippet":"max-snippet:-1","max-image-preview":"max-image-preview:large","max-video-preview":"max-video-preview:-1"},"canonical":"https:\/\/www.siceram.com\/en\/products\/pool-mosaic-pool-marjelle\/serie-shell\/","og_locale":"en_US","og_type":"article","og_title":"SERIE SHELL | SICERAM | Sp\u00e9cialiste en Rev\u00eatement mural et rev\u00eatement sol","og_description":"[vc_row][vc_column][\/vc_column][\/vc_row]","og_url":"https:\/\/www.siceram.com\/en\/products\/pool-mosaic-pool-marjelle\/serie-shell\/","og_site_name":"SICERAM | Sp\u00e9cialiste en Rev\u00eatement mural et rev\u00eatement sol","twitter_card":"summary_large_image","schema":{"@context":"https:\/\/schema.org","@graph":[{"@type":"WebSite","@id":"https:\/\/www.siceram.com\/#website","url":"https:\/\/www.siceram.com\/","name":"SICERAM | Sp\u00e9cialiste en Rev\u00eatement mural et rev\u00eatement sol","description":"Siceram","potentialAction":[{"@type":"SearchAction","target":{"@type":"EntryPoint","urlTemplate":"https:\/\/www.siceram.com\/?s={search_term_string}"},"query-input":"required name=search_term_string"}],"inLanguage":"en-US"},{"@type":"WebPage","@id":"https:\/\/www.siceram.com\/en\/products\/pool-mosaic-pool-marjelle\/serie-shell\/#webpage","url":"https:\/\/www.siceram.com\/en\/products\/pool-mosaic-pool-marjelle\/serie-shell\/","name":"SERIE SHELL | SICERAM | Sp\u00e9cialiste en Rev\u00eatement mural et rev\u00eatement sol","isPartOf":{"@id":"https:\/\/www.siceram.com\/#website"},"datePublished":"2021-09-27T14:14:38+00:00","dateModified":"2021-09-27T14:14:38+00:00","breadcrumb":{"@id":"https:\/\/www.siceram.com\/en\/products\/pool-mosaic-pool-marjelle\/serie-shell\/#breadcrumb"},"inLanguage":"en-US","potentialAction":[{"@type":"ReadAction","target":["https:\/\/www.siceram.com\/en\/products\/pool-mosaic-pool-marjelle\/serie-shell\/"]}]},{"@type":"BreadcrumbList","@id":"https:\/\/www.siceram.com\/en\/products\/pool-mosaic-pool-marjelle\/serie-shell\/#breadcrumb","itemListElement":[{"@type":"ListItem","position":1,"name":"Accueil","item":"https:\/\/www.siceram.com\/en\/"},{"@type":"ListItem","position":2,"name":"Products","item":"https:\/\/www.siceram.com\/en\/products\/"},{"@type":"ListItem","position":3,"name":"POOL MOSAIC \/ POOL MARJELLE","item":"https:\/\/www.siceram.com\/en\/products\/pool-mosaic-pool-marjelle\/"},{"@type":"ListItem","position":4,"name":"SERIE SHELL"}]}]}},"_links":{"self":[{"href":"https:\/\/www.siceram.com\/en\/wp-json\/wp\/v2\/pages\/3780"}],"collection":[{"href":"https:\/\/www.siceram.com\/en\/wp-json\/wp\/v2\/pages"}],"about":[{"href":"https:\/\/www.siceram.com\/en\/wp-json\/wp\/v2\/types\/page"}],"author":[{"embeddable":true,"href":"https:\/\/www.siceram.com\/en\/wp-json\/wp\/v2\/users\/1"}],"replies":[{"embeddable":true,"href":"https:\/\/www.siceram.com\/en\/wp-json\/wp\/v2\/comments?post=3780"}],"version-history":[{"count":0,"href":"https:\/\/www.siceram.com\/en\/wp-json\/wp\/v2\/pages\/3780\/revisions"}],"up":[{"embeddable":true,"href":"https:\/\/www.siceram.com\/en\/wp-json\/wp\/v2\/pages\/2441"}],"wp:attachment":[{"href":"https:\/\/www.siceram.com\/en\/wp-json\/wp\/v2\/media?parent=3780"}],"curies":[{"name":"wp","href":"https:\/\/api.w.org\/{rel}","templated":true}]}}