{"id":3770,"date":"2021-09-27T16:09:05","date_gmt":"2021-09-27T14:09:05","guid":{"rendered":"https:\/\/www.siceram.com\/?page_id=3770"},"modified":"2021-09-27T16:09:05","modified_gmt":"2021-09-27T14:09:05","slug":"colors-niebla","status":"publish","type":"page","link":"https:\/\/www.siceram.com\/en\/products\/pool-mosaic-pool-marjelle\/colors-niebla\/","title":{"rendered":"COLORS NIEBLA"},"content":{"rendered":"<p>[vc_row][vc_column]  \n\n\t<!-- Element: OT Portfolio Masonry -->\n\t<div class=\"projects-grid-wrapper\">\n\t\t<div class=\"projects-grid projects-load-ajax overlay_s1 pf_4_cols\" style=\"margin:5px;\">    \n\t\t\t<div class=\"project-item-sizer\"><\/div>\n\t            \n\t\t        <div class=\"project-item  none\">\n\t\t        \t<div class=\"projects-box\" style=\"margin:5px;\">\n\t\t\t\t\t\t<div class=\"projects-thumbnail\">\n\t\t\t\t\t\t\t\t\t\t\t\t\t\t\t<img width=\"2000\" height=\"1500\" src=\"https:\/\/www.siceram.com\/wp-content\/uploads\/2021\/09\/Vidrepur_110__piscina.jpg\" class=\"attachment-full size-full wp-post-image\" alt=\"\" loading=\"lazy\" srcset=\"https:\/\/www.siceram.com\/wp-content\/uploads\/2021\/09\/Vidrepur_110__piscina.jpg 2000w, https:\/\/www.siceram.com\/wp-content\/uploads\/2021\/09\/Vidrepur_110__piscina-300x225.jpg 300w, https:\/\/www.siceram.com\/wp-content\/uploads\/2021\/09\/Vidrepur_110__piscina-1024x768.jpg 1024w, https:\/\/www.siceram.com\/wp-content\/uploads\/2021\/09\/Vidrepur_110__piscina-768x576.jpg 768w, https:\/\/www.siceram.com\/wp-content\/uploads\/2021\/09\/Vidrepur_110__piscina-1536x1152.jpg 1536w\" sizes=\"(max-width: 2000px) 100vw, 2000px\" title=\"Vidrepur_110__piscina\" \/>\t\t\t\t\t\t\t\t\t\t\t\t\t<\/div>\t\t\t\t\t\t\t\n\t\t\t\t\t\t<a  href=\"https:\/\/www.siceram.com\/en\/portfolio\/2-5-2-5-niebla-110-malla\/\">\n\t\t\t\t\t\t\t<span class=\"project-overlay\">\n\t\t\t\t\t\t\t\t<span class=\"project-name id-color\">2.5\/2.5 NIEBLA 110 MALLA<\/span>\t\n\t\t\t\t\t\t\t<\/span>\n\t\t\t\t\t\t<\/a>\t\n\t\t\t\t\t<\/div>\n\t\t        <\/div>\n\t            \n\t\t        <div class=\"project-item category-61  none\">\n\t\t        \t<div class=\"projects-box\" style=\"margin:5px;\">\n\t\t\t\t\t\t<div class=\"projects-thumbnail\">\n\t\t\t\t\t\t\t\t\t\t\t\t\t\t\t<img width=\"2000\" height=\"1500\" src=\"https:\/\/www.siceram.com\/wp-content\/uploads\/2021\/09\/Vidrepur-Fog-511-1024-x-1024-1-e1641888390203.jpg\" class=\"attachment-full size-full wp-post-image\" alt=\"Mosa\u00efque PISCINE TUNISIE\" loading=\"lazy\" title=\"Vidrepur-Fog-511-1024-x-1024-(1)\" \/>\t\t\t\t\t\t\t\t\t\t\t\t\t<\/div>\t\t\t\t\t\t\t\n\t\t\t\t\t\t<a  href=\"https:\/\/www.siceram.com\/en\/portfolio\/2-5-2-5-511-cannes-puntos\/\">\n\t\t\t\t\t\t\t<span class=\"project-overlay\">\n\t\t\t\t\t\t\t\t<span class=\"project-name id-color\">2.5\/2.5 511 CANNES PUNTOS<\/span>\t\n\t\t\t\t\t\t\t<\/span>\n\t\t\t\t\t\t<\/a>\t\n\t\t\t\t\t<\/div>\n\t\t        <\/div>\n\t            \n\t\t        <div class=\"project-item category-61  none\">\n\t\t        \t<div class=\"projects-box\" style=\"margin:5px;\">\n\t\t\t\t\t\t<div class=\"projects-thumbnail\">\n\t\t\t\t\t\t\t\t\t\t\t\t\t\t\t<img width=\"2000\" height=\"1500\" src=\"https:\/\/www.siceram.com\/wp-content\/uploads\/2021\/09\/514-e1641887387199.jpg\" class=\"attachment-full size-full wp-post-image\" alt=\"\" loading=\"lazy\" title=\"514\" \/>\t\t\t\t\t\t\t\t\t\t\t\t\t<\/div>\t\t\t\t\t\t\t\n\t\t\t\t\t\t<a  href=\"https:\/\/www.siceram.com\/en\/portfolio\/2-5-2-5-ref-514-gris\/\">\n\t\t\t\t\t\t\t<span class=\"project-overlay\">\n\t\t\t\t\t\t\t\t<span class=\"project-name id-color\">2.5\/2.5 REF 514 GRIS<\/span>\t\n\t\t\t\t\t\t\t<\/span>\n\t\t\t\t\t\t<\/a>\t\n\t\t\t\t\t<\/div>\n\t\t        <\/div>\n\t            \n\t\t        <div class=\"project-item category-61 category-61 category-61 category-61 category-61 category-61 category-61 category-61 category-61  none\">\n\t\t        \t<div class=\"projects-box\" style=\"margin:5px;\">\n\t\t\t\t\t\t<div class=\"projects-thumbnail\">\n\t\t\t\t\t\t\t\t\t\t\t\t\t\t\t<img width=\"2000\" height=\"1500\" src=\"https:\/\/www.siceram.com\/wp-content\/uploads\/2021\/09\/colors-501_511-e1641888468920.jpg\" class=\"attachment-full size-full wp-post-image\" alt=\"Mosa\u00efque PISCINE TUNISIE\" loading=\"lazy\" title=\"colors-501_511\" \/>\t\t\t\t\t\t\t\t\t\t\t\t\t<\/div>\t\t\t\t\t\t\t\n\t\t\t\t\t\t<a  href=\"https:\/\/www.siceram.com\/en\/portfolio\/2-5-2-5-niebla-501\/\">\n\t\t\t\t\t\t\t<span class=\"project-overlay\">\n\t\t\t\t\t\t\t\t<span class=\"project-name id-color\">2.5\/2.5 NIEBLA 501<\/span>\t\n\t\t\t\t\t\t\t<\/span>\n\t\t\t\t\t\t<\/a>\t\n\t\t\t\t\t<\/div>\n\t\t        <\/div>\n\t            \n\t\t        <div class=\"project-item category-61 category-61 category-61 category-61 category-61 category-61 category-61 category-61 category-61  none\">\n\t\t        \t<div class=\"projects-box\" style=\"margin:5px;\">\n\t\t\t\t\t\t<div class=\"projects-thumbnail\">\n\t\t\t\t\t\t\t\t\t\t\t\t\t\t\t<img width=\"2000\" height=\"1500\" src=\"https:\/\/www.siceram.com\/wp-content\/uploads\/2021\/09\/516-1-e1641887396957.jpg\" class=\"attachment-full size-full wp-post-image\" alt=\"\" loading=\"lazy\" title=\"516\" \/>\t\t\t\t\t\t\t\t\t\t\t\t\t<\/div>\t\t\t\t\t\t\t\n\t\t\t\t\t\t<a  href=\"https:\/\/www.siceram.com\/en\/portfolio\/2-5-2-5-516-turq-puntos\/\">\n\t\t\t\t\t\t\t<span class=\"project-overlay\">\n\t\t\t\t\t\t\t\t<span class=\"project-name id-color\">2.5\/2.5 516 TURQ. PUNTOS<\/span>\t\n\t\t\t\t\t\t\t<\/span>\n\t\t\t\t\t\t<\/a>\t\n\t\t\t\t\t<\/div>\n\t\t        <\/div>\n\t            \n\t\t        <div class=\"project-item category-61 category-61 category-61 category-61 category-61 category-61 category-61 category-61 category-61  none\">\n\t\t        \t<div class=\"projects-box\" style=\"margin:5px;\">\n\t\t\t\t\t\t<div class=\"projects-thumbnail\">\n\t\t\t\t\t\t\t\t\t\t\t\t\t\t\t<img width=\"2000\" height=\"1500\" src=\"https:\/\/www.siceram.com\/wp-content\/uploads\/2021\/09\/gresite-outlet-piscinas-e1641888447558.jpg\" class=\"attachment-full size-full wp-post-image\" alt=\"Mosa\u00efque PISCINE TUNISIE\" loading=\"lazy\" title=\"gresite-outlet-piscinas\" \/>\t\t\t\t\t\t\t\t\t\t\t\t\t<\/div>\t\t\t\t\t\t\t\n\t\t\t\t\t\t<a  href=\"https:\/\/www.siceram.com\/en\/portfolio\/2-5-2-5-503-v-caribe-pur\/\">\n\t\t\t\t\t\t\t<span class=\"project-overlay\">\n\t\t\t\t\t\t\t\t<span class=\"project-name id-color\">2.5\/2.5 503 V.CARIBE PUR<\/span>\t\n\t\t\t\t\t\t\t<\/span>\n\t\t\t\t\t\t<\/a>\t\n\t\t\t\t\t<\/div>\n\t\t        <\/div>\n\t            \n\t\t        <div class=\"project-item category-61 category-61 category-61 category-61 category-61 category-61 category-61 category-61 category-61  none\">\n\t\t        \t<div class=\"projects-box\" style=\"margin:5px;\">\n\t\t\t\t\t\t<div class=\"projects-thumbnail\">\n\t\t\t\t\t\t\t\t\t\t\t\t\t\t\t<img width=\"2000\" height=\"1500\" src=\"https:\/\/www.siceram.com\/wp-content\/uploads\/2021\/09\/hotels-wellness-residentials-3453959-9-e1641888291678.jpg\" class=\"attachment-full size-full wp-post-image\" alt=\"Mosa\u00efque PISCINE TUNISIE\" loading=\"lazy\" title=\"hotels-wellness-residentials-3453959-9\" \/>\t\t\t\t\t\t\t\t\t\t\t\t\t<\/div>\t\t\t\t\t\t\t\n\t\t\t\t\t\t<a  href=\"https:\/\/www.siceram.com\/en\/portfolio\/2-5-2-5-3000-blanc-puntos\/\">\n\t\t\t\t\t\t\t<span class=\"project-overlay\">\n\t\t\t\t\t\t\t\t<span class=\"project-name id-color\">2.5\/2.5 3000 BLANC PUNTOS<\/span>\t\n\t\t\t\t\t\t\t<\/span>\n\t\t\t\t\t\t<\/a>\t\n\t\t\t\t\t<\/div>\n\t\t        <\/div>\n\t            \n\t\t        <div class=\"project-item category-61 category-61 category-61 category-61 category-61 category-61 category-61 category-61 category-61  none\">\n\t\t        \t<div class=\"projects-box\" style=\"margin:5px;\">\n\t\t\t\t\t\t<div class=\"projects-thumbnail\">\n\t\t\t\t\t\t\t\t\t\t\t\t\t\t\t<img width=\"2000\" height=\"1500\" src=\"https:\/\/www.siceram.com\/wp-content\/uploads\/2021\/09\/508-1024x683-1-e1641888433330.jpg\" class=\"attachment-full size-full wp-post-image\" alt=\"Mosa\u00efque PISCINE TUNISIE\" loading=\"lazy\" title=\"508-1024x683\" \/>\t\t\t\t\t\t\t\t\t\t\t\t\t<\/div>\t\t\t\t\t\t\t\n\t\t\t\t\t\t<a  href=\"https:\/\/www.siceram.com\/en\/portfolio\/2-5-2-5-niebla-508-pur\/\">\n\t\t\t\t\t\t\t<span class=\"project-overlay\">\n\t\t\t\t\t\t\t\t<span class=\"project-name id-color\">2.5\/2.5 NIEBLA 508 PUR<\/span>\t\n\t\t\t\t\t\t\t<\/span>\n\t\t\t\t\t\t<\/a>\t\n\t\t\t\t\t<\/div>\n\t\t        <\/div>\n\t            \n\t\t        <div class=\"project-item category-61 category-61 category-61 category-61 category-61 category-61 category-61 category-61 category-61  none\">\n\t\t        \t<div class=\"projects-box\" style=\"margin:5px;\">\n\t\t\t\t\t\t<div class=\"projects-thumbnail\">\n\t\t\t\t\t\t\t\t\t\t\t\t\t\t\t<img width=\"2000\" height=\"1500\" src=\"https:\/\/www.siceram.com\/wp-content\/uploads\/2021\/09\/3007-e1641887422700.jpg\" class=\"attachment-full size-full wp-post-image\" alt=\"\" loading=\"lazy\" title=\"3007\" \/>\t\t\t\t\t\t\t\t\t\t\t\t\t<\/div>\t\t\t\t\t\t\t\n\t\t\t\t\t\t<a  href=\"https:\/\/www.siceram.com\/en\/portfolio\/2-5-2-5-3007-azul-puntos\/\">\n\t\t\t\t\t\t\t<span class=\"project-overlay\">\n\t\t\t\t\t\t\t\t<span class=\"project-name id-color\">2.5\/2.5 3007 AZUL PUNTOS<\/span>\t\n\t\t\t\t\t\t\t<\/span>\n\t\t\t\t\t\t<\/a>\t\n\t\t\t\t\t<\/div>\n\t\t        <\/div>\n\t            \n\t\t        <div class=\"project-item category-110 category-110 category-110 category-110 category-110 category-110 category-110 category-110 category-110 category-110  none\">\n\t\t        \t<div class=\"projects-box\" style=\"margin:5px;\">\n\t\t\t\t\t\t<div class=\"projects-thumbnail\">\n\t\t\t\t\t\t\t\t\t\t\t\t\t\t\t<img width=\"2000\" height=\"1500\" src=\"https:\/\/www.siceram.com\/wp-content\/uploads\/2021\/09\/2044ec_bfb3c5bf07fc4ba5aea7d8c500304c15_mv2-1-e1641888411690.jpg\" class=\"attachment-full size-full wp-post-image\" alt=\"Mosa\u00efque PISCINE TUNISIE\" loading=\"lazy\" title=\"2044ec_bfb3c5bf07fc4ba5aea7d8c500304c15_mv2-(1)\" \/>\t\t\t\t\t\t\t\t\t\t\t\t\t<\/div>\t\t\t\t\t\t\t\n\t\t\t\t\t\t<a  href=\"https:\/\/www.siceram.com\/en\/portfolio\/2-5-2-5-510-a-niza-puntos\/\">\n\t\t\t\t\t\t\t<span class=\"project-overlay\">\n\t\t\t\t\t\t\t\t<span class=\"project-name id-color\">2.5\/2.5 510 A.NIZA PUNTOS<\/span>\t\n\t\t\t\t\t\t\t<\/span>\n\t\t\t\t\t\t<\/a>\t\n\t\t\t\t\t<\/div>\n\t\t        <\/div>\n\t        \t    <\/div> \n\t<\/div>\n[\/vc_column][\/vc_row]<\/p>\n","protected":false},"excerpt":{"rendered":"<p>[vc_row][vc_column][\/vc_column][\/vc_row]<\/p>\n","protected":false},"author":1,"featured_media":0,"parent":2441,"menu_order":33,"comment_status":"closed","ping_status":"closed","template":"","meta":[],"yoast_head":"<!-- This site is optimized with the Yoast SEO plugin v17.9 - https:\/\/yoast.com\/wordpress\/plugins\/seo\/ -->\n<title>COLORS NIEBLA | SICERAM | Sp\u00e9cialiste en Rev\u00eatement mural et rev\u00eatement sol<\/title>\n<meta name=\"robots\" content=\"index, follow, max-snippet:-1, max-image-preview:large, max-video-preview:-1\" \/>\n<link rel=\"canonical\" href=\"https:\/\/www.siceram.com\/en\/products\/pool-mosaic-pool-marjelle\/colors-niebla\/\" \/>\n<meta property=\"og:locale\" content=\"en_US\" \/>\n<meta property=\"og:type\" content=\"article\" \/>\n<meta property=\"og:title\" content=\"COLORS NIEBLA | SICERAM | Sp\u00e9cialiste en Rev\u00eatement mural et rev\u00eatement sol\" \/>\n<meta property=\"og:description\" content=\"[vc_row][vc_column][\/vc_column][\/vc_row]\" \/>\n<meta property=\"og:url\" content=\"https:\/\/www.siceram.com\/en\/products\/pool-mosaic-pool-marjelle\/colors-niebla\/\" \/>\n<meta property=\"og:site_name\" content=\"SICERAM | Sp\u00e9cialiste en Rev\u00eatement mural et rev\u00eatement sol\" \/>\n<meta name=\"twitter:card\" content=\"summary_large_image\" \/>\n<script type=\"application\/ld+json\" class=\"yoast-schema-graph\">{\"@context\":\"https:\/\/schema.org\",\"@graph\":[{\"@type\":\"WebSite\",\"@id\":\"https:\/\/www.siceram.com\/#website\",\"url\":\"https:\/\/www.siceram.com\/\",\"name\":\"SICERAM | Sp\\u00e9cialiste en Rev\\u00eatement mural et rev\\u00eatement sol\",\"description\":\"Siceram\",\"potentialAction\":[{\"@type\":\"SearchAction\",\"target\":{\"@type\":\"EntryPoint\",\"urlTemplate\":\"https:\/\/www.siceram.com\/?s={search_term_string}\"},\"query-input\":\"required name=search_term_string\"}],\"inLanguage\":\"en-US\"},{\"@type\":\"WebPage\",\"@id\":\"https:\/\/www.siceram.com\/en\/products\/pool-mosaic-pool-marjelle\/colors-niebla\/#webpage\",\"url\":\"https:\/\/www.siceram.com\/en\/products\/pool-mosaic-pool-marjelle\/colors-niebla\/\",\"name\":\"COLORS NIEBLA | SICERAM | Sp\\u00e9cialiste en Rev\\u00eatement mural et rev\\u00eatement sol\",\"isPartOf\":{\"@id\":\"https:\/\/www.siceram.com\/#website\"},\"datePublished\":\"2021-09-27T14:09:05+00:00\",\"dateModified\":\"2021-09-27T14:09:05+00:00\",\"breadcrumb\":{\"@id\":\"https:\/\/www.siceram.com\/en\/products\/pool-mosaic-pool-marjelle\/colors-niebla\/#breadcrumb\"},\"inLanguage\":\"en-US\",\"potentialAction\":[{\"@type\":\"ReadAction\",\"target\":[\"https:\/\/www.siceram.com\/en\/products\/pool-mosaic-pool-marjelle\/colors-niebla\/\"]}]},{\"@type\":\"BreadcrumbList\",\"@id\":\"https:\/\/www.siceram.com\/en\/products\/pool-mosaic-pool-marjelle\/colors-niebla\/#breadcrumb\",\"itemListElement\":[{\"@type\":\"ListItem\",\"position\":1,\"name\":\"Accueil\",\"item\":\"https:\/\/www.siceram.com\/en\/\"},{\"@type\":\"ListItem\",\"position\":2,\"name\":\"Products\",\"item\":\"https:\/\/www.siceram.com\/en\/products\/\"},{\"@type\":\"ListItem\",\"position\":3,\"name\":\"POOL MOSAIC \/ POOL MARJELLE\",\"item\":\"https:\/\/www.siceram.com\/en\/products\/pool-mosaic-pool-marjelle\/\"},{\"@type\":\"ListItem\",\"position\":4,\"name\":\"COLORS NIEBLA\"}]}]}<\/script>\n<!-- \/ Yoast SEO plugin. -->","yoast_head_json":{"title":"COLORS NIEBLA | SICERAM | Sp\u00e9cialiste en Rev\u00eatement mural et rev\u00eatement sol","robots":{"index":"index","follow":"follow","max-snippet":"max-snippet:-1","max-image-preview":"max-image-preview:large","max-video-preview":"max-video-preview:-1"},"canonical":"https:\/\/www.siceram.com\/en\/products\/pool-mosaic-pool-marjelle\/colors-niebla\/","og_locale":"en_US","og_type":"article","og_title":"COLORS NIEBLA | SICERAM | Sp\u00e9cialiste en Rev\u00eatement mural et rev\u00eatement sol","og_description":"[vc_row][vc_column][\/vc_column][\/vc_row]","og_url":"https:\/\/www.siceram.com\/en\/products\/pool-mosaic-pool-marjelle\/colors-niebla\/","og_site_name":"SICERAM | Sp\u00e9cialiste en Rev\u00eatement mural et rev\u00eatement sol","twitter_card":"summary_large_image","schema":{"@context":"https:\/\/schema.org","@graph":[{"@type":"WebSite","@id":"https:\/\/www.siceram.com\/#website","url":"https:\/\/www.siceram.com\/","name":"SICERAM | Sp\u00e9cialiste en Rev\u00eatement mural et rev\u00eatement sol","description":"Siceram","potentialAction":[{"@type":"SearchAction","target":{"@type":"EntryPoint","urlTemplate":"https:\/\/www.siceram.com\/?s={search_term_string}"},"query-input":"required name=search_term_string"}],"inLanguage":"en-US"},{"@type":"WebPage","@id":"https:\/\/www.siceram.com\/en\/products\/pool-mosaic-pool-marjelle\/colors-niebla\/#webpage","url":"https:\/\/www.siceram.com\/en\/products\/pool-mosaic-pool-marjelle\/colors-niebla\/","name":"COLORS NIEBLA | SICERAM | Sp\u00e9cialiste en Rev\u00eatement mural et rev\u00eatement sol","isPartOf":{"@id":"https:\/\/www.siceram.com\/#website"},"datePublished":"2021-09-27T14:09:05+00:00","dateModified":"2021-09-27T14:09:05+00:00","breadcrumb":{"@id":"https:\/\/www.siceram.com\/en\/products\/pool-mosaic-pool-marjelle\/colors-niebla\/#breadcrumb"},"inLanguage":"en-US","potentialAction":[{"@type":"ReadAction","target":["https:\/\/www.siceram.com\/en\/products\/pool-mosaic-pool-marjelle\/colors-niebla\/"]}]},{"@type":"BreadcrumbList","@id":"https:\/\/www.siceram.com\/en\/products\/pool-mosaic-pool-marjelle\/colors-niebla\/#breadcrumb","itemListElement":[{"@type":"ListItem","position":1,"name":"Accueil","item":"https:\/\/www.siceram.com\/en\/"},{"@type":"ListItem","position":2,"name":"Products","item":"https:\/\/www.siceram.com\/en\/products\/"},{"@type":"ListItem","position":3,"name":"POOL MOSAIC \/ POOL MARJELLE","item":"https:\/\/www.siceram.com\/en\/products\/pool-mosaic-pool-marjelle\/"},{"@type":"ListItem","position":4,"name":"COLORS NIEBLA"}]}]}},"_links":{"self":[{"href":"https:\/\/www.siceram.com\/en\/wp-json\/wp\/v2\/pages\/3770"}],"collection":[{"href":"https:\/\/www.siceram.com\/en\/wp-json\/wp\/v2\/pages"}],"about":[{"href":"https:\/\/www.siceram.com\/en\/wp-json\/wp\/v2\/types\/page"}],"author":[{"embeddable":true,"href":"https:\/\/www.siceram.com\/en\/wp-json\/wp\/v2\/users\/1"}],"replies":[{"embeddable":true,"href":"https:\/\/www.siceram.com\/en\/wp-json\/wp\/v2\/comments?post=3770"}],"version-history":[{"count":0,"href":"https:\/\/www.siceram.com\/en\/wp-json\/wp\/v2\/pages\/3770\/revisions"}],"up":[{"embeddable":true,"href":"https:\/\/www.siceram.com\/en\/wp-json\/wp\/v2\/pages\/2441"}],"wp:attachment":[{"href":"https:\/\/www.siceram.com\/en\/wp-json\/wp\/v2\/media?parent=3770"}],"curies":[{"name":"wp","href":"https:\/\/api.w.org\/{rel}","templated":true}]}}