{"id":3448,"date":"2021-09-24T16:38:01","date_gmt":"2021-09-24T14:38:01","guid":{"rendered":"https:\/\/www.siceram.com\/?page_id=3448"},"modified":"2021-09-24T16:38:01","modified_gmt":"2021-09-24T14:38:01","slug":"cement-glue","status":"publish","type":"page","link":"https:\/\/www.siceram.com\/en\/products\/cement-glue-and-tile-joint\/cement-glue\/","title":{"rendered":"Cement Glue"},"content":{"rendered":"<p>[vc_row][vc_column css=&#8221;.vc_custom_1631118019536{margin-top: 20px !important;}&#8221;]  \n\n\t<!-- Element: OT Portfolio Masonry -->\n\t<div class=\"projects-grid-wrapper\">\n\t\t<div class=\"projects-grid projects-load-ajax overlay_s1 pf_4_cols\" style=\"margin:5px;\">    \n\t\t\t<div class=\"project-item-sizer\"><\/div>\n\t            \n\t\t        <div class=\"project-item  none\">\n\t\t        \t<div class=\"projects-box\" style=\"margin:5px;\">\n\t\t\t\t\t\t<div class=\"projects-thumbnail\">\n\t\t\t\t\t\t\t\t\t\t\t\t\t\t\t<img width=\"800\" height=\"600\" src=\"https:\/\/www.siceram.com\/wp-content\/uploads\/2022\/01\/fm2000-1.jpg\" class=\"attachment-full size-full wp-post-image\" alt=\"ciment colle Tunisie\" loading=\"lazy\" srcset=\"https:\/\/www.siceram.com\/wp-content\/uploads\/2022\/01\/fm2000-1.jpg 800w, https:\/\/www.siceram.com\/wp-content\/uploads\/2022\/01\/fm2000-1-300x225.jpg 300w, https:\/\/www.siceram.com\/wp-content\/uploads\/2022\/01\/fm2000-1-768x576.jpg 768w\" sizes=\"(max-width: 800px) 100vw, 800px\" title=\"fm2000\" \/>\t\t\t\t\t\t\t\t\t\t\t\t\t<\/div>\t\t\t\t\t\t\t\n\t\t\t\t\t\t<a  href=\"https:\/\/www.siceram.com\/en\/portfolio\/fm-2000\/\">\n\t\t\t\t\t\t\t<span class=\"project-overlay\">\n\t\t\t\t\t\t\t\t<span class=\"project-name id-color\">Fm 2000<\/span>\t\n\t\t\t\t\t\t\t<\/span>\n\t\t\t\t\t\t<\/a>\t\n\t\t\t\t\t<\/div>\n\t\t        <\/div>\n\t            \n\t\t        <div class=\"project-item category-58 category-58 category-58 category-58 category-58 category-58  none\">\n\t\t        \t<div class=\"projects-box\" style=\"margin:5px;\">\n\t\t\t\t\t\t<div class=\"projects-thumbnail\">\n\t\t\t\t\t\t\t\t\t\t\t\t\t\t\t<img width=\"2000\" height=\"1500\" src=\"https:\/\/www.siceram.com\/wp-content\/uploads\/2021\/09\/FM-1000-GRI-min-1-500x500-3.jpg\" class=\"attachment-full size-full wp-post-image\" alt=\"\" loading=\"lazy\" srcset=\"https:\/\/www.siceram.com\/wp-content\/uploads\/2021\/09\/FM-1000-GRI-min-1-500x500-3.jpg 2000w, https:\/\/www.siceram.com\/wp-content\/uploads\/2021\/09\/FM-1000-GRI-min-1-500x500-3-300x225.jpg 300w, https:\/\/www.siceram.com\/wp-content\/uploads\/2021\/09\/FM-1000-GRI-min-1-500x500-3-1024x768.jpg 1024w, https:\/\/www.siceram.com\/wp-content\/uploads\/2021\/09\/FM-1000-GRI-min-1-500x500-3-768x576.jpg 768w, https:\/\/www.siceram.com\/wp-content\/uploads\/2021\/09\/FM-1000-GRI-min-1-500x500-3-1536x1152.jpg 1536w\" sizes=\"(max-width: 2000px) 100vw, 2000px\" title=\"FM-1000-GRI-min-1-500x500\" \/>\t\t\t\t\t\t\t\t\t\t\t\t\t<\/div>\t\t\t\t\t\t\t\n\t\t\t\t\t\t<a  href=\"https:\/\/www.siceram.com\/en\/portfolio\/fm-1000-white-25-kg\/\">\n\t\t\t\t\t\t\t<span class=\"project-overlay\">\n\t\t\t\t\t\t\t\t<span class=\"project-name id-color\">FM 1000 WHITE 25 KG<\/span>\t\n\t\t\t\t\t\t\t<\/span>\n\t\t\t\t\t\t<\/a>\t\n\t\t\t\t\t<\/div>\n\t\t        <\/div>\n\t            \n\t\t        <div class=\"project-item category-58 category-58 category-58 category-58 category-58 category-58  none\">\n\t\t        \t<div class=\"projects-box\" style=\"margin:5px;\">\n\t\t\t\t\t\t<div class=\"projects-thumbnail\">\n\t\t\t\t\t\t\t\t\t\t\t\t\t\t\t<img width=\"2000\" height=\"1500\" src=\"https:\/\/www.siceram.com\/wp-content\/uploads\/2021\/09\/0006558_fm-3000-blanc-25kg-deutsch_550-2-e1641889706630.jpg\" class=\"attachment-full size-full wp-post-image\" alt=\"carreaux joint Tunisie\" loading=\"lazy\" title=\"0006558_fm-3000-blanc-25kg-deutsch_550\" \/>\t\t\t\t\t\t\t\t\t\t\t\t\t<\/div>\t\t\t\t\t\t\t\n\t\t\t\t\t\t<a  href=\"https:\/\/www.siceram.com\/en\/portfolio\/fm-3000-white-25-kg\/\">\n\t\t\t\t\t\t\t<span class=\"project-overlay\">\n\t\t\t\t\t\t\t\t<span class=\"project-name id-color\">FM 3000 WHITE 25 KG<\/span>\t\n\t\t\t\t\t\t\t<\/span>\n\t\t\t\t\t\t<\/a>\t\n\t\t\t\t\t<\/div>\n\t\t        <\/div>\n\t            \n\t\t        <div class=\"project-item category-58 category-58 category-58 category-58 category-58 category-58  none\">\n\t\t        \t<div class=\"projects-box\" style=\"margin:5px;\">\n\t\t\t\t\t\t<div class=\"projects-thumbnail\">\n\t\t\t\t\t\t\t\t\t\t\t\t\t\t\t<img width=\"2000\" height=\"1500\" src=\"https:\/\/www.siceram.com\/wp-content\/uploads\/2021\/09\/unnamed-2.jpg\" class=\"attachment-full size-full wp-post-image\" alt=\"\" loading=\"lazy\" srcset=\"https:\/\/www.siceram.com\/wp-content\/uploads\/2021\/09\/unnamed-2.jpg 2000w, https:\/\/www.siceram.com\/wp-content\/uploads\/2021\/09\/unnamed-2-300x225.jpg 300w, https:\/\/www.siceram.com\/wp-content\/uploads\/2021\/09\/unnamed-2-1024x768.jpg 1024w, https:\/\/www.siceram.com\/wp-content\/uploads\/2021\/09\/unnamed-2-768x576.jpg 768w, https:\/\/www.siceram.com\/wp-content\/uploads\/2021\/09\/unnamed-2-1536x1152.jpg 1536w\" sizes=\"(max-width: 2000px) 100vw, 2000px\" title=\"unnamed\" \/>\t\t\t\t\t\t\t\t\t\t\t\t\t<\/div>\t\t\t\t\t\t\t\n\t\t\t\t\t\t<a  href=\"https:\/\/www.siceram.com\/en\/portfolio\/powerflex-k50-blanc-sac-20kg\/\">\n\t\t\t\t\t\t\t<span class=\"project-overlay\">\n\t\t\t\t\t\t\t\t<span class=\"project-name id-color\">POWERFLEX K50 BLANC SAC 20KG<\/span>\t\n\t\t\t\t\t\t\t<\/span>\n\t\t\t\t\t\t<\/a>\t\n\t\t\t\t\t<\/div>\n\t\t        <\/div>\n\t            \n\t\t        <div class=\"project-item category-58  none\">\n\t\t        \t<div class=\"projects-box\" style=\"margin:5px;\">\n\t\t\t\t\t\t<div class=\"projects-thumbnail\">\n\t\t\t\t\t\t\t\t\t\t\t\t\t\t\t<img width=\"2000\" height=\"1500\" src=\"https:\/\/www.siceram.com\/wp-content\/uploads\/2021\/09\/88f135a483ef01fac8d7b920488085e4_xl_1-1-e1641889599162.jpg\" class=\"attachment-full size-full wp-post-image\" alt=\"carreaux joint Tunisie\" loading=\"lazy\" title=\"88f135a483ef01fac8d7b920488085e4_xl_1\" \/>\t\t\t\t\t\t\t\t\t\t\t\t\t<\/div>\t\t\t\t\t\t\t\n\t\t\t\t\t\t<a  href=\"https:\/\/www.siceram.com\/en\/portfolio\/litoplus-k55-blanc-sac-20-kg\/\">\n\t\t\t\t\t\t\t<span class=\"project-overlay\">\n\t\t\t\t\t\t\t\t<span class=\"project-name id-color\">LITOPLUS K55 BLANC SAC 20 KG<\/span>\t\n\t\t\t\t\t\t\t<\/span>\n\t\t\t\t\t\t<\/a>\t\n\t\t\t\t\t<\/div>\n\t\t        <\/div>\n\t            \n\t\t        <div class=\"project-item category-99 category-99 category-99 category-99 category-99 category-99 category-99  none\">\n\t\t        \t<div class=\"projects-box\" style=\"margin:5px;\">\n\t\t\t\t\t\t<div class=\"projects-thumbnail\">\n\t\t\t\t\t\t\t\t\t\t\t\t\t\t\t<img width=\"2000\" height=\"1500\" src=\"https:\/\/www.siceram.com\/wp-content\/uploads\/2021\/09\/x11litokol_1-2.jpg\" class=\"attachment-full size-full wp-post-image\" alt=\"\" loading=\"lazy\" srcset=\"https:\/\/www.siceram.com\/wp-content\/uploads\/2021\/09\/x11litokol_1-2.jpg 2000w, https:\/\/www.siceram.com\/wp-content\/uploads\/2021\/09\/x11litokol_1-2-300x225.jpg 300w, https:\/\/www.siceram.com\/wp-content\/uploads\/2021\/09\/x11litokol_1-2-1024x768.jpg 1024w, https:\/\/www.siceram.com\/wp-content\/uploads\/2021\/09\/x11litokol_1-2-768x576.jpg 768w, https:\/\/www.siceram.com\/wp-content\/uploads\/2021\/09\/x11litokol_1-2-1536x1152.jpg 1536w\" sizes=\"(max-width: 2000px) 100vw, 2000px\" title=\"x11litokol_1\" \/>\t\t\t\t\t\t\t\t\t\t\t\t\t<\/div>\t\t\t\t\t\t\t\n\t\t\t\t\t\t<a  href=\"https:\/\/www.siceram.com\/en\/portfolio\/litokol-x12-blanc-sac-20kg\/\">\n\t\t\t\t\t\t\t<span class=\"project-overlay\">\n\t\t\t\t\t\t\t\t<span class=\"project-name id-color\">LITOKOL X12 BLANC SAC 20KG<\/span>\t\n\t\t\t\t\t\t\t<\/span>\n\t\t\t\t\t\t<\/a>\t\n\t\t\t\t\t<\/div>\n\t\t        <\/div>\n\t            \n\t\t        <div class=\"project-item category-99 category-99 category-99 category-99 category-99 category-99 category-99  none\">\n\t\t        \t<div class=\"projects-box\" style=\"margin:5px;\">\n\t\t\t\t\t\t<div class=\"projects-thumbnail\">\n\t\t\t\t\t\t\t\t\t\t\t\t\t\t\t<img width=\"2000\" height=\"1500\" src=\"https:\/\/www.siceram.com\/wp-content\/uploads\/2021\/09\/80-1000x1000-4-e1641889668519.jpg\" class=\"attachment-full size-full wp-post-image\" alt=\"carreaux joint Tunisie\" loading=\"lazy\" title=\"80-1000x1000\" \/>\t\t\t\t\t\t\t\t\t\t\t\t\t<\/div>\t\t\t\t\t\t\t\n\t\t\t\t\t\t<a  href=\"https:\/\/www.siceram.com\/en\/portfolio\/litoflex-k80-blanc-sac-25-kg\/\">\n\t\t\t\t\t\t\t<span class=\"project-overlay\">\n\t\t\t\t\t\t\t\t<span class=\"project-name id-color\">LITOFLEX K80 BLANC SAC 25 KG<\/span>\t\n\t\t\t\t\t\t\t<\/span>\n\t\t\t\t\t\t<\/a>\t\n\t\t\t\t\t<\/div>\n\t\t        <\/div>\n\t        \t    <\/div> \n\t<\/div>\n[\/vc_column][\/vc_row]<\/p>\n","protected":false},"excerpt":{"rendered":"<p>[vc_row][vc_column css=&#8221;.vc_custom_1631118019536{margin-top: 20px !important;}&#8221;][\/vc_column][\/vc_row]<\/p>\n","protected":false},"author":1,"featured_media":0,"parent":2437,"menu_order":43,"comment_status":"closed","ping_status":"closed","template":"","meta":[],"yoast_head":"<!-- This site is optimized with the Yoast SEO plugin v17.9 - https:\/\/yoast.com\/wordpress\/plugins\/seo\/ -->\n<title>Cement Glue | SICERAM | Sp\u00e9cialiste en Rev\u00eatement mural et rev\u00eatement sol<\/title>\n<meta name=\"robots\" content=\"index, follow, max-snippet:-1, max-image-preview:large, max-video-preview:-1\" \/>\n<link rel=\"canonical\" href=\"https:\/\/www.siceram.com\/en\/products\/cement-glue-and-tile-joint\/cement-glue\/\" \/>\n<meta property=\"og:locale\" content=\"en_US\" \/>\n<meta property=\"og:type\" content=\"article\" \/>\n<meta property=\"og:title\" content=\"Cement Glue | SICERAM | Sp\u00e9cialiste en Rev\u00eatement mural et rev\u00eatement sol\" \/>\n<meta property=\"og:description\" content=\"[vc_row][vc_column css=&#8221;.vc_custom_1631118019536{margin-top: 20px !important;}&#8221;][\/vc_column][\/vc_row]\" \/>\n<meta property=\"og:url\" content=\"https:\/\/www.siceram.com\/en\/products\/cement-glue-and-tile-joint\/cement-glue\/\" \/>\n<meta property=\"og:site_name\" content=\"SICERAM | Sp\u00e9cialiste en Rev\u00eatement mural et rev\u00eatement sol\" \/>\n<meta name=\"twitter:card\" content=\"summary_large_image\" \/>\n<script type=\"application\/ld+json\" class=\"yoast-schema-graph\">{\"@context\":\"https:\/\/schema.org\",\"@graph\":[{\"@type\":\"WebSite\",\"@id\":\"https:\/\/www.siceram.com\/#website\",\"url\":\"https:\/\/www.siceram.com\/\",\"name\":\"SICERAM | Sp\\u00e9cialiste en Rev\\u00eatement mural et rev\\u00eatement sol\",\"description\":\"Siceram\",\"potentialAction\":[{\"@type\":\"SearchAction\",\"target\":{\"@type\":\"EntryPoint\",\"urlTemplate\":\"https:\/\/www.siceram.com\/?s={search_term_string}\"},\"query-input\":\"required name=search_term_string\"}],\"inLanguage\":\"en-US\"},{\"@type\":\"WebPage\",\"@id\":\"https:\/\/www.siceram.com\/en\/products\/cement-glue-and-tile-joint\/cement-glue\/#webpage\",\"url\":\"https:\/\/www.siceram.com\/en\/products\/cement-glue-and-tile-joint\/cement-glue\/\",\"name\":\"Cement Glue | SICERAM | Sp\\u00e9cialiste en Rev\\u00eatement mural et rev\\u00eatement sol\",\"isPartOf\":{\"@id\":\"https:\/\/www.siceram.com\/#website\"},\"datePublished\":\"2021-09-24T14:38:01+00:00\",\"dateModified\":\"2021-09-24T14:38:01+00:00\",\"breadcrumb\":{\"@id\":\"https:\/\/www.siceram.com\/en\/products\/cement-glue-and-tile-joint\/cement-glue\/#breadcrumb\"},\"inLanguage\":\"en-US\",\"potentialAction\":[{\"@type\":\"ReadAction\",\"target\":[\"https:\/\/www.siceram.com\/en\/products\/cement-glue-and-tile-joint\/cement-glue\/\"]}]},{\"@type\":\"BreadcrumbList\",\"@id\":\"https:\/\/www.siceram.com\/en\/products\/cement-glue-and-tile-joint\/cement-glue\/#breadcrumb\",\"itemListElement\":[{\"@type\":\"ListItem\",\"position\":1,\"name\":\"Accueil\",\"item\":\"https:\/\/www.siceram.com\/en\/\"},{\"@type\":\"ListItem\",\"position\":2,\"name\":\"Products\",\"item\":\"https:\/\/www.siceram.com\/en\/products\/\"},{\"@type\":\"ListItem\",\"position\":3,\"name\":\"CEMENT GLUE AND TILE JOINT\",\"item\":\"https:\/\/www.siceram.com\/en\/products\/cement-glue-and-tile-joint\/\"},{\"@type\":\"ListItem\",\"position\":4,\"name\":\"Cement Glue\"}]}]}<\/script>\n<!-- \/ Yoast SEO plugin. -->","yoast_head_json":{"title":"Cement Glue | SICERAM | Sp\u00e9cialiste en Rev\u00eatement mural et rev\u00eatement sol","robots":{"index":"index","follow":"follow","max-snippet":"max-snippet:-1","max-image-preview":"max-image-preview:large","max-video-preview":"max-video-preview:-1"},"canonical":"https:\/\/www.siceram.com\/en\/products\/cement-glue-and-tile-joint\/cement-glue\/","og_locale":"en_US","og_type":"article","og_title":"Cement Glue | SICERAM | Sp\u00e9cialiste en Rev\u00eatement mural et rev\u00eatement sol","og_description":"[vc_row][vc_column css=&#8221;.vc_custom_1631118019536{margin-top: 20px !important;}&#8221;][\/vc_column][\/vc_row]","og_url":"https:\/\/www.siceram.com\/en\/products\/cement-glue-and-tile-joint\/cement-glue\/","og_site_name":"SICERAM | Sp\u00e9cialiste en Rev\u00eatement mural et rev\u00eatement sol","twitter_card":"summary_large_image","schema":{"@context":"https:\/\/schema.org","@graph":[{"@type":"WebSite","@id":"https:\/\/www.siceram.com\/#website","url":"https:\/\/www.siceram.com\/","name":"SICERAM | Sp\u00e9cialiste en Rev\u00eatement mural et rev\u00eatement sol","description":"Siceram","potentialAction":[{"@type":"SearchAction","target":{"@type":"EntryPoint","urlTemplate":"https:\/\/www.siceram.com\/?s={search_term_string}"},"query-input":"required name=search_term_string"}],"inLanguage":"en-US"},{"@type":"WebPage","@id":"https:\/\/www.siceram.com\/en\/products\/cement-glue-and-tile-joint\/cement-glue\/#webpage","url":"https:\/\/www.siceram.com\/en\/products\/cement-glue-and-tile-joint\/cement-glue\/","name":"Cement Glue | SICERAM | Sp\u00e9cialiste en Rev\u00eatement mural et rev\u00eatement sol","isPartOf":{"@id":"https:\/\/www.siceram.com\/#website"},"datePublished":"2021-09-24T14:38:01+00:00","dateModified":"2021-09-24T14:38:01+00:00","breadcrumb":{"@id":"https:\/\/www.siceram.com\/en\/products\/cement-glue-and-tile-joint\/cement-glue\/#breadcrumb"},"inLanguage":"en-US","potentialAction":[{"@type":"ReadAction","target":["https:\/\/www.siceram.com\/en\/products\/cement-glue-and-tile-joint\/cement-glue\/"]}]},{"@type":"BreadcrumbList","@id":"https:\/\/www.siceram.com\/en\/products\/cement-glue-and-tile-joint\/cement-glue\/#breadcrumb","itemListElement":[{"@type":"ListItem","position":1,"name":"Accueil","item":"https:\/\/www.siceram.com\/en\/"},{"@type":"ListItem","position":2,"name":"Products","item":"https:\/\/www.siceram.com\/en\/products\/"},{"@type":"ListItem","position":3,"name":"CEMENT GLUE AND TILE JOINT","item":"https:\/\/www.siceram.com\/en\/products\/cement-glue-and-tile-joint\/"},{"@type":"ListItem","position":4,"name":"Cement Glue"}]}]}},"_links":{"self":[{"href":"https:\/\/www.siceram.com\/en\/wp-json\/wp\/v2\/pages\/3448"}],"collection":[{"href":"https:\/\/www.siceram.com\/en\/wp-json\/wp\/v2\/pages"}],"about":[{"href":"https:\/\/www.siceram.com\/en\/wp-json\/wp\/v2\/types\/page"}],"author":[{"embeddable":true,"href":"https:\/\/www.siceram.com\/en\/wp-json\/wp\/v2\/users\/1"}],"replies":[{"embeddable":true,"href":"https:\/\/www.siceram.com\/en\/wp-json\/wp\/v2\/comments?post=3448"}],"version-history":[{"count":0,"href":"https:\/\/www.siceram.com\/en\/wp-json\/wp\/v2\/pages\/3448\/revisions"}],"up":[{"embeddable":true,"href":"https:\/\/www.siceram.com\/en\/wp-json\/wp\/v2\/pages\/2437"}],"wp:attachment":[{"href":"https:\/\/www.siceram.com\/en\/wp-json\/wp\/v2\/media?parent=3448"}],"curies":[{"name":"wp","href":"https:\/\/api.w.org\/{rel}","templated":true}]}}