{"id":3168,"date":"2021-09-22T19:06:33","date_gmt":"2021-09-22T17:06:33","guid":{"rendered":"https:\/\/www.siceram.com\/?page_id=3168"},"modified":"2021-09-22T19:06:33","modified_gmt":"2021-09-22T17:06:33","slug":"rock","status":"publish","type":"page","link":"https:\/\/www.siceram.com\/en\/products\/sandstone\/rock\/","title":{"rendered":"Rock"},"content":{"rendered":"<p>[vc_row][vc_column css=&#8221;.vc_custom_1631118019536{margin-top: 20px !important;}&#8221;]  \n\n\t<!-- Element: OT Portfolio Masonry -->\n\t<div class=\"projects-grid-wrapper\">\n\t\t<div class=\"projects-grid projects-load-ajax overlay_s1 pf_4_cols\" style=\"margin:5px;\">    \n\t\t\t<div class=\"project-item-sizer\"><\/div>\n\t            \n\t\t        <div class=\"project-item  none\">\n\t\t        \t<div class=\"projects-box\" style=\"margin:5px;\">\n\t\t\t\t\t\t<div class=\"projects-thumbnail\">\n\t\t\t\t\t\t\t\t\t\t\t\t\t\t\t<img width=\"2000\" height=\"1500\" src=\"https:\/\/www.siceram.com\/wp-content\/uploads\/2021\/10\/WABI-BIANCO-1-e1641852246958.jpg\" class=\"attachment-full size-full wp-post-image\" alt=\"Gr\u00e8s Tunisie\" loading=\"lazy\" title=\"WABI-BIANCO\" \/>\t\t\t\t\t\t\t\t\t\t\t\t\t<\/div>\t\t\t\t\t\t\t\n\t\t\t\t\t\t<a  href=\"https:\/\/www.siceram.com\/en\/portfolio\/gres-wabi-bianco-rect\/\">\n\t\t\t\t\t\t\t<span class=\"project-overlay\">\n\t\t\t\t\t\t\t\t<span class=\"project-name id-color\">GRES WABI BIANCO RECT<\/span>\t\n\t\t\t\t\t\t\t<\/span>\n\t\t\t\t\t\t<\/a>\t\n\t\t\t\t\t<\/div>\n\t\t        <\/div>\n\t            \n\t\t        <div class=\"project-item  none\">\n\t\t        \t<div class=\"projects-box\" style=\"margin:5px;\">\n\t\t\t\t\t\t<div class=\"projects-thumbnail\">\n\t\t\t\t\t\t\t\t\t\t\t\t\t\t\t<img width=\"2000\" height=\"1500\" src=\"https:\/\/www.siceram.com\/wp-content\/uploads\/2021\/10\/WABI-SABI-GRAPHITE-e1641852314244.jpg\" class=\"attachment-full size-full wp-post-image\" alt=\"Gr\u00e8s Tunisie\" loading=\"lazy\" title=\"WABI-SABI-GRAPHITE\" \/>\t\t\t\t\t\t\t\t\t\t\t\t\t<\/div>\t\t\t\t\t\t\t\n\t\t\t\t\t\t<a  href=\"https:\/\/www.siceram.com\/en\/portfolio\/gres-wabi-sabi-grafite-rect\/\">\n\t\t\t\t\t\t\t<span class=\"project-overlay\">\n\t\t\t\t\t\t\t\t<span class=\"project-name id-color\">GRES WABI SABI GRAFITE RECT<\/span>\t\n\t\t\t\t\t\t\t<\/span>\n\t\t\t\t\t\t<\/a>\t\n\t\t\t\t\t<\/div>\n\t\t        <\/div>\n\t            \n\t\t        <div class=\"project-item  none\">\n\t\t        \t<div class=\"projects-box\" style=\"margin:5px;\">\n\t\t\t\t\t\t<div class=\"projects-thumbnail\">\n\t\t\t\t\t\t\t\t\t\t\t\t\t\t\t<img width=\"2000\" height=\"1500\" src=\"https:\/\/www.siceram.com\/wp-content\/uploads\/2021\/10\/WABI-SABBIA-RECT-e1641852324144.jpg\" class=\"attachment-full size-full wp-post-image\" alt=\"Gr\u00e8s Tunisie\" loading=\"lazy\" title=\"WABI-SABBIA-RECT\" \/>\t\t\t\t\t\t\t\t\t\t\t\t\t<\/div>\t\t\t\t\t\t\t\n\t\t\t\t\t\t<a  href=\"https:\/\/www.siceram.com\/en\/portfolio\/gres-wabi-sabbia-rect\/\">\n\t\t\t\t\t\t\t<span class=\"project-overlay\">\n\t\t\t\t\t\t\t\t<span class=\"project-name id-color\">GRES WABI SABBIA RECT<\/span>\t\n\t\t\t\t\t\t\t<\/span>\n\t\t\t\t\t\t<\/a>\t\n\t\t\t\t\t<\/div>\n\t\t        <\/div>\n\t            \n\t\t        <div class=\"project-item  none\">\n\t\t        \t<div class=\"projects-box\" style=\"margin:5px;\">\n\t\t\t\t\t\t<div class=\"projects-thumbnail\">\n\t\t\t\t\t\t\t\t\t\t\t\t\t\t\t<img width=\"2000\" height=\"1500\" src=\"https:\/\/www.siceram.com\/wp-content\/uploads\/2021\/10\/WABI-SABI-TAUPE-e1641852339329.jpg\" class=\"attachment-full size-full wp-post-image\" alt=\"Gr\u00e8s Tunisie\" loading=\"lazy\" title=\"WABI-SABI-TAUPE\" \/>\t\t\t\t\t\t\t\t\t\t\t\t\t<\/div>\t\t\t\t\t\t\t\n\t\t\t\t\t\t<a  href=\"https:\/\/www.siceram.com\/en\/portfolio\/gres-wabi-sabi-taupe-rect-2\/\">\n\t\t\t\t\t\t\t<span class=\"project-overlay\">\n\t\t\t\t\t\t\t\t<span class=\"project-name id-color\">GRES WABI SABI TAUPE RECT<\/span>\t\n\t\t\t\t\t\t\t<\/span>\n\t\t\t\t\t\t<\/a>\t\n\t\t\t\t\t<\/div>\n\t\t        <\/div>\n\t            \n\t\t        <div class=\"project-item  none\">\n\t\t        \t<div class=\"projects-box\" style=\"margin:5px;\">\n\t\t\t\t\t\t<div class=\"projects-thumbnail\">\n\t\t\t\t\t\t\t\t\t\t\t\t\t\t\t<img width=\"2000\" height=\"1500\" src=\"https:\/\/www.siceram.com\/wp-content\/uploads\/2021\/09\/45X45-LOIRA-BIANCO.jpg\" class=\"attachment-full size-full wp-post-image\" alt=\"Gr\u00e8s Tunisie\" loading=\"lazy\" srcset=\"https:\/\/www.siceram.com\/wp-content\/uploads\/2021\/09\/45X45-LOIRA-BIANCO.jpg 2000w, https:\/\/www.siceram.com\/wp-content\/uploads\/2021\/09\/45X45-LOIRA-BIANCO-300x225.jpg 300w, https:\/\/www.siceram.com\/wp-content\/uploads\/2021\/09\/45X45-LOIRA-BIANCO-1024x768.jpg 1024w, https:\/\/www.siceram.com\/wp-content\/uploads\/2021\/09\/45X45-LOIRA-BIANCO-768x576.jpg 768w, https:\/\/www.siceram.com\/wp-content\/uploads\/2021\/09\/45X45-LOIRA-BIANCO-1536x1152.jpg 1536w\" sizes=\"(max-width: 2000px) 100vw, 2000px\" title=\"45X45-LOIRA-BIANCO\" \/>\t\t\t\t\t\t\t\t\t\t\t\t\t<\/div>\t\t\t\t\t\t\t\n\t\t\t\t\t\t<a  href=\"https:\/\/www.siceram.com\/en\/portfolio\/gres-45-45-loira\/\">\n\t\t\t\t\t\t\t<span class=\"project-overlay\">\n\t\t\t\t\t\t\t\t<span class=\"project-name id-color\">GRES 45\/45 LOIRA<\/span>\t\n\t\t\t\t\t\t\t<\/span>\n\t\t\t\t\t\t<\/a>\t\n\t\t\t\t\t<\/div>\n\t\t        <\/div>\n\t            \n\t\t        <div class=\"project-item category-60 category-60 category-60 category-60 category-60 category-60 category-60 category-60 category-60 category-60 category-60 category-60  none\">\n\t\t        \t<div class=\"projects-box\" style=\"margin:5px;\">\n\t\t\t\t\t\t<div class=\"projects-thumbnail\">\n\t\t\t\t\t\t\t\t\t\t\t\t\t\t\t<img width=\"2000\" height=\"1500\" src=\"https:\/\/www.siceram.com\/wp-content\/uploads\/2021\/09\/LIGHT-e1641852551381.jpg\" class=\"attachment-full size-full wp-post-image\" alt=\"Gr\u00e8s Tunisie\" loading=\"lazy\" title=\"LIGHT\" \/>\t\t\t\t\t\t\t\t\t\t\t\t\t<\/div>\t\t\t\t\t\t\t\n\t\t\t\t\t\t<a  href=\"https:\/\/www.siceram.com\/en\/portfolio\/gres-start-light\/\">\n\t\t\t\t\t\t\t<span class=\"project-overlay\">\n\t\t\t\t\t\t\t\t<span class=\"project-name id-color\">GRES START LIGHT<\/span>\t\n\t\t\t\t\t\t\t<\/span>\n\t\t\t\t\t\t<\/a>\t\n\t\t\t\t\t<\/div>\n\t\t        <\/div>\n\t            \n\t\t        <div class=\"project-item category-60 category-60 category-60 category-60 category-60 category-60 category-60 category-60 category-60 category-60 category-60 category-60  none\">\n\t\t        \t<div class=\"projects-box\" style=\"margin:5px;\">\n\t\t\t\t\t\t<div class=\"projects-thumbnail\">\n\t\t\t\t\t\t\t\t\t\t\t\t\t\t\t<img width=\"2000\" height=\"1500\" src=\"https:\/\/www.siceram.com\/wp-content\/uploads\/2021\/09\/CUBICS-e1641852351656.jpg\" class=\"attachment-full size-full wp-post-image\" alt=\"Gr\u00e8s Tunisie\" loading=\"lazy\" title=\"CUBICS\" \/>\t\t\t\t\t\t\t\t\t\t\t\t\t<\/div>\t\t\t\t\t\t\t\n\t\t\t\t\t\t<a  href=\"https:\/\/www.siceram.com\/en\/portfolio\/gres-15-61-cubics\/\">\n\t\t\t\t\t\t\t<span class=\"project-overlay\">\n\t\t\t\t\t\t\t\t<span class=\"project-name id-color\">GRES 15\/61 CUBICS<\/span>\t\n\t\t\t\t\t\t\t<\/span>\n\t\t\t\t\t\t<\/a>\t\n\t\t\t\t\t<\/div>\n\t\t        <\/div>\n\t            \n\t\t        <div class=\"project-item category-60 category-60 category-60 category-60 category-60 category-60 category-60 category-60 category-60 category-60 category-60 category-60  none\">\n\t\t        \t<div class=\"projects-box\" style=\"margin:5px;\">\n\t\t\t\t\t\t<div class=\"projects-thumbnail\">\n\t\t\t\t\t\t\t\t\t\t\t\t\t\t\t<img width=\"2000\" height=\"1500\" src=\"https:\/\/www.siceram.com\/wp-content\/uploads\/2021\/09\/TOPO-e1641852526127.jpg\" class=\"attachment-full size-full wp-post-image\" alt=\"Gr\u00e8s Tunisie\" loading=\"lazy\" title=\"TOPO\" \/>\t\t\t\t\t\t\t\t\t\t\t\t\t<\/div>\t\t\t\t\t\t\t\n\t\t\t\t\t\t<a  href=\"https:\/\/www.siceram.com\/en\/portfolio\/gres-start-taupe\/\">\n\t\t\t\t\t\t\t<span class=\"project-overlay\">\n\t\t\t\t\t\t\t\t<span class=\"project-name id-color\">GRES START TAUPE<\/span>\t\n\t\t\t\t\t\t\t<\/span>\n\t\t\t\t\t\t<\/a>\t\n\t\t\t\t\t<\/div>\n\t\t        <\/div>\n\t            \n\t\t        <div class=\"project-item category-61  none\">\n\t\t        \t<div class=\"projects-box\" style=\"margin:5px;\">\n\t\t\t\t\t\t<div class=\"projects-thumbnail\">\n\t\t\t\t\t\t\t\t\t\t\t\t\t\t\t<img width=\"2000\" height=\"1500\" src=\"https:\/\/www.siceram.com\/wp-content\/uploads\/2021\/09\/apeeeeeee.jpg\" class=\"attachment-full size-full wp-post-image\" alt=\"\" loading=\"lazy\" srcset=\"https:\/\/www.siceram.com\/wp-content\/uploads\/2021\/09\/apeeeeeee.jpg 2000w, https:\/\/www.siceram.com\/wp-content\/uploads\/2021\/09\/apeeeeeee-300x225.jpg 300w, https:\/\/www.siceram.com\/wp-content\/uploads\/2021\/09\/apeeeeeee-1024x768.jpg 1024w, https:\/\/www.siceram.com\/wp-content\/uploads\/2021\/09\/apeeeeeee-768x576.jpg 768w, https:\/\/www.siceram.com\/wp-content\/uploads\/2021\/09\/apeeeeeee-1536x1152.jpg 1536w\" sizes=\"(max-width: 2000px) 100vw, 2000px\" title=\"apeeeeeee\" \/>\t\t\t\t\t\t\t\t\t\t\t\t\t<\/div>\t\t\t\t\t\t\t\n\t\t\t\t\t\t<a  href=\"https:\/\/www.siceram.com\/en\/portfolio\/gres-pierre-de-bali-mix\/\">\n\t\t\t\t\t\t\t<span class=\"project-overlay\">\n\t\t\t\t\t\t\t\t<span class=\"project-name id-color\">GRES PIERRE DE BALI MIX<\/span>\t\n\t\t\t\t\t\t\t<\/span>\n\t\t\t\t\t\t<\/a>\t\n\t\t\t\t\t<\/div>\n\t\t        <\/div>\n\t            \n\t\t        <div class=\"project-item category-61  none\">\n\t\t        \t<div class=\"projects-box\" style=\"margin:5px;\">\n\t\t\t\t\t\t<div class=\"projects-thumbnail\">\n\t\t\t\t\t\t\t\t\t\t\t\t\t\t\t<img width=\"2000\" height=\"1500\" src=\"https:\/\/www.siceram.com\/wp-content\/uploads\/2021\/09\/RAPOLANDO-2-e1641850747129.jpg\" class=\"attachment-full size-full wp-post-image\" alt=\"Gr\u00e8s Tunisie\" loading=\"lazy\" title=\"RAPOLANDO-2\" \/>\t\t\t\t\t\t\t\t\t\t\t\t\t<\/div>\t\t\t\t\t\t\t\n\t\t\t\t\t\t<a  href=\"https:\/\/www.siceram.com\/en\/portfolio\/gres-30-3-61-3-rapolano\/\">\n\t\t\t\t\t\t\t<span class=\"project-overlay\">\n\t\t\t\t\t\t\t\t<span class=\"project-name id-color\">GRES 30.3\/61.3 RAPOLANO<\/span>\t\n\t\t\t\t\t\t\t<\/span>\n\t\t\t\t\t\t<\/a>\t\n\t\t\t\t\t<\/div>\n\t\t        <\/div>\n\t            \n\t\t        <div class=\"project-item category-61  none\">\n\t\t        \t<div class=\"projects-box\" style=\"margin:5px;\">\n\t\t\t\t\t\t<div class=\"projects-thumbnail\">\n\t\t\t\t\t\t\t\t\t\t\t\t\t\t\t<img width=\"2000\" height=\"1500\" src=\"https:\/\/www.siceram.com\/wp-content\/uploads\/2021\/09\/90X90-TERRAZO-GRIS-e1641887367932.jpg\" class=\"attachment-full size-full wp-post-image\" alt=\"Gr\u00e8s Tunisie\" loading=\"lazy\" title=\"90X90-TERRAZO-GRIS\" \/>\t\t\t\t\t\t\t\t\t\t\t\t\t<\/div>\t\t\t\t\t\t\t\n\t\t\t\t\t\t<a  href=\"https:\/\/www.siceram.com\/en\/portfolio\/gres-90-90-terrazzo-rect\/\">\n\t\t\t\t\t\t\t<span class=\"project-overlay\">\n\t\t\t\t\t\t\t\t<span class=\"project-name id-color\">GRES 90\/90 TERRAZZO RECT<\/span>\t\n\t\t\t\t\t\t\t<\/span>\n\t\t\t\t\t\t<\/a>\t\n\t\t\t\t\t<\/div>\n\t\t        <\/div>\n\t            \n\t\t        <div class=\"project-item category-91 category-91 category-91 category-91 category-91 category-91 category-91 category-91 category-91 category-91 category-91 category-91 category-91  none\">\n\t\t        \t<div class=\"projects-box\" style=\"margin:5px;\">\n\t\t\t\t\t\t<div class=\"projects-thumbnail\">\n\t\t\t\t\t\t\t\t\t\t\t\t\t\t\t<img width=\"2000\" height=\"1500\" src=\"https:\/\/www.siceram.com\/wp-content\/uploads\/2021\/09\/MUD-AMBIANCE-e1641852538676.jpg\" class=\"attachment-full size-full wp-post-image\" alt=\"Gr\u00e8s Tunisie\" loading=\"lazy\" title=\"MUD-AMBIANCE\" \/>\t\t\t\t\t\t\t\t\t\t\t\t\t<\/div>\t\t\t\t\t\t\t\n\t\t\t\t\t\t<a  href=\"https:\/\/www.siceram.com\/en\/portfolio\/gres-start-mud\/\">\n\t\t\t\t\t\t\t<span class=\"project-overlay\">\n\t\t\t\t\t\t\t\t<span class=\"project-name id-color\">GRES START MUD<\/span>\t\n\t\t\t\t\t\t\t<\/span>\n\t\t\t\t\t\t<\/a>\t\n\t\t\t\t\t<\/div>\n\t\t        <\/div>\n\t            \n\t\t        <div class=\"project-item category-60  none\">\n\t\t        \t<div class=\"projects-box\" style=\"margin:5px;\">\n\t\t\t\t\t\t<div class=\"projects-thumbnail\">\n\t\t\t\t\t\t\t\t\t\t\t\t\t\t\t<img width=\"2000\" height=\"1500\" src=\"https:\/\/www.siceram.com\/wp-content\/uploads\/2021\/09\/ANAYA-e1641851133264.jpg\" class=\"attachment-full size-full wp-post-image\" alt=\"Gr\u00e8s Tunisie\" loading=\"lazy\" title=\"ANAYA\" \/>\t\t\t\t\t\t\t\t\t\t\t\t\t<\/div>\t\t\t\t\t\t\t\n\t\t\t\t\t\t<a  href=\"https:\/\/www.siceram.com\/en\/portfolio\/gres-30-3-61-3-anaya\/\">\n\t\t\t\t\t\t\t<span class=\"project-overlay\">\n\t\t\t\t\t\t\t\t<span class=\"project-name id-color\">GRES 30.3\/61.3 ANAYA<\/span>\t\n\t\t\t\t\t\t\t<\/span>\n\t\t\t\t\t\t<\/a>\t\n\t\t\t\t\t<\/div>\n\t\t        <\/div>\n\t        \t    <\/div> \n\t<\/div>\n[\/vc_column][\/vc_row]<\/p>\n","protected":false},"excerpt":{"rendered":"<p>[vc_row][vc_column css=&#8221;.vc_custom_1631118019536{margin-top: 20px !important;}&#8221;][\/vc_column][\/vc_row]<\/p>\n","protected":false},"author":1,"featured_media":0,"parent":2435,"menu_order":45,"comment_status":"closed","ping_status":"closed","template":"","meta":[],"yoast_head":"<!-- This site is optimized with the Yoast SEO plugin v17.9 - https:\/\/yoast.com\/wordpress\/plugins\/seo\/ -->\n<title>Rock | SICERAM | Sp\u00e9cialiste en Rev\u00eatement mural et rev\u00eatement sol<\/title>\n<meta name=\"robots\" content=\"index, follow, max-snippet:-1, max-image-preview:large, max-video-preview:-1\" \/>\n<link rel=\"canonical\" href=\"https:\/\/www.siceram.com\/en\/products\/sandstone\/rock\/\" \/>\n<meta property=\"og:locale\" content=\"en_US\" \/>\n<meta property=\"og:type\" content=\"article\" \/>\n<meta property=\"og:title\" content=\"Rock | SICERAM | Sp\u00e9cialiste en Rev\u00eatement mural et rev\u00eatement sol\" \/>\n<meta property=\"og:description\" content=\"[vc_row][vc_column css=&#8221;.vc_custom_1631118019536{margin-top: 20px !important;}&#8221;][\/vc_column][\/vc_row]\" \/>\n<meta property=\"og:url\" content=\"https:\/\/www.siceram.com\/en\/products\/sandstone\/rock\/\" \/>\n<meta property=\"og:site_name\" content=\"SICERAM | Sp\u00e9cialiste en Rev\u00eatement mural et rev\u00eatement sol\" \/>\n<meta name=\"twitter:card\" content=\"summary_large_image\" \/>\n<script type=\"application\/ld+json\" class=\"yoast-schema-graph\">{\"@context\":\"https:\/\/schema.org\",\"@graph\":[{\"@type\":\"WebSite\",\"@id\":\"https:\/\/www.siceram.com\/#website\",\"url\":\"https:\/\/www.siceram.com\/\",\"name\":\"SICERAM | Sp\\u00e9cialiste en Rev\\u00eatement mural et rev\\u00eatement sol\",\"description\":\"Siceram\",\"potentialAction\":[{\"@type\":\"SearchAction\",\"target\":{\"@type\":\"EntryPoint\",\"urlTemplate\":\"https:\/\/www.siceram.com\/?s={search_term_string}\"},\"query-input\":\"required name=search_term_string\"}],\"inLanguage\":\"en-US\"},{\"@type\":\"WebPage\",\"@id\":\"https:\/\/www.siceram.com\/en\/products\/sandstone\/rock\/#webpage\",\"url\":\"https:\/\/www.siceram.com\/en\/products\/sandstone\/rock\/\",\"name\":\"Rock | SICERAM | Sp\\u00e9cialiste en Rev\\u00eatement mural et rev\\u00eatement sol\",\"isPartOf\":{\"@id\":\"https:\/\/www.siceram.com\/#website\"},\"datePublished\":\"2021-09-22T17:06:33+00:00\",\"dateModified\":\"2021-09-22T17:06:33+00:00\",\"breadcrumb\":{\"@id\":\"https:\/\/www.siceram.com\/en\/products\/sandstone\/rock\/#breadcrumb\"},\"inLanguage\":\"en-US\",\"potentialAction\":[{\"@type\":\"ReadAction\",\"target\":[\"https:\/\/www.siceram.com\/en\/products\/sandstone\/rock\/\"]}]},{\"@type\":\"BreadcrumbList\",\"@id\":\"https:\/\/www.siceram.com\/en\/products\/sandstone\/rock\/#breadcrumb\",\"itemListElement\":[{\"@type\":\"ListItem\",\"position\":1,\"name\":\"Accueil\",\"item\":\"https:\/\/www.siceram.com\/en\/\"},{\"@type\":\"ListItem\",\"position\":2,\"name\":\"Products\",\"item\":\"https:\/\/www.siceram.com\/en\/products\/\"},{\"@type\":\"ListItem\",\"position\":3,\"name\":\"SANDSTONE\",\"item\":\"https:\/\/www.siceram.com\/en\/products\/sandstone\/\"},{\"@type\":\"ListItem\",\"position\":4,\"name\":\"Rock\"}]}]}<\/script>\n<!-- \/ Yoast SEO plugin. -->","yoast_head_json":{"title":"Rock | SICERAM | Sp\u00e9cialiste en Rev\u00eatement mural et rev\u00eatement sol","robots":{"index":"index","follow":"follow","max-snippet":"max-snippet:-1","max-image-preview":"max-image-preview:large","max-video-preview":"max-video-preview:-1"},"canonical":"https:\/\/www.siceram.com\/en\/products\/sandstone\/rock\/","og_locale":"en_US","og_type":"article","og_title":"Rock | SICERAM | Sp\u00e9cialiste en Rev\u00eatement mural et rev\u00eatement sol","og_description":"[vc_row][vc_column css=&#8221;.vc_custom_1631118019536{margin-top: 20px !important;}&#8221;][\/vc_column][\/vc_row]","og_url":"https:\/\/www.siceram.com\/en\/products\/sandstone\/rock\/","og_site_name":"SICERAM | Sp\u00e9cialiste en Rev\u00eatement mural et rev\u00eatement sol","twitter_card":"summary_large_image","schema":{"@context":"https:\/\/schema.org","@graph":[{"@type":"WebSite","@id":"https:\/\/www.siceram.com\/#website","url":"https:\/\/www.siceram.com\/","name":"SICERAM | Sp\u00e9cialiste en Rev\u00eatement mural et rev\u00eatement sol","description":"Siceram","potentialAction":[{"@type":"SearchAction","target":{"@type":"EntryPoint","urlTemplate":"https:\/\/www.siceram.com\/?s={search_term_string}"},"query-input":"required name=search_term_string"}],"inLanguage":"en-US"},{"@type":"WebPage","@id":"https:\/\/www.siceram.com\/en\/products\/sandstone\/rock\/#webpage","url":"https:\/\/www.siceram.com\/en\/products\/sandstone\/rock\/","name":"Rock | SICERAM | Sp\u00e9cialiste en Rev\u00eatement mural et rev\u00eatement sol","isPartOf":{"@id":"https:\/\/www.siceram.com\/#website"},"datePublished":"2021-09-22T17:06:33+00:00","dateModified":"2021-09-22T17:06:33+00:00","breadcrumb":{"@id":"https:\/\/www.siceram.com\/en\/products\/sandstone\/rock\/#breadcrumb"},"inLanguage":"en-US","potentialAction":[{"@type":"ReadAction","target":["https:\/\/www.siceram.com\/en\/products\/sandstone\/rock\/"]}]},{"@type":"BreadcrumbList","@id":"https:\/\/www.siceram.com\/en\/products\/sandstone\/rock\/#breadcrumb","itemListElement":[{"@type":"ListItem","position":1,"name":"Accueil","item":"https:\/\/www.siceram.com\/en\/"},{"@type":"ListItem","position":2,"name":"Products","item":"https:\/\/www.siceram.com\/en\/products\/"},{"@type":"ListItem","position":3,"name":"SANDSTONE","item":"https:\/\/www.siceram.com\/en\/products\/sandstone\/"},{"@type":"ListItem","position":4,"name":"Rock"}]}]}},"_links":{"self":[{"href":"https:\/\/www.siceram.com\/en\/wp-json\/wp\/v2\/pages\/3168"}],"collection":[{"href":"https:\/\/www.siceram.com\/en\/wp-json\/wp\/v2\/pages"}],"about":[{"href":"https:\/\/www.siceram.com\/en\/wp-json\/wp\/v2\/types\/page"}],"author":[{"embeddable":true,"href":"https:\/\/www.siceram.com\/en\/wp-json\/wp\/v2\/users\/1"}],"replies":[{"embeddable":true,"href":"https:\/\/www.siceram.com\/en\/wp-json\/wp\/v2\/comments?post=3168"}],"version-history":[{"count":0,"href":"https:\/\/www.siceram.com\/en\/wp-json\/wp\/v2\/pages\/3168\/revisions"}],"up":[{"embeddable":true,"href":"https:\/\/www.siceram.com\/en\/wp-json\/wp\/v2\/pages\/2435"}],"wp:attachment":[{"href":"https:\/\/www.siceram.com\/en\/wp-json\/wp\/v2\/media?parent=3168"}],"curies":[{"name":"wp","href":"https:\/\/api.w.org\/{rel}","templated":true}]}}