{"id":3153,"date":"2021-09-22T18:58:09","date_gmt":"2021-09-22T16:58:09","guid":{"rendered":"https:\/\/www.siceram.com\/?page_id=3153"},"modified":"2021-09-22T18:58:09","modified_gmt":"2021-09-22T16:58:09","slug":"concrete","status":"publish","type":"page","link":"https:\/\/www.siceram.com\/en\/products\/sandstone\/concrete\/","title":{"rendered":"Concrete"},"content":{"rendered":"<p>[vc_row][vc_column css=&#8221;.vc_custom_1631118019536{margin-top: 20px !important;}&#8221;]  \n\n\t<!-- Element: OT Portfolio Masonry -->\n\t<div class=\"projects-grid-wrapper\">\n\t\t<div class=\"projects-grid projects-load-ajax overlay_s1 pf_4_cols\" style=\"margin:5px;\">    \n\t\t\t<div class=\"project-item-sizer\"><\/div>\n\t            \n\t\t        <div class=\"project-item category-85 category-60 category-85 category-60 category-85  none\">\n\t\t        \t<div class=\"projects-box\" style=\"margin:5px;\">\n\t\t\t\t\t\t<div class=\"projects-thumbnail\">\n\t\t\t\t\t\t\t\t\t\t\t\t\t\t\t<img width=\"2000\" height=\"1500\" src=\"https:\/\/www.siceram.com\/wp-content\/uploads\/2021\/09\/city-e1641851147757.jpg\" class=\"attachment-full size-full wp-post-image\" alt=\"Gr\u00e8s Tunisie\" loading=\"lazy\" title=\"city\" \/>\t\t\t\t\t\t\t\t\t\t\t\t\t<\/div>\t\t\t\t\t\t\t\n\t\t\t\t\t\t<a  href=\"https:\/\/www.siceram.com\/en\/portfolio\/gres-40-80-city\/\">\n\t\t\t\t\t\t\t<span class=\"project-overlay\">\n\t\t\t\t\t\t\t\t<span class=\"project-name id-color\">GRES 40\/80 CITY<\/span>\t\n\t\t\t\t\t\t\t<\/span>\n\t\t\t\t\t\t<\/a>\t\n\t\t\t\t\t<\/div>\n\t\t        <\/div>\n\t            \n\t\t        <div class=\"project-item category-60  none\">\n\t\t        \t<div class=\"projects-box\" style=\"margin:5px;\">\n\t\t\t\t\t\t<div class=\"projects-thumbnail\">\n\t\t\t\t\t\t\t\t\t\t\t\t\t\t\t<img width=\"2000\" height=\"1500\" src=\"https:\/\/www.siceram.com\/wp-content\/uploads\/2021\/09\/RIVER-e1641850913361.jpg\" class=\"attachment-full size-full wp-post-image\" alt=\"Gr\u00e8s Tunisie\" loading=\"lazy\" title=\"RIVER\" \/>\t\t\t\t\t\t\t\t\t\t\t\t\t<\/div>\t\t\t\t\t\t\t\n\t\t\t\t\t\t<a  href=\"https:\/\/www.siceram.com\/en\/portfolio\/gres-45-90-river\/\">\n\t\t\t\t\t\t\t<span class=\"project-overlay\">\n\t\t\t\t\t\t\t\t<span class=\"project-name id-color\">GRES 45\/90 RIVER<\/span>\t\n\t\t\t\t\t\t\t<\/span>\n\t\t\t\t\t\t<\/a>\t\n\t\t\t\t\t<\/div>\n\t\t        <\/div>\n\t            \n\t\t        <div class=\"project-item category-60  none\">\n\t\t        \t<div class=\"projects-box\" style=\"margin:5px;\">\n\t\t\t\t\t\t<div class=\"projects-thumbnail\">\n\t\t\t\t\t\t\t\t\t\t\t\t\t\t\t<img width=\"2000\" height=\"1500\" src=\"https:\/\/www.siceram.com\/wp-content\/uploads\/2021\/09\/ARWEN-e1641851897649.jpg\" class=\"attachment-full size-full wp-post-image\" alt=\"\" loading=\"lazy\" title=\"ARWEN\" \/>\t\t\t\t\t\t\t\t\t\t\t\t\t<\/div>\t\t\t\t\t\t\t\n\t\t\t\t\t\t<a  href=\"https:\/\/www.siceram.com\/en\/portfolio\/gres-75-75-arwen-grey-mat-rec\/\">\n\t\t\t\t\t\t\t<span class=\"project-overlay\">\n\t\t\t\t\t\t\t\t<span class=\"project-name id-color\">GRES 75\/75 ARWEN GREY MAT REC<\/span>\t\n\t\t\t\t\t\t\t<\/span>\n\t\t\t\t\t\t<\/a>\t\n\t\t\t\t\t<\/div>\n\t\t        <\/div>\n\t        \t    <\/div> \n\t<\/div>\n[\/vc_column][\/vc_row]<\/p>\n","protected":false},"excerpt":{"rendered":"<p>[vc_row][vc_column css=&#8221;.vc_custom_1631118019536{margin-top: 20px !important;}&#8221;][\/vc_column][\/vc_row]<\/p>\n","protected":false},"author":1,"featured_media":0,"parent":2435,"menu_order":52,"comment_status":"closed","ping_status":"closed","template":"","meta":[],"yoast_head":"<!-- This site is optimized with the Yoast SEO plugin v17.9 - https:\/\/yoast.com\/wordpress\/plugins\/seo\/ -->\n<title>Concrete | SICERAM | Sp\u00e9cialiste en Rev\u00eatement mural et rev\u00eatement sol<\/title>\n<meta name=\"robots\" content=\"index, follow, max-snippet:-1, max-image-preview:large, max-video-preview:-1\" \/>\n<link rel=\"canonical\" href=\"https:\/\/www.siceram.com\/en\/products\/sandstone\/concrete\/\" \/>\n<meta property=\"og:locale\" content=\"en_US\" \/>\n<meta property=\"og:type\" content=\"article\" \/>\n<meta property=\"og:title\" content=\"Concrete | SICERAM | Sp\u00e9cialiste en Rev\u00eatement mural et rev\u00eatement sol\" \/>\n<meta property=\"og:description\" content=\"[vc_row][vc_column css=&#8221;.vc_custom_1631118019536{margin-top: 20px !important;}&#8221;][\/vc_column][\/vc_row]\" \/>\n<meta property=\"og:url\" content=\"https:\/\/www.siceram.com\/en\/products\/sandstone\/concrete\/\" \/>\n<meta property=\"og:site_name\" content=\"SICERAM | Sp\u00e9cialiste en Rev\u00eatement mural et rev\u00eatement sol\" \/>\n<meta name=\"twitter:card\" content=\"summary_large_image\" \/>\n<script type=\"application\/ld+json\" class=\"yoast-schema-graph\">{\"@context\":\"https:\/\/schema.org\",\"@graph\":[{\"@type\":\"WebSite\",\"@id\":\"https:\/\/www.siceram.com\/#website\",\"url\":\"https:\/\/www.siceram.com\/\",\"name\":\"SICERAM | Sp\\u00e9cialiste en Rev\\u00eatement mural et rev\\u00eatement sol\",\"description\":\"Siceram\",\"potentialAction\":[{\"@type\":\"SearchAction\",\"target\":{\"@type\":\"EntryPoint\",\"urlTemplate\":\"https:\/\/www.siceram.com\/?s={search_term_string}\"},\"query-input\":\"required name=search_term_string\"}],\"inLanguage\":\"en-US\"},{\"@type\":\"WebPage\",\"@id\":\"https:\/\/www.siceram.com\/en\/products\/sandstone\/concrete\/#webpage\",\"url\":\"https:\/\/www.siceram.com\/en\/products\/sandstone\/concrete\/\",\"name\":\"Concrete | SICERAM | Sp\\u00e9cialiste en Rev\\u00eatement mural et rev\\u00eatement sol\",\"isPartOf\":{\"@id\":\"https:\/\/www.siceram.com\/#website\"},\"datePublished\":\"2021-09-22T16:58:09+00:00\",\"dateModified\":\"2021-09-22T16:58:09+00:00\",\"breadcrumb\":{\"@id\":\"https:\/\/www.siceram.com\/en\/products\/sandstone\/concrete\/#breadcrumb\"},\"inLanguage\":\"en-US\",\"potentialAction\":[{\"@type\":\"ReadAction\",\"target\":[\"https:\/\/www.siceram.com\/en\/products\/sandstone\/concrete\/\"]}]},{\"@type\":\"BreadcrumbList\",\"@id\":\"https:\/\/www.siceram.com\/en\/products\/sandstone\/concrete\/#breadcrumb\",\"itemListElement\":[{\"@type\":\"ListItem\",\"position\":1,\"name\":\"Accueil\",\"item\":\"https:\/\/www.siceram.com\/en\/\"},{\"@type\":\"ListItem\",\"position\":2,\"name\":\"Products\",\"item\":\"https:\/\/www.siceram.com\/en\/products\/\"},{\"@type\":\"ListItem\",\"position\":3,\"name\":\"SANDSTONE\",\"item\":\"https:\/\/www.siceram.com\/en\/products\/sandstone\/\"},{\"@type\":\"ListItem\",\"position\":4,\"name\":\"Concrete\"}]}]}<\/script>\n<!-- \/ Yoast SEO plugin. -->","yoast_head_json":{"title":"Concrete | SICERAM | Sp\u00e9cialiste en Rev\u00eatement mural et rev\u00eatement sol","robots":{"index":"index","follow":"follow","max-snippet":"max-snippet:-1","max-image-preview":"max-image-preview:large","max-video-preview":"max-video-preview:-1"},"canonical":"https:\/\/www.siceram.com\/en\/products\/sandstone\/concrete\/","og_locale":"en_US","og_type":"article","og_title":"Concrete | SICERAM | Sp\u00e9cialiste en Rev\u00eatement mural et rev\u00eatement sol","og_description":"[vc_row][vc_column css=&#8221;.vc_custom_1631118019536{margin-top: 20px !important;}&#8221;][\/vc_column][\/vc_row]","og_url":"https:\/\/www.siceram.com\/en\/products\/sandstone\/concrete\/","og_site_name":"SICERAM | Sp\u00e9cialiste en Rev\u00eatement mural et rev\u00eatement sol","twitter_card":"summary_large_image","schema":{"@context":"https:\/\/schema.org","@graph":[{"@type":"WebSite","@id":"https:\/\/www.siceram.com\/#website","url":"https:\/\/www.siceram.com\/","name":"SICERAM | Sp\u00e9cialiste en Rev\u00eatement mural et rev\u00eatement sol","description":"Siceram","potentialAction":[{"@type":"SearchAction","target":{"@type":"EntryPoint","urlTemplate":"https:\/\/www.siceram.com\/?s={search_term_string}"},"query-input":"required name=search_term_string"}],"inLanguage":"en-US"},{"@type":"WebPage","@id":"https:\/\/www.siceram.com\/en\/products\/sandstone\/concrete\/#webpage","url":"https:\/\/www.siceram.com\/en\/products\/sandstone\/concrete\/","name":"Concrete | SICERAM | Sp\u00e9cialiste en Rev\u00eatement mural et rev\u00eatement sol","isPartOf":{"@id":"https:\/\/www.siceram.com\/#website"},"datePublished":"2021-09-22T16:58:09+00:00","dateModified":"2021-09-22T16:58:09+00:00","breadcrumb":{"@id":"https:\/\/www.siceram.com\/en\/products\/sandstone\/concrete\/#breadcrumb"},"inLanguage":"en-US","potentialAction":[{"@type":"ReadAction","target":["https:\/\/www.siceram.com\/en\/products\/sandstone\/concrete\/"]}]},{"@type":"BreadcrumbList","@id":"https:\/\/www.siceram.com\/en\/products\/sandstone\/concrete\/#breadcrumb","itemListElement":[{"@type":"ListItem","position":1,"name":"Accueil","item":"https:\/\/www.siceram.com\/en\/"},{"@type":"ListItem","position":2,"name":"Products","item":"https:\/\/www.siceram.com\/en\/products\/"},{"@type":"ListItem","position":3,"name":"SANDSTONE","item":"https:\/\/www.siceram.com\/en\/products\/sandstone\/"},{"@type":"ListItem","position":4,"name":"Concrete"}]}]}},"_links":{"self":[{"href":"https:\/\/www.siceram.com\/en\/wp-json\/wp\/v2\/pages\/3153"}],"collection":[{"href":"https:\/\/www.siceram.com\/en\/wp-json\/wp\/v2\/pages"}],"about":[{"href":"https:\/\/www.siceram.com\/en\/wp-json\/wp\/v2\/types\/page"}],"author":[{"embeddable":true,"href":"https:\/\/www.siceram.com\/en\/wp-json\/wp\/v2\/users\/1"}],"replies":[{"embeddable":true,"href":"https:\/\/www.siceram.com\/en\/wp-json\/wp\/v2\/comments?post=3153"}],"version-history":[{"count":0,"href":"https:\/\/www.siceram.com\/en\/wp-json\/wp\/v2\/pages\/3153\/revisions"}],"up":[{"embeddable":true,"href":"https:\/\/www.siceram.com\/en\/wp-json\/wp\/v2\/pages\/2435"}],"wp:attachment":[{"href":"https:\/\/www.siceram.com\/en\/wp-json\/wp\/v2\/media?parent=3153"}],"curies":[{"name":"wp","href":"https:\/\/api.w.org\/{rel}","templated":true}]}}