{"id":2445,"date":"2021-09-08T20:03:46","date_gmt":"2021-09-08T18:03:46","guid":{"rendered":"https:\/\/www.siceram.com\/?page_id=2445"},"modified":"2021-09-08T20:03:46","modified_gmt":"2021-09-08T18:03:46","slug":"sanitary","status":"publish","type":"page","link":"https:\/\/www.siceram.com\/en\/products\/sanitary\/","title":{"rendered":"SANITARY"},"content":{"rendered":"<p>[vc_row css=&#8221;.vc_custom_1630399274392{padding-top: 40px !important;padding-bottom: 40px !important;}&#8221;][vc_column]  \n\n\t<!-- Element: OT Portfolio Category -->\n\t<div class=\"projects-grid-wrapper\">\n\t\t\t\t\t<div class=\"container\">\n\t\t    \t<!-- portfolio filter begin -->\n\t\t\t    <div class=\"row\">\n\t\t\t        <div class=\"col-md-12 text-center\">\n\t\t\t            <ul class=\"project_filters filters wow fadeInUp\" data-wow-delay=\"0s\">\n\t\t\t            \t                    \n\t\t\t                \t\t\t                  <li><a href=\"#\" data-filter=\".category-63\">SANITARY<\/a><\/li>\n\t\t\t                                    \n\t\t\t            <\/ul>\n\t\t\t        <\/div>\n\t\t\t    <\/div>\n\t\t    \t<!-- portfolio filter close -->\n\t    \t<\/div>\n\t    \n\t    <div class=\"projects-grid projects-load-ajax overlay_s1 portfolio_category pf_3_cols wow fadeInUp \" data-wow-delay=\".3s\" style=\"margin: -10px 10px\" >\n\t    \t<div class=\"project-item-sizer\"><\/div>\n\t        \t    <\/div> \n\t<\/div>  \n\n[\/vc_column][\/vc_row]<\/p>\n","protected":false},"excerpt":{"rendered":"<p>[vc_row css=&#8221;.vc_custom_1630399274392{padding-top: 40px !important;padding-bottom: 40px !important;}&#8221;][vc_column][\/vc_column][\/vc_row]<\/p>\n","protected":false},"author":1,"featured_media":0,"parent":1824,"menu_order":70,"comment_status":"closed","ping_status":"closed","template":"","meta":[],"yoast_head":"<!-- This site is optimized with the Yoast SEO plugin v17.9 - https:\/\/yoast.com\/wordpress\/plugins\/seo\/ -->\n<title>SANITARY | SICERAM | Sp\u00e9cialiste en Rev\u00eatement mural et rev\u00eatement sol<\/title>\n<meta name=\"robots\" content=\"index, follow, max-snippet:-1, max-image-preview:large, max-video-preview:-1\" \/>\n<link rel=\"canonical\" href=\"https:\/\/www.siceram.com\/en\/products\/sanitary\/\" \/>\n<meta property=\"og:locale\" content=\"en_US\" \/>\n<meta property=\"og:type\" content=\"article\" \/>\n<meta property=\"og:title\" content=\"SANITARY | SICERAM | Sp\u00e9cialiste en Rev\u00eatement mural et rev\u00eatement sol\" \/>\n<meta property=\"og:description\" content=\"[vc_row css=&#8221;.vc_custom_1630399274392{padding-top: 40px !important;padding-bottom: 40px !important;}&#8221;][vc_column][\/vc_column][\/vc_row]\" \/>\n<meta property=\"og:url\" content=\"https:\/\/www.siceram.com\/en\/products\/sanitary\/\" \/>\n<meta property=\"og:site_name\" content=\"SICERAM | Sp\u00e9cialiste en Rev\u00eatement mural et rev\u00eatement sol\" \/>\n<meta name=\"twitter:card\" content=\"summary_large_image\" \/>\n<script type=\"application\/ld+json\" class=\"yoast-schema-graph\">{\"@context\":\"https:\/\/schema.org\",\"@graph\":[{\"@type\":\"WebSite\",\"@id\":\"https:\/\/www.siceram.com\/#website\",\"url\":\"https:\/\/www.siceram.com\/\",\"name\":\"SICERAM | Sp\\u00e9cialiste en Rev\\u00eatement mural et rev\\u00eatement sol\",\"description\":\"Siceram\",\"potentialAction\":[{\"@type\":\"SearchAction\",\"target\":{\"@type\":\"EntryPoint\",\"urlTemplate\":\"https:\/\/www.siceram.com\/?s={search_term_string}\"},\"query-input\":\"required name=search_term_string\"}],\"inLanguage\":\"en-US\"},{\"@type\":\"WebPage\",\"@id\":\"https:\/\/www.siceram.com\/en\/products\/sanitary\/#webpage\",\"url\":\"https:\/\/www.siceram.com\/en\/products\/sanitary\/\",\"name\":\"SANITARY | SICERAM | Sp\\u00e9cialiste en Rev\\u00eatement mural et rev\\u00eatement sol\",\"isPartOf\":{\"@id\":\"https:\/\/www.siceram.com\/#website\"},\"datePublished\":\"2021-09-08T18:03:46+00:00\",\"dateModified\":\"2021-09-08T18:03:46+00:00\",\"breadcrumb\":{\"@id\":\"https:\/\/www.siceram.com\/en\/products\/sanitary\/#breadcrumb\"},\"inLanguage\":\"en-US\",\"potentialAction\":[{\"@type\":\"ReadAction\",\"target\":[\"https:\/\/www.siceram.com\/en\/products\/sanitary\/\"]}]},{\"@type\":\"BreadcrumbList\",\"@id\":\"https:\/\/www.siceram.com\/en\/products\/sanitary\/#breadcrumb\",\"itemListElement\":[{\"@type\":\"ListItem\",\"position\":1,\"name\":\"Accueil\",\"item\":\"https:\/\/www.siceram.com\/en\/\"},{\"@type\":\"ListItem\",\"position\":2,\"name\":\"Products\",\"item\":\"https:\/\/www.siceram.com\/en\/products\/\"},{\"@type\":\"ListItem\",\"position\":3,\"name\":\"SANITARY\"}]}]}<\/script>\n<!-- \/ Yoast SEO plugin. -->","yoast_head_json":{"title":"SANITARY | SICERAM | Sp\u00e9cialiste en Rev\u00eatement mural et rev\u00eatement sol","robots":{"index":"index","follow":"follow","max-snippet":"max-snippet:-1","max-image-preview":"max-image-preview:large","max-video-preview":"max-video-preview:-1"},"canonical":"https:\/\/www.siceram.com\/en\/products\/sanitary\/","og_locale":"en_US","og_type":"article","og_title":"SANITARY | SICERAM | Sp\u00e9cialiste en Rev\u00eatement mural et rev\u00eatement sol","og_description":"[vc_row css=&#8221;.vc_custom_1630399274392{padding-top: 40px !important;padding-bottom: 40px !important;}&#8221;][vc_column][\/vc_column][\/vc_row]","og_url":"https:\/\/www.siceram.com\/en\/products\/sanitary\/","og_site_name":"SICERAM | Sp\u00e9cialiste en Rev\u00eatement mural et rev\u00eatement sol","twitter_card":"summary_large_image","schema":{"@context":"https:\/\/schema.org","@graph":[{"@type":"WebSite","@id":"https:\/\/www.siceram.com\/#website","url":"https:\/\/www.siceram.com\/","name":"SICERAM | Sp\u00e9cialiste en Rev\u00eatement mural et rev\u00eatement sol","description":"Siceram","potentialAction":[{"@type":"SearchAction","target":{"@type":"EntryPoint","urlTemplate":"https:\/\/www.siceram.com\/?s={search_term_string}"},"query-input":"required name=search_term_string"}],"inLanguage":"en-US"},{"@type":"WebPage","@id":"https:\/\/www.siceram.com\/en\/products\/sanitary\/#webpage","url":"https:\/\/www.siceram.com\/en\/products\/sanitary\/","name":"SANITARY | SICERAM | Sp\u00e9cialiste en Rev\u00eatement mural et rev\u00eatement sol","isPartOf":{"@id":"https:\/\/www.siceram.com\/#website"},"datePublished":"2021-09-08T18:03:46+00:00","dateModified":"2021-09-08T18:03:46+00:00","breadcrumb":{"@id":"https:\/\/www.siceram.com\/en\/products\/sanitary\/#breadcrumb"},"inLanguage":"en-US","potentialAction":[{"@type":"ReadAction","target":["https:\/\/www.siceram.com\/en\/products\/sanitary\/"]}]},{"@type":"BreadcrumbList","@id":"https:\/\/www.siceram.com\/en\/products\/sanitary\/#breadcrumb","itemListElement":[{"@type":"ListItem","position":1,"name":"Accueil","item":"https:\/\/www.siceram.com\/en\/"},{"@type":"ListItem","position":2,"name":"Products","item":"https:\/\/www.siceram.com\/en\/products\/"},{"@type":"ListItem","position":3,"name":"SANITARY"}]}]}},"_links":{"self":[{"href":"https:\/\/www.siceram.com\/en\/wp-json\/wp\/v2\/pages\/2445"}],"collection":[{"href":"https:\/\/www.siceram.com\/en\/wp-json\/wp\/v2\/pages"}],"about":[{"href":"https:\/\/www.siceram.com\/en\/wp-json\/wp\/v2\/types\/page"}],"author":[{"embeddable":true,"href":"https:\/\/www.siceram.com\/en\/wp-json\/wp\/v2\/users\/1"}],"replies":[{"embeddable":true,"href":"https:\/\/www.siceram.com\/en\/wp-json\/wp\/v2\/comments?post=2445"}],"version-history":[{"count":0,"href":"https:\/\/www.siceram.com\/en\/wp-json\/wp\/v2\/pages\/2445\/revisions"}],"up":[{"embeddable":true,"href":"https:\/\/www.siceram.com\/en\/wp-json\/wp\/v2\/pages\/1824"}],"wp:attachment":[{"href":"https:\/\/www.siceram.com\/en\/wp-json\/wp\/v2\/media?parent=2445"}],"curies":[{"name":"wp","href":"https:\/\/api.w.org\/{rel}","templated":true}]}}