{"id":2439,"date":"2021-09-08T20:01:25","date_gmt":"2021-09-08T18:01:25","guid":{"rendered":"https:\/\/www.siceram.com\/?page_id=2439"},"modified":"2021-09-08T20:01:25","modified_gmt":"2021-09-08T18:01:25","slug":"earthenware","status":"publish","type":"page","link":"https:\/\/www.siceram.com\/en\/products\/earthenware\/","title":{"rendered":"EARTHENWARE"},"content":{"rendered":"<p>[vc_row css=&#8221;.vc_custom_1630399259776{padding-top: 40px !important;padding-bottom: 40px !important;}&#8221;][vc_column]  \n\n\t<!-- Element: OT Portfolio Category -->\n\t<div class=\"projects-grid-wrapper\">\n\t\t\t\t\t<div class=\"container\">\n\t\t    \t<!-- portfolio filter begin -->\n\t\t\t    <div class=\"row\">\n\t\t\t        <div class=\"col-md-12 text-center\">\n\t\t\t            <ul class=\"project_filters filters wow fadeInUp\" data-wow-delay=\"0s\">\n\t\t\t            \t                    \n\t\t\t                \t\t\t                  <li><a href=\"#\" data-filter=\".category-59\">EARTHENWARE<\/a><\/li>\n\t\t\t                                    \n\t\t\t            <\/ul>\n\t\t\t        <\/div>\n\t\t\t    <\/div>\n\t\t    \t<!-- portfolio filter close -->\n\t    \t<\/div>\n\t    \n\t    <div class=\"projects-grid projects-load-ajax overlay_s1 portfolio_category pf_3_cols wow fadeInUp \" data-wow-delay=\".3s\" style=\"margin: -10px 10px\" >\n\t    \t<div class=\"project-item-sizer\"><\/div>\n\t                  \n\t        <!-- gallery item -->\n\t        <div class=\"project-item \" style=\"padding:10px\">\n\t        \t<div class=\"projects-box\">\n\t\t\t\t\t<div class=\"projects-thumbnail\">\n\t\t\t\t\t\t<img width=\"750\" height=\"499\" src=\"https:\/\/www.siceram.com\/wp-content\/uploads\/2021\/09\/132-1-750x499.jpg\" class=\"attachment-thumb-portfolio size-thumb-portfolio wp-post-image\" alt=\"\" loading=\"lazy\" title=\"132 (1)\" \/>\t\t\t\t\t<\/div>\t\t\t\t\t\t\t\n\t\t\t\t\t<a  href=\"https:\/\/www.siceram.com\/en\/portfolio\/fa-30-90-bitex-rect\/\">\n\t\t\t\t\t\t<span class=\"project-overlay\">\n\t\t\t\t\t\t\t<span class=\"project-name id-color\">FA 30\/90 BITEX RECT<\/span>\t\n\t\t\t\t\t\t<\/span>\n\t\t\t\t\t<\/a>\t\n\t\t\t\t<\/div>\n\t        <\/div>\n\t        <!-- close gallery item -->\n\t                 \n\t        <!-- gallery item -->\n\t        <div class=\"project-item category-59 category-59 category-59 category-59 category-59 category-59 category-59 \" style=\"padding:10px\">\n\t        \t<div class=\"projects-box\">\n\t\t\t\t\t<div class=\"projects-thumbnail\">\n\t\t\t\t\t\t<img width=\"750\" height=\"499\" src=\"https:\/\/www.siceram.com\/wp-content\/uploads\/2021\/09\/133-copie-750x499.jpg\" class=\"attachment-thumb-portfolio size-thumb-portfolio wp-post-image\" alt=\"\" loading=\"lazy\" title=\"133 copie\" \/>\t\t\t\t\t<\/div>\t\t\t\t\t\t\t\n\t\t\t\t\t<a  href=\"https:\/\/www.siceram.com\/en\/portfolio\/faience-30-90-dayak-rect\/\">\n\t\t\t\t\t\t<span class=\"project-overlay\">\n\t\t\t\t\t\t\t<span class=\"project-name id-color\">FAIENCE 30\/90 DAYAK RECT<\/span>\t\n\t\t\t\t\t\t<\/span>\n\t\t\t\t\t<\/a>\t\n\t\t\t\t<\/div>\n\t        <\/div>\n\t        <!-- close gallery item -->\n\t                 \n\t        <!-- gallery item -->\n\t        <div class=\"project-item category-59 category-59 category-59 category-59 category-59 category-59 category-59 \" style=\"padding:10px\">\n\t        \t<div class=\"projects-box\">\n\t\t\t\t\t<div class=\"projects-thumbnail\">\n\t\t\t\t\t\t<img width=\"750\" height=\"499\" src=\"https:\/\/www.siceram.com\/wp-content\/uploads\/2021\/09\/CRAYON-750x499.jpg\" class=\"attachment-thumb-portfolio size-thumb-portfolio wp-post-image\" alt=\"Gr\u00e8s Tunisie\" loading=\"lazy\" title=\"CRAYON\" \/>\t\t\t\t\t<\/div>\t\t\t\t\t\t\t\n\t\t\t\t\t<a  href=\"https:\/\/www.siceram.com\/en\/portfolio\/fa-31-6-90-crayon-rect\/\">\n\t\t\t\t\t\t<span class=\"project-overlay\">\n\t\t\t\t\t\t\t<span class=\"project-name id-color\">FA 31.6\/90 CRAYON RECT<\/span>\t\n\t\t\t\t\t\t<\/span>\n\t\t\t\t\t<\/a>\t\n\t\t\t\t<\/div>\n\t        <\/div>\n\t        <!-- close gallery item -->\n\t                 \n\t        <!-- gallery item -->\n\t        <div class=\"project-item category-59 category-59 category-59 category-59 category-59 category-59 category-59 \" style=\"padding:10px\">\n\t        \t<div class=\"projects-box\">\n\t\t\t\t\t<div class=\"projects-thumbnail\">\n\t\t\t\t\t\t<img width=\"750\" height=\"499\" src=\"https:\/\/www.siceram.com\/wp-content\/uploads\/2021\/10\/CLICK-RECT-750x499.jpg\" class=\"attachment-thumb-portfolio size-thumb-portfolio wp-post-image\" alt=\"Gr\u00e8s Tunisie\" loading=\"lazy\" title=\"CLICK-RECT\" \/>\t\t\t\t\t<\/div>\t\t\t\t\t\t\t\n\t\t\t\t\t<a  href=\"https:\/\/www.siceram.com\/en\/portfolio\/faience-40-120-click-rect\/\">\n\t\t\t\t\t\t<span class=\"project-overlay\">\n\t\t\t\t\t\t\t<span class=\"project-name id-color\">FAIENCE 40\/120 CLICK RECT<\/span>\t\n\t\t\t\t\t\t<\/span>\n\t\t\t\t\t<\/a>\t\n\t\t\t\t<\/div>\n\t        <\/div>\n\t        <!-- close gallery item -->\n\t                 \n\t        <!-- gallery item -->\n\t        <div class=\"project-item category-59 category-59 category-59 category-59 category-59 category-59 category-59 \" style=\"padding:10px\">\n\t        \t<div class=\"projects-box\">\n\t\t\t\t\t<div class=\"projects-thumbnail\">\n\t\t\t\t\t\t<img width=\"750\" height=\"499\" src=\"https:\/\/www.siceram.com\/wp-content\/uploads\/2021\/10\/RE-USE-WHITE-750x499.jpg\" class=\"attachment-thumb-portfolio size-thumb-portfolio wp-post-image\" alt=\"Gr\u00e8s Tunisie\" loading=\"lazy\" title=\"RE-USE-WHITE\" \/>\t\t\t\t\t<\/div>\t\t\t\t\t\t\t\n\t\t\t\t\t<a  href=\"https:\/\/www.siceram.com\/en\/portfolio\/faience-40-120-re-use-rect\/\">\n\t\t\t\t\t\t<span class=\"project-overlay\">\n\t\t\t\t\t\t\t<span class=\"project-name id-color\">FAIENCE  40\/120 RE-USE RECT<\/span>\t\n\t\t\t\t\t\t<\/span>\n\t\t\t\t\t<\/a>\t\n\t\t\t\t<\/div>\n\t        <\/div>\n\t        <!-- close gallery item -->\n\t                 \n\t        <!-- gallery item -->\n\t        <div class=\"project-item category-59 category-59 category-59 category-59 category-59 category-59 category-59 \" style=\"padding:10px\">\n\t        \t<div class=\"projects-box\">\n\t\t\t\t\t<div class=\"projects-thumbnail\">\n\t\t\t\t\t\t<img width=\"750\" height=\"499\" src=\"https:\/\/www.siceram.com\/wp-content\/uploads\/2021\/09\/VITER-750x499.jpg\" class=\"attachment-thumb-portfolio size-thumb-portfolio wp-post-image\" alt=\"\" loading=\"lazy\" title=\"VITER\" \/>\t\t\t\t\t<\/div>\t\t\t\t\t\t\t\n\t\t\t\t\t<a  href=\"https:\/\/www.siceram.com\/en\/portfolio\/faience-30-90-viterbo-rect\/\">\n\t\t\t\t\t\t<span class=\"project-overlay\">\n\t\t\t\t\t\t\t<span class=\"project-name id-color\">FAIENCE 30\/90 VITERBO RECT<\/span>\t\n\t\t\t\t\t\t<\/span>\n\t\t\t\t\t<\/a>\t\n\t\t\t\t<\/div>\n\t        <\/div>\n\t        <!-- close gallery item -->\n\t                 \n\t        <!-- gallery item -->\n\t        <div class=\"project-item category-59 category-59 category-59 category-59 category-59 category-59 category-59 \" style=\"padding:10px\">\n\t        \t<div class=\"projects-box\">\n\t\t\t\t\t<div class=\"projects-thumbnail\">\n\t\t\t\t\t\t<img width=\"750\" height=\"499\" src=\"https:\/\/www.siceram.com\/wp-content\/uploads\/2021\/09\/SHARN-750x499.jpg\" class=\"attachment-thumb-portfolio size-thumb-portfolio wp-post-image\" alt=\"Gr\u00e8s Tunisie\" loading=\"lazy\" title=\"SHARN\" \/>\t\t\t\t\t<\/div>\t\t\t\t\t\t\t\n\t\t\t\t\t<a  href=\"https:\/\/www.siceram.com\/en\/portfolio\/faience-30-90-sharon-rect\/\">\n\t\t\t\t\t\t<span class=\"project-overlay\">\n\t\t\t\t\t\t\t<span class=\"project-name id-color\">FAIENCE 30\/90 SHARON RECT<\/span>\t\n\t\t\t\t\t\t<\/span>\n\t\t\t\t\t<\/a>\t\n\t\t\t\t<\/div>\n\t        <\/div>\n\t        <!-- close gallery item -->\n\t       \t    <\/div> \n\t<\/div>  \n\n[\/vc_column][\/vc_row]<\/p>\n","protected":false},"excerpt":{"rendered":"<p>[vc_row css=&#8221;.vc_custom_1630399259776{padding-top: 40px !important;padding-bottom: 40px !important;}&#8221;][vc_column][\/vc_column][\/vc_row]<\/p>\n","protected":false},"author":1,"featured_media":0,"parent":1824,"menu_order":72,"comment_status":"closed","ping_status":"closed","template":"","meta":[],"yoast_head":"<!-- This site is optimized with the Yoast SEO plugin v17.9 - https:\/\/yoast.com\/wordpress\/plugins\/seo\/ -->\n<title>EARTHENWARE | SICERAM | Sp\u00e9cialiste en Rev\u00eatement mural et rev\u00eatement sol<\/title>\n<meta name=\"robots\" content=\"index, follow, max-snippet:-1, max-image-preview:large, max-video-preview:-1\" \/>\n<link rel=\"canonical\" href=\"https:\/\/www.siceram.com\/en\/products\/earthenware\/\" \/>\n<meta property=\"og:locale\" content=\"en_US\" \/>\n<meta property=\"og:type\" content=\"article\" \/>\n<meta property=\"og:title\" content=\"EARTHENWARE | SICERAM | Sp\u00e9cialiste en Rev\u00eatement mural et rev\u00eatement sol\" \/>\n<meta property=\"og:description\" content=\"[vc_row css=&#8221;.vc_custom_1630399259776{padding-top: 40px !important;padding-bottom: 40px !important;}&#8221;][vc_column][\/vc_column][\/vc_row]\" \/>\n<meta property=\"og:url\" content=\"https:\/\/www.siceram.com\/en\/products\/earthenware\/\" \/>\n<meta property=\"og:site_name\" content=\"SICERAM | Sp\u00e9cialiste en Rev\u00eatement mural et rev\u00eatement sol\" \/>\n<meta name=\"twitter:card\" content=\"summary_large_image\" \/>\n<script type=\"application\/ld+json\" class=\"yoast-schema-graph\">{\"@context\":\"https:\/\/schema.org\",\"@graph\":[{\"@type\":\"WebSite\",\"@id\":\"https:\/\/www.siceram.com\/#website\",\"url\":\"https:\/\/www.siceram.com\/\",\"name\":\"SICERAM | Sp\\u00e9cialiste en Rev\\u00eatement mural et rev\\u00eatement sol\",\"description\":\"Siceram\",\"potentialAction\":[{\"@type\":\"SearchAction\",\"target\":{\"@type\":\"EntryPoint\",\"urlTemplate\":\"https:\/\/www.siceram.com\/?s={search_term_string}\"},\"query-input\":\"required name=search_term_string\"}],\"inLanguage\":\"en-US\"},{\"@type\":\"WebPage\",\"@id\":\"https:\/\/www.siceram.com\/en\/products\/earthenware\/#webpage\",\"url\":\"https:\/\/www.siceram.com\/en\/products\/earthenware\/\",\"name\":\"EARTHENWARE | SICERAM | Sp\\u00e9cialiste en Rev\\u00eatement mural et rev\\u00eatement sol\",\"isPartOf\":{\"@id\":\"https:\/\/www.siceram.com\/#website\"},\"datePublished\":\"2021-09-08T18:01:25+00:00\",\"dateModified\":\"2021-09-08T18:01:25+00:00\",\"breadcrumb\":{\"@id\":\"https:\/\/www.siceram.com\/en\/products\/earthenware\/#breadcrumb\"},\"inLanguage\":\"en-US\",\"potentialAction\":[{\"@type\":\"ReadAction\",\"target\":[\"https:\/\/www.siceram.com\/en\/products\/earthenware\/\"]}]},{\"@type\":\"BreadcrumbList\",\"@id\":\"https:\/\/www.siceram.com\/en\/products\/earthenware\/#breadcrumb\",\"itemListElement\":[{\"@type\":\"ListItem\",\"position\":1,\"name\":\"Accueil\",\"item\":\"https:\/\/www.siceram.com\/en\/\"},{\"@type\":\"ListItem\",\"position\":2,\"name\":\"Products\",\"item\":\"https:\/\/www.siceram.com\/en\/products\/\"},{\"@type\":\"ListItem\",\"position\":3,\"name\":\"EARTHENWARE\"}]}]}<\/script>\n<!-- \/ Yoast SEO plugin. -->","yoast_head_json":{"title":"EARTHENWARE | SICERAM | Sp\u00e9cialiste en Rev\u00eatement mural et rev\u00eatement sol","robots":{"index":"index","follow":"follow","max-snippet":"max-snippet:-1","max-image-preview":"max-image-preview:large","max-video-preview":"max-video-preview:-1"},"canonical":"https:\/\/www.siceram.com\/en\/products\/earthenware\/","og_locale":"en_US","og_type":"article","og_title":"EARTHENWARE | SICERAM | Sp\u00e9cialiste en Rev\u00eatement mural et rev\u00eatement sol","og_description":"[vc_row css=&#8221;.vc_custom_1630399259776{padding-top: 40px !important;padding-bottom: 40px !important;}&#8221;][vc_column][\/vc_column][\/vc_row]","og_url":"https:\/\/www.siceram.com\/en\/products\/earthenware\/","og_site_name":"SICERAM | Sp\u00e9cialiste en Rev\u00eatement mural et rev\u00eatement sol","twitter_card":"summary_large_image","schema":{"@context":"https:\/\/schema.org","@graph":[{"@type":"WebSite","@id":"https:\/\/www.siceram.com\/#website","url":"https:\/\/www.siceram.com\/","name":"SICERAM | Sp\u00e9cialiste en Rev\u00eatement mural et rev\u00eatement sol","description":"Siceram","potentialAction":[{"@type":"SearchAction","target":{"@type":"EntryPoint","urlTemplate":"https:\/\/www.siceram.com\/?s={search_term_string}"},"query-input":"required name=search_term_string"}],"inLanguage":"en-US"},{"@type":"WebPage","@id":"https:\/\/www.siceram.com\/en\/products\/earthenware\/#webpage","url":"https:\/\/www.siceram.com\/en\/products\/earthenware\/","name":"EARTHENWARE | SICERAM | Sp\u00e9cialiste en Rev\u00eatement mural et rev\u00eatement sol","isPartOf":{"@id":"https:\/\/www.siceram.com\/#website"},"datePublished":"2021-09-08T18:01:25+00:00","dateModified":"2021-09-08T18:01:25+00:00","breadcrumb":{"@id":"https:\/\/www.siceram.com\/en\/products\/earthenware\/#breadcrumb"},"inLanguage":"en-US","potentialAction":[{"@type":"ReadAction","target":["https:\/\/www.siceram.com\/en\/products\/earthenware\/"]}]},{"@type":"BreadcrumbList","@id":"https:\/\/www.siceram.com\/en\/products\/earthenware\/#breadcrumb","itemListElement":[{"@type":"ListItem","position":1,"name":"Accueil","item":"https:\/\/www.siceram.com\/en\/"},{"@type":"ListItem","position":2,"name":"Products","item":"https:\/\/www.siceram.com\/en\/products\/"},{"@type":"ListItem","position":3,"name":"EARTHENWARE"}]}]}},"_links":{"self":[{"href":"https:\/\/www.siceram.com\/en\/wp-json\/wp\/v2\/pages\/2439"}],"collection":[{"href":"https:\/\/www.siceram.com\/en\/wp-json\/wp\/v2\/pages"}],"about":[{"href":"https:\/\/www.siceram.com\/en\/wp-json\/wp\/v2\/types\/page"}],"author":[{"embeddable":true,"href":"https:\/\/www.siceram.com\/en\/wp-json\/wp\/v2\/users\/1"}],"replies":[{"embeddable":true,"href":"https:\/\/www.siceram.com\/en\/wp-json\/wp\/v2\/comments?post=2439"}],"version-history":[{"count":0,"href":"https:\/\/www.siceram.com\/en\/wp-json\/wp\/v2\/pages\/2439\/revisions"}],"up":[{"embeddable":true,"href":"https:\/\/www.siceram.com\/en\/wp-json\/wp\/v2\/pages\/1824"}],"wp:attachment":[{"href":"https:\/\/www.siceram.com\/en\/wp-json\/wp\/v2\/media?parent=2439"}],"curies":[{"name":"wp","href":"https:\/\/api.w.org\/{rel}","templated":true}]}}