{"id":2437,"date":"2021-09-08T20:00:56","date_gmt":"2021-09-08T18:00:56","guid":{"rendered":"https:\/\/www.siceram.com\/?page_id=2437"},"modified":"2021-09-24T16:40:01","modified_gmt":"2021-09-24T14:40:01","slug":"cement-glue-and-tile-joint","status":"publish","type":"page","link":"https:\/\/www.siceram.com\/en\/products\/cement-glue-and-tile-joint\/","title":{"rendered":"CEMENT GLUE AND TILE JOINT"},"content":{"rendered":"<p>[vc_row css_animation=&#8221;fadeInLeft&#8221; css=&#8221;.vc_custom_1630951858214{padding-top: 40px !important;padding-bottom: 10px !important;}&#8221; el_class=&#8221;filter-margin-bottom-40&#8243;][vc_column width=&#8221;1\/3&#8243; el_class=&#8221;filter-mb-60&#8243;][vc_single_image image=&#8221;3427&#8243; img_size=&#8221;full&#8221; alignment=&#8221;center&#8221; onclick=&#8221;custom_link&#8221; link=&#8221;https:\/\/www.siceram.com\/en\/products\/cement-glue-and-tile-joint\/cement-glue\/&#8221;][vc_separator color=&#8221;orange&#8221; el_width=&#8221;30&#8243;][vc_column_text]<\/p>\n<p style=\"text-align: center;\"><a href=\"https:\/\/www.siceram.com\/en\/products\/cement-glue-and-tile-joint\/cement-glue\/\"><strong>Cement Glue<\/strong><\/a><\/p>\n<p>[\/vc_column_text][\/vc_column][vc_column width=&#8221;1\/3&#8243;][vc_single_image image=&#8221;2565&#8243; img_size=&#8221;full&#8221; alignment=&#8221;center&#8221; onclick=&#8221;custom_link&#8221; link=&#8221;https:\/\/www.siceram.com\/en\/products\/cement-glue-and-tile-joint\/joint-tiles\/&#8221;][vc_separator color=&#8221;orange&#8221; el_width=&#8221;30&#8243;][vc_column_text]<\/p>\n<p style=\"text-align: center;\"><a href=\"https:\/\/www.siceram.com\/en\/products\/cement-glue-and-tile-joint\/joint-tiles\/\"><strong>Joint Tiles<\/strong><\/a><\/p>\n<p>[\/vc_column_text][\/vc_column][vc_column width=&#8221;1\/3&#8243;][\/vc_column][\/vc_row]<\/p>\n","protected":false},"excerpt":{"rendered":"<p>[vc_row css_animation=&#8221;fadeInLeft&#8221; css=&#8221;.vc_custom_1630951858214{padding-top: 40px !important;padding-bottom: 10px !important;}&#8221; el_class=&#8221;filter-margin-bottom-40&#8243;][vc_column width=&#8221;1\/3&#8243; el_class=&#8221;filter-mb-60&#8243;][vc_single_image image=&#8221;3427&#8243; img_size=&#8221;full&#8221; alignment=&#8221;center&#8221; onclick=&#8221;custom_link&#8221; link=&#8221;https:\/\/www.siceram.com\/en\/products\/cement-glue-and-tile-joint\/cement-glue\/&#8221;][vc_separator color=&#8221;orange&#8221; el_width=&#8221;30&#8243;][vc_column_text] Cement Glue [\/vc_column_text][\/vc_column][vc_column width=&#8221;1\/3&#8243;][vc_single_image image=&#8221;2565&#8243; img_size=&#8221;full&#8221; alignment=&#8221;center&#8221; onclick=&#8221;custom_link&#8221; link=&#8221;https:\/\/www.siceram.com\/en\/products\/cement-glue-and-tile-joint\/joint-tiles\/&#8221;][vc_separator color=&#8221;orange&#8221; el_width=&#8221;30&#8243;][vc_column_text] Joint Tiles [\/vc_column_text][\/vc_column][vc_column width=&#8221;1\/3&#8243;][\/vc_column][\/vc_row]<\/p>\n","protected":false},"author":1,"featured_media":0,"parent":1824,"menu_order":69,"comment_status":"closed","ping_status":"closed","template":"","meta":[],"yoast_head":"<!-- This site is optimized with the Yoast SEO plugin v17.9 - https:\/\/yoast.com\/wordpress\/plugins\/seo\/ -->\n<title>CEMENT GLUE AND TILE JOINT | SICERAM | Sp\u00e9cialiste en Rev\u00eatement mural et rev\u00eatement sol<\/title>\n<meta name=\"robots\" content=\"index, follow, max-snippet:-1, max-image-preview:large, max-video-preview:-1\" \/>\n<link rel=\"canonical\" href=\"https:\/\/www.siceram.com\/en\/products\/cement-glue-and-tile-joint\/\" \/>\n<meta property=\"og:locale\" content=\"en_US\" \/>\n<meta property=\"og:type\" content=\"article\" \/>\n<meta property=\"og:title\" content=\"CEMENT GLUE AND TILE JOINT | SICERAM | Sp\u00e9cialiste en Rev\u00eatement mural et rev\u00eatement sol\" \/>\n<meta property=\"og:description\" content=\"[vc_row css_animation=&#8221;fadeInLeft&#8221; css=&#8221;.vc_custom_1630951858214{padding-top: 40px !important;padding-bottom: 10px !important;}&#8221; el_class=&#8221;filter-margin-bottom-40&#8243;][vc_column width=&#8221;1\/3&#8243; el_class=&#8221;filter-mb-60&#8243;][vc_single_image image=&#8221;3427&#8243; img_size=&#8221;full&#8221; alignment=&#8221;center&#8221; onclick=&#8221;custom_link&#8221; link=&#8221;https:\/\/www.siceram.com\/en\/products\/cement-glue-and-tile-joint\/cement-glue\/&#8221;][vc_separator color=&#8221;orange&#8221; el_width=&#8221;30&#8243;][vc_column_text] Cement Glue [\/vc_column_text][\/vc_column][vc_column width=&#8221;1\/3&#8243;][vc_single_image image=&#8221;2565&#8243; img_size=&#8221;full&#8221; alignment=&#8221;center&#8221; onclick=&#8221;custom_link&#8221; link=&#8221;https:\/\/www.siceram.com\/en\/products\/cement-glue-and-tile-joint\/joint-tiles\/&#8221;][vc_separator color=&#8221;orange&#8221; el_width=&#8221;30&#8243;][vc_column_text] Joint Tiles [\/vc_column_text][\/vc_column][vc_column width=&#8221;1\/3&#8243;][\/vc_column][\/vc_row]\" \/>\n<meta property=\"og:url\" content=\"https:\/\/www.siceram.com\/en\/products\/cement-glue-and-tile-joint\/\" \/>\n<meta property=\"og:site_name\" content=\"SICERAM | Sp\u00e9cialiste en Rev\u00eatement mural et rev\u00eatement sol\" \/>\n<meta property=\"article:modified_time\" content=\"2021-09-24T14:40:01+00:00\" \/>\n<meta name=\"twitter:card\" content=\"summary_large_image\" \/>\n<meta name=\"twitter:label1\" content=\"Est. reading time\" \/>\n\t<meta name=\"twitter:data1\" content=\"1 minute\" \/>\n<script type=\"application\/ld+json\" class=\"yoast-schema-graph\">{\"@context\":\"https:\/\/schema.org\",\"@graph\":[{\"@type\":\"WebSite\",\"@id\":\"https:\/\/www.siceram.com\/#website\",\"url\":\"https:\/\/www.siceram.com\/\",\"name\":\"SICERAM | Sp\\u00e9cialiste en Rev\\u00eatement mural et rev\\u00eatement sol\",\"description\":\"Siceram\",\"potentialAction\":[{\"@type\":\"SearchAction\",\"target\":{\"@type\":\"EntryPoint\",\"urlTemplate\":\"https:\/\/www.siceram.com\/?s={search_term_string}\"},\"query-input\":\"required name=search_term_string\"}],\"inLanguage\":\"en-US\"},{\"@type\":\"WebPage\",\"@id\":\"https:\/\/www.siceram.com\/en\/products\/cement-glue-and-tile-joint\/#webpage\",\"url\":\"https:\/\/www.siceram.com\/en\/products\/cement-glue-and-tile-joint\/\",\"name\":\"CEMENT GLUE AND TILE JOINT | SICERAM | Sp\\u00e9cialiste en Rev\\u00eatement mural et rev\\u00eatement sol\",\"isPartOf\":{\"@id\":\"https:\/\/www.siceram.com\/#website\"},\"datePublished\":\"2021-09-08T18:00:56+00:00\",\"dateModified\":\"2021-09-24T14:40:01+00:00\",\"breadcrumb\":{\"@id\":\"https:\/\/www.siceram.com\/en\/products\/cement-glue-and-tile-joint\/#breadcrumb\"},\"inLanguage\":\"en-US\",\"potentialAction\":[{\"@type\":\"ReadAction\",\"target\":[\"https:\/\/www.siceram.com\/en\/products\/cement-glue-and-tile-joint\/\"]}]},{\"@type\":\"BreadcrumbList\",\"@id\":\"https:\/\/www.siceram.com\/en\/products\/cement-glue-and-tile-joint\/#breadcrumb\",\"itemListElement\":[{\"@type\":\"ListItem\",\"position\":1,\"name\":\"Accueil\",\"item\":\"https:\/\/www.siceram.com\/en\/\"},{\"@type\":\"ListItem\",\"position\":2,\"name\":\"Products\",\"item\":\"https:\/\/www.siceram.com\/en\/products\/\"},{\"@type\":\"ListItem\",\"position\":3,\"name\":\"CEMENT GLUE AND TILE JOINT\"}]}]}<\/script>\n<!-- \/ Yoast SEO plugin. -->","yoast_head_json":{"title":"CEMENT GLUE AND TILE JOINT | SICERAM | Sp\u00e9cialiste en Rev\u00eatement mural et rev\u00eatement sol","robots":{"index":"index","follow":"follow","max-snippet":"max-snippet:-1","max-image-preview":"max-image-preview:large","max-video-preview":"max-video-preview:-1"},"canonical":"https:\/\/www.siceram.com\/en\/products\/cement-glue-and-tile-joint\/","og_locale":"en_US","og_type":"article","og_title":"CEMENT GLUE AND TILE JOINT | SICERAM | Sp\u00e9cialiste en Rev\u00eatement mural et rev\u00eatement sol","og_description":"[vc_row css_animation=&#8221;fadeInLeft&#8221; css=&#8221;.vc_custom_1630951858214{padding-top: 40px !important;padding-bottom: 10px !important;}&#8221; el_class=&#8221;filter-margin-bottom-40&#8243;][vc_column width=&#8221;1\/3&#8243; el_class=&#8221;filter-mb-60&#8243;][vc_single_image image=&#8221;3427&#8243; img_size=&#8221;full&#8221; alignment=&#8221;center&#8221; onclick=&#8221;custom_link&#8221; link=&#8221;https:\/\/www.siceram.com\/en\/products\/cement-glue-and-tile-joint\/cement-glue\/&#8221;][vc_separator color=&#8221;orange&#8221; el_width=&#8221;30&#8243;][vc_column_text] Cement Glue [\/vc_column_text][\/vc_column][vc_column width=&#8221;1\/3&#8243;][vc_single_image image=&#8221;2565&#8243; img_size=&#8221;full&#8221; alignment=&#8221;center&#8221; onclick=&#8221;custom_link&#8221; link=&#8221;https:\/\/www.siceram.com\/en\/products\/cement-glue-and-tile-joint\/joint-tiles\/&#8221;][vc_separator color=&#8221;orange&#8221; el_width=&#8221;30&#8243;][vc_column_text] Joint Tiles [\/vc_column_text][\/vc_column][vc_column width=&#8221;1\/3&#8243;][\/vc_column][\/vc_row]","og_url":"https:\/\/www.siceram.com\/en\/products\/cement-glue-and-tile-joint\/","og_site_name":"SICERAM | Sp\u00e9cialiste en Rev\u00eatement mural et rev\u00eatement sol","article_modified_time":"2021-09-24T14:40:01+00:00","twitter_card":"summary_large_image","twitter_misc":{"Est. reading time":"1 minute"},"schema":{"@context":"https:\/\/schema.org","@graph":[{"@type":"WebSite","@id":"https:\/\/www.siceram.com\/#website","url":"https:\/\/www.siceram.com\/","name":"SICERAM | Sp\u00e9cialiste en Rev\u00eatement mural et rev\u00eatement sol","description":"Siceram","potentialAction":[{"@type":"SearchAction","target":{"@type":"EntryPoint","urlTemplate":"https:\/\/www.siceram.com\/?s={search_term_string}"},"query-input":"required name=search_term_string"}],"inLanguage":"en-US"},{"@type":"WebPage","@id":"https:\/\/www.siceram.com\/en\/products\/cement-glue-and-tile-joint\/#webpage","url":"https:\/\/www.siceram.com\/en\/products\/cement-glue-and-tile-joint\/","name":"CEMENT GLUE AND TILE JOINT | SICERAM | Sp\u00e9cialiste en Rev\u00eatement mural et rev\u00eatement sol","isPartOf":{"@id":"https:\/\/www.siceram.com\/#website"},"datePublished":"2021-09-08T18:00:56+00:00","dateModified":"2021-09-24T14:40:01+00:00","breadcrumb":{"@id":"https:\/\/www.siceram.com\/en\/products\/cement-glue-and-tile-joint\/#breadcrumb"},"inLanguage":"en-US","potentialAction":[{"@type":"ReadAction","target":["https:\/\/www.siceram.com\/en\/products\/cement-glue-and-tile-joint\/"]}]},{"@type":"BreadcrumbList","@id":"https:\/\/www.siceram.com\/en\/products\/cement-glue-and-tile-joint\/#breadcrumb","itemListElement":[{"@type":"ListItem","position":1,"name":"Accueil","item":"https:\/\/www.siceram.com\/en\/"},{"@type":"ListItem","position":2,"name":"Products","item":"https:\/\/www.siceram.com\/en\/products\/"},{"@type":"ListItem","position":3,"name":"CEMENT GLUE AND TILE JOINT"}]}]}},"_links":{"self":[{"href":"https:\/\/www.siceram.com\/en\/wp-json\/wp\/v2\/pages\/2437"}],"collection":[{"href":"https:\/\/www.siceram.com\/en\/wp-json\/wp\/v2\/pages"}],"about":[{"href":"https:\/\/www.siceram.com\/en\/wp-json\/wp\/v2\/types\/page"}],"author":[{"embeddable":true,"href":"https:\/\/www.siceram.com\/en\/wp-json\/wp\/v2\/users\/1"}],"replies":[{"embeddable":true,"href":"https:\/\/www.siceram.com\/en\/wp-json\/wp\/v2\/comments?post=2437"}],"version-history":[{"count":0,"href":"https:\/\/www.siceram.com\/en\/wp-json\/wp\/v2\/pages\/2437\/revisions"}],"up":[{"embeddable":true,"href":"https:\/\/www.siceram.com\/en\/wp-json\/wp\/v2\/pages\/1824"}],"wp:attachment":[{"href":"https:\/\/www.siceram.com\/en\/wp-json\/wp\/v2\/media?parent=2437"}],"curies":[{"name":"wp","href":"https:\/\/api.w.org\/{rel}","templated":true}]}}