{"id":1820,"date":"2021-06-02T00:49:01","date_gmt":"2021-06-01T22:49:01","guid":{"rendered":"https:\/\/www.siceram.com\/?page_id=1820"},"modified":"2022-08-19T15:24:58","modified_gmt":"2022-08-19T13:24:58","slug":"our-showrooms","status":"publish","type":"page","link":"https:\/\/www.siceram.com\/en\/our-showrooms\/","title":{"rendered":"Our Showrooms"},"content":{"rendered":"<p>[vc_row css=&#8221;.vc_custom_1621893921645{padding-top: 40px !important;}&#8221;][vc_column width=&#8221;1\/2&#8243;][vc_gmaps link=&#8221;#E-8_JTNDaWZyYW1lJTIwc3JjJTNEJTIyaHR0cHMlM0ElMkYlMkZ3d3cuZ29vZ2xlLmNvbSUyRm1hcHMlMkZlbWJlZCUzRnBiJTNEJTIxMW0xOCUyMTFtMTIlMjExbTMlMjExZDUyMzU5LjQyMzgxOTcyODc2JTIxMmQxMC43MjYxODg2ODUwMTcyOCUyMTNkMzQuODk0ODAzODcwMDA1MDYlMjEybTMlMjExZjAlMjEyZjAlMjEzZjAlMjEzbTIlMjExaTEwMjQlMjEyaTc2OCUyMTRmMTMuMSUyMTNtMyUyMTFtMiUyMTFzMHgxMzAxZDA2NzI1YTgyM2NmJTI1M0EweDIwN2U0MWQyZGFiYWUzNWElMjEyc1NpY2VyYW0lMjE1ZTAlMjEzbTIlMjExc2ZyJTIxMnN0biUyMTR2MTYyMTg5Mzg1MTIxMiUyMTVtMiUyMTFzZnIlMjEyc3RuJTIyJTIwd2lkdGglM0QlMjIxMDAlMjUlMjIlMjBoZWlnaHQlM0QlMjIyNTAlMjIlMjBzdHlsZSUzRCUyMmJvcmRlciUzQTAlM0IlMjIlMjBhbGxvd2Z1bGxzY3JlZW4lM0QlMjIlMjIlMjBsb2FkaW5nJTNEJTIybGF6eSUyMiUzRSUzQyUyRmlmcmFtZSUzRQ==&#8221;][\/vc_column][vc_column width=&#8221;1\/2&#8243;][vc_column_text]<\/p>\n<h2>Sfax<\/h2>\n<p><strong>Address :<\/strong> Zone industrielle Sidi Salah, SFAX<br \/>\n<strong>City :<\/strong> Sfax- Pays : Tunisie<br \/>\n<strong>Phone :<\/strong> 00216 74 273 000<br \/>\n<strong>Fax :<\/strong> 00216 74 273 200[\/vc_column_text][\/vc_column][\/vc_row][vc_row css=&#8221;.vc_custom_1621894339296{padding-top: 10px !important;}&#8221;][vc_column width=&#8221;1\/2&#8243;][vc_gmaps link=&#8221;#E-8_JTNDaWZyYW1lJTIwc3JjJTNEJTIyaHR0cHMlM0ElMkYlMkZ3d3cuZ29vZ2xlLmNvbSUyRm1hcHMlMkZlbWJlZCUzRnBiJTNEJTIxMW0xOCUyMTFtMTIlMjExbTMlMjExZDMxOTMuOTczNTY4OTU0MTkyNiUyMTJkMTAuMTI3NDY0MzE0NjQxMTY4JTIxM2QzNi44MTkxNTMyNzQzMzM0MyUyMTJtMyUyMTFmMCUyMTJmMCUyMTNmMCUyMTNtMiUyMTFpMTAyNCUyMTJpNzY4JTIxNGYxMy4xJTIxM20zJTIxMW0yJTIxMXMweDEyZmQzM2FhNGFiOGY1YWIlMjUzQTB4YjdiMTI1MDFjMTBjZDllMyUyMTJzU2ljZXJhbSUyNTIwUGx1cyUyNTIwQmFyZG8lMjE1ZTAlMjEzbTIlMjExc2ZyJTIxMnN0biUyMTR2MTYyMTg5NDAwNTkxOSUyMTVtMiUyMTFzZnIlMjEyc3RuJTIyJTIwd2lkdGglM0QlMjIxMDAlMjUlMjIlMjBoZWlnaHQlM0QlMjIyNTAlMjIlMjBzdHlsZSUzRCUyMmJvcmRlciUzQTAlM0IlMjIlMjBhbGxvd2Z1bGxzY3JlZW4lM0QlMjIlMjIlMjBsb2FkaW5nJTNEJTIybGF6eSUyMiUzRSUzQyUyRmlmcmFtZSUzRQ==&#8221;][\/vc_column][vc_column width=&#8221;1\/2&#8243;][vc_column_text]<\/p>\n<h2>Bardo<\/h2>\n<p><strong>Address :<\/strong> Route X Cit\u00e9 Fardaous LE BARDO<br \/>\n<strong>City:<\/strong> Tunis \u2013 Pays : Tunisie<br \/>\n<strong>Phone :<\/strong> 00216 71 518 515<br \/>\n<strong>Fax :<\/strong> 00216 71 503 405[\/vc_column_text][\/vc_column][\/vc_row][vc_row css=&#8221;.vc_custom_1621894331299{padding-top: 10px !important;}&#8221;][vc_column width=&#8221;1\/2&#8243;][vc_gmaps link=&#8221;#E-8_JTNDaWZyYW1lJTIwc3JjJTNEJTIyaHR0cHMlM0ElMkYlMkZ3d3cuZ29vZ2xlLmNvbSUyRm1hcHMlMkZlbWJlZCUzRnBiJTNEJTIxMW0xOCUyMTFtMTIlMjExbTMlMjExZDMxOTIuMjgyMjEwNTg2NDk5JTIxMmQxMC4xNjAxOTY3MTQ2NDI0OSUyMTNkMzYuODU5NjYzMjcyMDUxMDUlMjEybTMlMjExZjAlMjEyZjAlMjEzZjAlMjEzbTIlMjExaTEwMjQlMjEyaTc2OCUyMTRmMTMuMSUyMTNtMyUyMTFtMiUyMTFzMHgxMmZkMzMyYTJjMTYwM2M3JTI1M0EweGIwY2MxNmFjZTY2ODM3MmElMjEyc1NpY2VyYW0lMjUyMFBsdXMlMjUyMEVubmFzciUyMTVlMCUyMTNtMiUyMTFzZnIlMjEyc3RuJTIxNHYxNjIxODk0MTgzMjg4JTIxNW0yJTIxMXNmciUyMTJzdG4lMjIlMjB3aWR0aCUzRCUyMjEwMCUyNSUyMiUyMGhlaWdodCUzRCUyMjI1MCUyMiUyMHN0eWxlJTNEJTIyYm9yZGVyJTNBMCUzQiUyMiUyMGFsbG93ZnVsbHNjcmVlbiUzRCUyMiUyMiUyMGxvYWRpbmclM0QlMjJsYXp5JTIyJTNFJTNDJTJGaWZyYW1lJTNF&#8221;][\/vc_column][vc_column width=&#8221;1\/2&#8243;][vc_column_text]<\/p>\n<h2>Ennasr<\/h2>\n<p><strong>Address :<\/strong> Avenue H\u00e9di Nouira, ENNASR II<br \/>\n<strong>City:<\/strong> Tunis \u2013 Pays : Tunisie<br \/>\n<strong>Phone :<\/strong> 00216 71 829 064<br \/>\n<strong>Fax :<\/strong> 00216 71 829 033[\/vc_column_text][\/vc_column][\/vc_row]<\/p>\n","protected":false},"excerpt":{"rendered":"<p>[vc_row css=&#8221;.vc_custom_1621893921645{padding-top: 40px !important;}&#8221;][vc_column width=&#8221;1\/2&#8243;][vc_gmaps link=&#8221;#E-8_JTNDaWZyYW1lJTIwc3JjJTNEJTIyaHR0cHMlM0ElMkYlMkZ3d3cuZ29vZ2xlLmNvbSUyRm1hcHMlMkZlbWJlZCUzRnBiJTNEJTIxMW0xOCUyMTFtMTIlMjExbTMlMjExZDUyMzU5LjQyMzgxOTcyODc2JTIxMmQxMC43MjYxODg2ODUwMTcyOCUyMTNkMzQuODk0ODAzODcwMDA1MDYlMjEybTMlMjExZjAlMjEyZjAlMjEzZjAlMjEzbTIlMjExaTEwMjQlMjEyaTc2OCUyMTRmMTMuMSUyMTNtMyUyMTFtMiUyMTFzMHgxMzAxZDA2NzI1YTgyM2NmJTI1M0EweDIwN2U0MWQyZGFiYWUzNWElMjEyc1NpY2VyYW0lMjE1ZTAlMjEzbTIlMjExc2ZyJTIxMnN0biUyMTR2MTYyMTg5Mzg1MTIxMiUyMTVtMiUyMTFzZnIlMjEyc3RuJTIyJTIwd2lkdGglM0QlMjIxMDAlMjUlMjIlMjBoZWlnaHQlM0QlMjIyNTAlMjIlMjBzdHlsZSUzRCUyMmJvcmRlciUzQTAlM0IlMjIlMjBhbGxvd2Z1bGxzY3JlZW4lM0QlMjIlMjIlMjBsb2FkaW5nJTNEJTIybGF6eSUyMiUzRSUzQyUyRmlmcmFtZSUzRQ==&#8221;][\/vc_column][vc_column width=&#8221;1\/2&#8243;][vc_column_text] Sfax Address : Zone industrielle Sidi Salah, SFAX City : Sfax- Pays : Tunisie Phone : 00216 74 273 000 Fax : 00216 74 273 200[\/vc_column_text][\/vc_column][\/vc_row][vc_row css=&#8221;.vc_custom_1621894339296{padding-top: 10px !important;}&#8221;][vc_column width=&#8221;1\/2&#8243;][vc_gmaps link=&#8221;#E-8_JTNDaWZyYW1lJTIwc3JjJTNEJTIyaHR0cHMlM0ElMkYlMkZ3d3cuZ29vZ2xlLmNvbSUyRm1hcHMlMkZlbWJlZCUzRnBiJTNEJTIxMW0xOCUyMTFtMTIlMjExbTMlMjExZDMxOTMuOTczNTY4OTU0MTkyNiUyMTJkMTAuMTI3NDY0MzE0NjQxMTY4JTIxM2QzNi44MTkxNTMyNzQzMzM0MyUyMTJtMyUyMTFmMCUyMTJmMCUyMTNmMCUyMTNtMiUyMTFpMTAyNCUyMTJpNzY4JTIxNGYxMy4xJTIxM20zJTIxMW0yJTIxMXMweDEyZmQzM2FhNGFiOGY1YWIlMjUzQTB4YjdiMTI1MDFjMTBjZDllMyUyMTJzU2ljZXJhbSUyNTIwUGx1cyUyNTIwQmFyZG8lMjE1ZTAlMjEzbTIlMjExc2ZyJTIxMnN0biUyMTR2MTYyMTg5NDAwNTkxOSUyMTVtMiUyMTFzZnIlMjEyc3RuJTIyJTIwd2lkdGglM0QlMjIxMDAlMjUlMjIlMjBoZWlnaHQlM0QlMjIyNTAlMjIlMjBzdHlsZSUzRCUyMmJvcmRlciUzQTAlM0IlMjIlMjBhbGxvd2Z1bGxzY3JlZW4lM0QlMjIlMjIlMjBsb2FkaW5nJTNEJTIybGF6eSUyMiUzRSUzQyUyRmlmcmFtZSUzRQ==&#8221;][\/vc_column][vc_column width=&#8221;1\/2&#8243;][vc_column_text] Bardo Address : Route X Cit\u00e9 Fardaous LE BARDO City: Tunis \u2013 Pays : Tunisie Phone [&hellip;]<\/p>\n","protected":false},"author":1,"featured_media":0,"parent":0,"menu_order":96,"comment_status":"closed","ping_status":"closed","template":"page-templates\/template-fullwidth.php","meta":[],"yoast_head":"<!-- This site is optimized with the Yoast SEO plugin v17.9 - https:\/\/yoast.com\/wordpress\/plugins\/seo\/ -->\n<title>Our Showroom | SICERAM Tunisia<\/title>\n<meta name=\"description\" content=\"Scream embellishes you with a wide range of sandstone, earthenware, swimming pool mosaic, coping, cement glue, Sanitaryware and fittings, wall covering in Tunisia.\" \/>\n<meta name=\"robots\" content=\"index, follow, max-snippet:-1, max-image-preview:large, max-video-preview:-1\" \/>\n<link rel=\"canonical\" href=\"https:\/\/www.siceram.com\/en\/our-showrooms\/\" \/>\n<meta property=\"og:locale\" content=\"en_US\" \/>\n<meta property=\"og:type\" content=\"article\" \/>\n<meta property=\"og:title\" content=\"Our Showroom | SICERAM Tunisia\" \/>\n<meta property=\"og:description\" content=\"Scream embellishes you with a wide range of sandstone, earthenware, swimming pool mosaic, coping, cement glue, Sanitaryware and fittings, wall covering in Tunisia.\" \/>\n<meta property=\"og:url\" content=\"https:\/\/www.siceram.com\/en\/our-showrooms\/\" \/>\n<meta property=\"og:site_name\" content=\"SICERAM | Sp\u00e9cialiste en Rev\u00eatement mural et rev\u00eatement sol\" \/>\n<meta property=\"article:modified_time\" content=\"2022-08-19T13:24:58+00:00\" \/>\n<meta name=\"twitter:card\" content=\"summary_large_image\" \/>\n<meta name=\"twitter:label1\" content=\"Est. reading time\" \/>\n\t<meta name=\"twitter:data1\" content=\"1 minute\" \/>\n<script type=\"application\/ld+json\" class=\"yoast-schema-graph\">{\"@context\":\"https:\/\/schema.org\",\"@graph\":[{\"@type\":\"WebSite\",\"@id\":\"https:\/\/www.siceram.com\/#website\",\"url\":\"https:\/\/www.siceram.com\/\",\"name\":\"SICERAM | Sp\\u00e9cialiste en Rev\\u00eatement mural et rev\\u00eatement sol\",\"description\":\"Siceram\",\"potentialAction\":[{\"@type\":\"SearchAction\",\"target\":{\"@type\":\"EntryPoint\",\"urlTemplate\":\"https:\/\/www.siceram.com\/?s={search_term_string}\"},\"query-input\":\"required name=search_term_string\"}],\"inLanguage\":\"en-US\"},{\"@type\":\"WebPage\",\"@id\":\"https:\/\/www.siceram.com\/en\/our-showrooms\/#webpage\",\"url\":\"https:\/\/www.siceram.com\/en\/our-showrooms\/\",\"name\":\"Our Showroom | SICERAM Tunisia\",\"isPartOf\":{\"@id\":\"https:\/\/www.siceram.com\/#website\"},\"datePublished\":\"2021-06-01T22:49:01+00:00\",\"dateModified\":\"2022-08-19T13:24:58+00:00\",\"description\":\"Scream embellishes you with a wide range of sandstone, earthenware, swimming pool mosaic, coping, cement glue, Sanitaryware and fittings, wall covering in Tunisia.\",\"breadcrumb\":{\"@id\":\"https:\/\/www.siceram.com\/en\/our-showrooms\/#breadcrumb\"},\"inLanguage\":\"en-US\",\"potentialAction\":[{\"@type\":\"ReadAction\",\"target\":[\"https:\/\/www.siceram.com\/en\/our-showrooms\/\"]}]},{\"@type\":\"BreadcrumbList\",\"@id\":\"https:\/\/www.siceram.com\/en\/our-showrooms\/#breadcrumb\",\"itemListElement\":[{\"@type\":\"ListItem\",\"position\":1,\"name\":\"Accueil\",\"item\":\"https:\/\/www.siceram.com\/en\/\"},{\"@type\":\"ListItem\",\"position\":2,\"name\":\"Our Showrooms\"}]}]}<\/script>\n<!-- \/ Yoast SEO plugin. -->","yoast_head_json":{"title":"Our Showroom | SICERAM Tunisia","description":"Scream embellishes you with a wide range of sandstone, earthenware, swimming pool mosaic, coping, cement glue, Sanitaryware and fittings, wall covering in Tunisia.","robots":{"index":"index","follow":"follow","max-snippet":"max-snippet:-1","max-image-preview":"max-image-preview:large","max-video-preview":"max-video-preview:-1"},"canonical":"https:\/\/www.siceram.com\/en\/our-showrooms\/","og_locale":"en_US","og_type":"article","og_title":"Our Showroom | SICERAM Tunisia","og_description":"Scream embellishes you with a wide range of sandstone, earthenware, swimming pool mosaic, coping, cement glue, Sanitaryware and fittings, wall covering in Tunisia.","og_url":"https:\/\/www.siceram.com\/en\/our-showrooms\/","og_site_name":"SICERAM | Sp\u00e9cialiste en Rev\u00eatement mural et rev\u00eatement sol","article_modified_time":"2022-08-19T13:24:58+00:00","twitter_card":"summary_large_image","twitter_misc":{"Est. reading time":"1 minute"},"schema":{"@context":"https:\/\/schema.org","@graph":[{"@type":"WebSite","@id":"https:\/\/www.siceram.com\/#website","url":"https:\/\/www.siceram.com\/","name":"SICERAM | Sp\u00e9cialiste en Rev\u00eatement mural et rev\u00eatement sol","description":"Siceram","potentialAction":[{"@type":"SearchAction","target":{"@type":"EntryPoint","urlTemplate":"https:\/\/www.siceram.com\/?s={search_term_string}"},"query-input":"required name=search_term_string"}],"inLanguage":"en-US"},{"@type":"WebPage","@id":"https:\/\/www.siceram.com\/en\/our-showrooms\/#webpage","url":"https:\/\/www.siceram.com\/en\/our-showrooms\/","name":"Our Showroom | SICERAM Tunisia","isPartOf":{"@id":"https:\/\/www.siceram.com\/#website"},"datePublished":"2021-06-01T22:49:01+00:00","dateModified":"2022-08-19T13:24:58+00:00","description":"Scream embellishes you with a wide range of sandstone, earthenware, swimming pool mosaic, coping, cement glue, Sanitaryware and fittings, wall covering in Tunisia.","breadcrumb":{"@id":"https:\/\/www.siceram.com\/en\/our-showrooms\/#breadcrumb"},"inLanguage":"en-US","potentialAction":[{"@type":"ReadAction","target":["https:\/\/www.siceram.com\/en\/our-showrooms\/"]}]},{"@type":"BreadcrumbList","@id":"https:\/\/www.siceram.com\/en\/our-showrooms\/#breadcrumb","itemListElement":[{"@type":"ListItem","position":1,"name":"Accueil","item":"https:\/\/www.siceram.com\/en\/"},{"@type":"ListItem","position":2,"name":"Our Showrooms"}]}]}},"_links":{"self":[{"href":"https:\/\/www.siceram.com\/en\/wp-json\/wp\/v2\/pages\/1820"}],"collection":[{"href":"https:\/\/www.siceram.com\/en\/wp-json\/wp\/v2\/pages"}],"about":[{"href":"https:\/\/www.siceram.com\/en\/wp-json\/wp\/v2\/types\/page"}],"author":[{"embeddable":true,"href":"https:\/\/www.siceram.com\/en\/wp-json\/wp\/v2\/users\/1"}],"replies":[{"embeddable":true,"href":"https:\/\/www.siceram.com\/en\/wp-json\/wp\/v2\/comments?post=1820"}],"version-history":[{"count":1,"href":"https:\/\/www.siceram.com\/en\/wp-json\/wp\/v2\/pages\/1820\/revisions"}],"predecessor-version":[{"id":6338,"href":"https:\/\/www.siceram.com\/en\/wp-json\/wp\/v2\/pages\/1820\/revisions\/6338"}],"wp:attachment":[{"href":"https:\/\/www.siceram.com\/en\/wp-json\/wp\/v2\/media?parent=1820"}],"curies":[{"name":"wp","href":"https:\/\/api.w.org\/{rel}","templated":true}]}}