{"id":1802,"date":"2021-06-02T00:07:33","date_gmt":"2021-06-01T22:07:33","guid":{"rendered":"https:\/\/www.siceram.com\/?page_id=1802"},"modified":"2021-06-02T00:07:33","modified_gmt":"2021-06-01T22:07:33","slug":"la-badira","status":"publish","type":"page","link":"https:\/\/www.siceram.com\/en\/our-achievements\/la-badira\/","title":{"rendered":"La Badira"},"content":{"rendered":"<p>[vc_row css=&#8221;.vc_custom_1622481915853{padding-top: 40px !important;}&#8221;][vc_column]\n\t<!-- Element: OT Image Gallery 1 -->\n\t<div class=\"row archi-image-gallery projects-grid overlay_s1\">\t\n\t\t<div class=\"project-item-sizer col-md-4\"><\/div>\n             \n\t        <!-- gallery item -->\n\t        <div class=\"project-item col-md-4\">\n\t        \t<div class=\"projects-box \">\n\t\t\t\t\t<div class=\"projects-thumbnail\">\n\t\t\t\t\t\t<img width=\"1600\" height=\"1068\" src=\"https:\/\/www.siceram.com\/wp-content\/uploads\/2021\/05\/fell_-_vue_douche_chambre.jpg\" class=\"attachment-full size-full\" alt=\"\" loading=\"lazy\" srcset=\"https:\/\/www.siceram.com\/wp-content\/uploads\/2021\/05\/fell_-_vue_douche_chambre.jpg 1600w, https:\/\/www.siceram.com\/wp-content\/uploads\/2021\/05\/fell_-_vue_douche_chambre-300x200.jpg 300w, https:\/\/www.siceram.com\/wp-content\/uploads\/2021\/05\/fell_-_vue_douche_chambre-1024x684.jpg 1024w, https:\/\/www.siceram.com\/wp-content\/uploads\/2021\/05\/fell_-_vue_douche_chambre-768x513.jpg 768w, https:\/\/www.siceram.com\/wp-content\/uploads\/2021\/05\/fell_-_vue_douche_chambre-1536x1025.jpg 1536w, https:\/\/www.siceram.com\/wp-content\/uploads\/2021\/05\/fell_-_vue_douche_chambre-600x401.jpg 600w\" sizes=\"(max-width: 1600px) 100vw, 1600px\" title=\"\" \/>\t\t\t\t\t<\/div>\t\t\t\t\t\t\t\n\t\t\t\t\t           \t\n\t                \t<a class=\"image-popup\" title=\"\" href=\"https:\/\/www.siceram.com\/wp-content\/uploads\/2021\/05\/fell_-_vue_douche_chambre.jpg\">\n\t                \t\t\t\t\t\t<span class=\"project-overlay\">\n\t\t\t\t\t\t\t<span class=\"project-name id-color\">\n\t\t\t\t\t\t\t\t \n\t\t\t\t\t\t\t<\/span>\t\n\t\t\t\t\t\t<\/span>\n\t\t\t\t\t<\/a>\t\n\t\t\t\t<\/div>\n\t        <\/div>\n\t        <!-- close gallery item -->  \n             \n\t        <!-- gallery item -->\n\t        <div class=\"project-item col-md-4\">\n\t        \t<div class=\"projects-box \">\n\t\t\t\t\t<div class=\"projects-thumbnail\">\n\t\t\t\t\t\t<img width=\"1600\" height=\"1000\" src=\"https:\/\/www.siceram.com\/wp-content\/uploads\/2021\/05\/fell_-_vue_douche_sdb.jpg\" class=\"attachment-full size-full\" alt=\"\" loading=\"lazy\" srcset=\"https:\/\/www.siceram.com\/wp-content\/uploads\/2021\/05\/fell_-_vue_douche_sdb.jpg 1600w, https:\/\/www.siceram.com\/wp-content\/uploads\/2021\/05\/fell_-_vue_douche_sdb-300x188.jpg 300w, https:\/\/www.siceram.com\/wp-content\/uploads\/2021\/05\/fell_-_vue_douche_sdb-1024x640.jpg 1024w, https:\/\/www.siceram.com\/wp-content\/uploads\/2021\/05\/fell_-_vue_douche_sdb-768x480.jpg 768w, https:\/\/www.siceram.com\/wp-content\/uploads\/2021\/05\/fell_-_vue_douche_sdb-1536x960.jpg 1536w, https:\/\/www.siceram.com\/wp-content\/uploads\/2021\/05\/fell_-_vue_douche_sdb-600x375.jpg 600w\" sizes=\"(max-width: 1600px) 100vw, 1600px\" title=\"\" \/>\t\t\t\t\t<\/div>\t\t\t\t\t\t\t\n\t\t\t\t\t           \t\n\t                \t<a class=\"image-popup\" title=\"\" href=\"https:\/\/www.siceram.com\/wp-content\/uploads\/2021\/05\/fell_-_vue_douche_sdb.jpg\">\n\t                \t\t\t\t\t\t<span class=\"project-overlay\">\n\t\t\t\t\t\t\t<span class=\"project-name id-color\">\n\t\t\t\t\t\t\t\t \n\t\t\t\t\t\t\t<\/span>\t\n\t\t\t\t\t\t<\/span>\n\t\t\t\t\t<\/a>\t\n\t\t\t\t<\/div>\n\t        <\/div>\n\t        <!-- close gallery item -->  \n             \n\t        <!-- gallery item -->\n\t        <div class=\"project-item col-md-4\">\n\t        \t<div class=\"projects-box \">\n\t\t\t\t\t<div class=\"projects-thumbnail\">\n\t\t\t\t\t\t<img width=\"1600\" height=\"1068\" src=\"https:\/\/www.siceram.com\/wp-content\/uploads\/2021\/05\/yasmine_-_vue_bain.jpg\" class=\"attachment-full size-full\" alt=\"\" loading=\"lazy\" srcset=\"https:\/\/www.siceram.com\/wp-content\/uploads\/2021\/05\/yasmine_-_vue_bain.jpg 1600w, https:\/\/www.siceram.com\/wp-content\/uploads\/2021\/05\/yasmine_-_vue_bain-300x200.jpg 300w, https:\/\/www.siceram.com\/wp-content\/uploads\/2021\/05\/yasmine_-_vue_bain-1024x684.jpg 1024w, https:\/\/www.siceram.com\/wp-content\/uploads\/2021\/05\/yasmine_-_vue_bain-768x513.jpg 768w, https:\/\/www.siceram.com\/wp-content\/uploads\/2021\/05\/yasmine_-_vue_bain-1536x1025.jpg 1536w, https:\/\/www.siceram.com\/wp-content\/uploads\/2021\/05\/yasmine_-_vue_bain-600x401.jpg 600w\" sizes=\"(max-width: 1600px) 100vw, 1600px\" title=\"\" \/>\t\t\t\t\t<\/div>\t\t\t\t\t\t\t\n\t\t\t\t\t           \t\n\t                \t<a class=\"image-popup\" title=\"\" href=\"https:\/\/www.siceram.com\/wp-content\/uploads\/2021\/05\/yasmine_-_vue_bain.jpg\">\n\t                \t\t\t\t\t\t<span class=\"project-overlay\">\n\t\t\t\t\t\t\t<span class=\"project-name id-color\">\n\t\t\t\t\t\t\t\t \n\t\t\t\t\t\t\t<\/span>\t\n\t\t\t\t\t\t<\/span>\n\t\t\t\t\t<\/a>\t\n\t\t\t\t<\/div>\n\t        <\/div>\n\t        <!-- close gallery item -->  \n             \n\t        <!-- gallery item -->\n\t        <div class=\"project-item col-md-4\">\n\t        \t<div class=\"projects-box \">\n\t\t\t\t\t<div class=\"projects-thumbnail\">\n\t\t\t\t\t\t<img width=\"1600\" height=\"1068\" src=\"https:\/\/www.siceram.com\/wp-content\/uploads\/2021\/05\/yasmine_-_vue_chambre_mer.jpg\" class=\"attachment-full size-full\" alt=\"\" loading=\"lazy\" srcset=\"https:\/\/www.siceram.com\/wp-content\/uploads\/2021\/05\/yasmine_-_vue_chambre_mer.jpg 1600w, https:\/\/www.siceram.com\/wp-content\/uploads\/2021\/05\/yasmine_-_vue_chambre_mer-300x200.jpg 300w, https:\/\/www.siceram.com\/wp-content\/uploads\/2021\/05\/yasmine_-_vue_chambre_mer-1024x684.jpg 1024w, https:\/\/www.siceram.com\/wp-content\/uploads\/2021\/05\/yasmine_-_vue_chambre_mer-768x513.jpg 768w, https:\/\/www.siceram.com\/wp-content\/uploads\/2021\/05\/yasmine_-_vue_chambre_mer-1536x1025.jpg 1536w, https:\/\/www.siceram.com\/wp-content\/uploads\/2021\/05\/yasmine_-_vue_chambre_mer-600x401.jpg 600w\" sizes=\"(max-width: 1600px) 100vw, 1600px\" title=\"\" \/>\t\t\t\t\t<\/div>\t\t\t\t\t\t\t\n\t\t\t\t\t           \t\n\t                \t<a class=\"image-popup\" title=\"\" href=\"https:\/\/www.siceram.com\/wp-content\/uploads\/2021\/05\/yasmine_-_vue_chambre_mer.jpg\">\n\t                \t\t\t\t\t\t<span class=\"project-overlay\">\n\t\t\t\t\t\t\t<span class=\"project-name id-color\">\n\t\t\t\t\t\t\t\t \n\t\t\t\t\t\t\t<\/span>\t\n\t\t\t\t\t\t<\/span>\n\t\t\t\t\t<\/a>\t\n\t\t\t\t<\/div>\n\t        <\/div>\n\t        <!-- close gallery item -->  \n             \n\t        <!-- gallery item -->\n\t        <div class=\"project-item col-md-4\">\n\t        \t<div class=\"projects-box \">\n\t\t\t\t\t<div class=\"projects-thumbnail\">\n\t\t\t\t\t\t<img width=\"1600\" height=\"1068\" src=\"https:\/\/www.siceram.com\/wp-content\/uploads\/2021\/05\/yasmine_-_vue_sbd.jpg\" class=\"attachment-full size-full\" alt=\"\" loading=\"lazy\" srcset=\"https:\/\/www.siceram.com\/wp-content\/uploads\/2021\/05\/yasmine_-_vue_sbd.jpg 1600w, https:\/\/www.siceram.com\/wp-content\/uploads\/2021\/05\/yasmine_-_vue_sbd-300x200.jpg 300w, https:\/\/www.siceram.com\/wp-content\/uploads\/2021\/05\/yasmine_-_vue_sbd-1024x684.jpg 1024w, https:\/\/www.siceram.com\/wp-content\/uploads\/2021\/05\/yasmine_-_vue_sbd-768x513.jpg 768w, https:\/\/www.siceram.com\/wp-content\/uploads\/2021\/05\/yasmine_-_vue_sbd-1536x1025.jpg 1536w, https:\/\/www.siceram.com\/wp-content\/uploads\/2021\/05\/yasmine_-_vue_sbd-600x401.jpg 600w\" sizes=\"(max-width: 1600px) 100vw, 1600px\" title=\"\" \/>\t\t\t\t\t<\/div>\t\t\t\t\t\t\t\n\t\t\t\t\t           \t\n\t                \t<a class=\"image-popup\" title=\"\" href=\"https:\/\/www.siceram.com\/wp-content\/uploads\/2021\/05\/yasmine_-_vue_sbd.jpg\">\n\t                \t\t\t\t\t\t<span class=\"project-overlay\">\n\t\t\t\t\t\t\t<span class=\"project-name id-color\">\n\t\t\t\t\t\t\t\t \n\t\t\t\t\t\t\t<\/span>\t\n\t\t\t\t\t\t<\/span>\n\t\t\t\t\t<\/a>\t\n\t\t\t\t<\/div>\n\t        <\/div>\n\t        <!-- close gallery item -->  \n           \n    <\/div>\n[\/vc_column][\/vc_row]<\/p>\n","protected":false},"excerpt":{"rendered":"<p>[vc_row css=&#8221;.vc_custom_1622481915853{padding-top: 40px !important;}&#8221;][vc_column][\/vc_column][\/vc_row]<\/p>\n","protected":false},"author":1,"featured_media":0,"parent":1800,"menu_order":84,"comment_status":"closed","ping_status":"closed","template":"page-templates\/template-fullwidth.php","meta":[],"yoast_head":"<!-- This site is optimized with the Yoast SEO plugin v17.9 - https:\/\/yoast.com\/wordpress\/plugins\/seo\/ -->\n<title>La Badira | SICERAM | Sp\u00e9cialiste en Rev\u00eatement mural et rev\u00eatement sol<\/title>\n<meta name=\"robots\" content=\"index, follow, max-snippet:-1, max-image-preview:large, max-video-preview:-1\" \/>\n<link rel=\"canonical\" href=\"https:\/\/www.siceram.com\/en\/our-achievements\/la-badira\/\" \/>\n<meta property=\"og:locale\" content=\"en_US\" \/>\n<meta property=\"og:type\" content=\"article\" \/>\n<meta property=\"og:title\" content=\"La Badira | SICERAM | Sp\u00e9cialiste en Rev\u00eatement mural et rev\u00eatement sol\" \/>\n<meta property=\"og:description\" content=\"[vc_row css=&#8221;.vc_custom_1622481915853{padding-top: 40px !important;}&#8221;][vc_column][\/vc_column][\/vc_row]\" \/>\n<meta property=\"og:url\" content=\"https:\/\/www.siceram.com\/en\/our-achievements\/la-badira\/\" \/>\n<meta property=\"og:site_name\" content=\"SICERAM | Sp\u00e9cialiste en Rev\u00eatement mural et rev\u00eatement sol\" \/>\n<meta name=\"twitter:card\" content=\"summary_large_image\" \/>\n<script type=\"application\/ld+json\" class=\"yoast-schema-graph\">{\"@context\":\"https:\/\/schema.org\",\"@graph\":[{\"@type\":\"WebSite\",\"@id\":\"https:\/\/www.siceram.com\/#website\",\"url\":\"https:\/\/www.siceram.com\/\",\"name\":\"SICERAM | Sp\\u00e9cialiste en Rev\\u00eatement mural et rev\\u00eatement sol\",\"description\":\"Siceram\",\"potentialAction\":[{\"@type\":\"SearchAction\",\"target\":{\"@type\":\"EntryPoint\",\"urlTemplate\":\"https:\/\/www.siceram.com\/?s={search_term_string}\"},\"query-input\":\"required name=search_term_string\"}],\"inLanguage\":\"en-US\"},{\"@type\":\"WebPage\",\"@id\":\"https:\/\/www.siceram.com\/en\/our-achievements\/la-badira\/#webpage\",\"url\":\"https:\/\/www.siceram.com\/en\/our-achievements\/la-badira\/\",\"name\":\"La Badira | SICERAM | Sp\\u00e9cialiste en Rev\\u00eatement mural et rev\\u00eatement sol\",\"isPartOf\":{\"@id\":\"https:\/\/www.siceram.com\/#website\"},\"datePublished\":\"2021-06-01T22:07:33+00:00\",\"dateModified\":\"2021-06-01T22:07:33+00:00\",\"breadcrumb\":{\"@id\":\"https:\/\/www.siceram.com\/en\/our-achievements\/la-badira\/#breadcrumb\"},\"inLanguage\":\"en-US\",\"potentialAction\":[{\"@type\":\"ReadAction\",\"target\":[\"https:\/\/www.siceram.com\/en\/our-achievements\/la-badira\/\"]}]},{\"@type\":\"BreadcrumbList\",\"@id\":\"https:\/\/www.siceram.com\/en\/our-achievements\/la-badira\/#breadcrumb\",\"itemListElement\":[{\"@type\":\"ListItem\",\"position\":1,\"name\":\"Accueil\",\"item\":\"https:\/\/www.siceram.com\/en\/\"},{\"@type\":\"ListItem\",\"position\":2,\"name\":\"Our achievements\",\"item\":\"https:\/\/www.siceram.com\/en\/our-achievements\/\"},{\"@type\":\"ListItem\",\"position\":3,\"name\":\"La Badira\"}]}]}<\/script>\n<!-- \/ Yoast SEO plugin. -->","yoast_head_json":{"title":"La Badira | SICERAM | Sp\u00e9cialiste en Rev\u00eatement mural et rev\u00eatement sol","robots":{"index":"index","follow":"follow","max-snippet":"max-snippet:-1","max-image-preview":"max-image-preview:large","max-video-preview":"max-video-preview:-1"},"canonical":"https:\/\/www.siceram.com\/en\/our-achievements\/la-badira\/","og_locale":"en_US","og_type":"article","og_title":"La Badira | SICERAM | Sp\u00e9cialiste en Rev\u00eatement mural et rev\u00eatement sol","og_description":"[vc_row css=&#8221;.vc_custom_1622481915853{padding-top: 40px !important;}&#8221;][vc_column][\/vc_column][\/vc_row]","og_url":"https:\/\/www.siceram.com\/en\/our-achievements\/la-badira\/","og_site_name":"SICERAM | Sp\u00e9cialiste en Rev\u00eatement mural et rev\u00eatement sol","twitter_card":"summary_large_image","schema":{"@context":"https:\/\/schema.org","@graph":[{"@type":"WebSite","@id":"https:\/\/www.siceram.com\/#website","url":"https:\/\/www.siceram.com\/","name":"SICERAM | Sp\u00e9cialiste en Rev\u00eatement mural et rev\u00eatement sol","description":"Siceram","potentialAction":[{"@type":"SearchAction","target":{"@type":"EntryPoint","urlTemplate":"https:\/\/www.siceram.com\/?s={search_term_string}"},"query-input":"required name=search_term_string"}],"inLanguage":"en-US"},{"@type":"WebPage","@id":"https:\/\/www.siceram.com\/en\/our-achievements\/la-badira\/#webpage","url":"https:\/\/www.siceram.com\/en\/our-achievements\/la-badira\/","name":"La Badira | SICERAM | Sp\u00e9cialiste en Rev\u00eatement mural et rev\u00eatement sol","isPartOf":{"@id":"https:\/\/www.siceram.com\/#website"},"datePublished":"2021-06-01T22:07:33+00:00","dateModified":"2021-06-01T22:07:33+00:00","breadcrumb":{"@id":"https:\/\/www.siceram.com\/en\/our-achievements\/la-badira\/#breadcrumb"},"inLanguage":"en-US","potentialAction":[{"@type":"ReadAction","target":["https:\/\/www.siceram.com\/en\/our-achievements\/la-badira\/"]}]},{"@type":"BreadcrumbList","@id":"https:\/\/www.siceram.com\/en\/our-achievements\/la-badira\/#breadcrumb","itemListElement":[{"@type":"ListItem","position":1,"name":"Accueil","item":"https:\/\/www.siceram.com\/en\/"},{"@type":"ListItem","position":2,"name":"Our achievements","item":"https:\/\/www.siceram.com\/en\/our-achievements\/"},{"@type":"ListItem","position":3,"name":"La Badira"}]}]}},"_links":{"self":[{"href":"https:\/\/www.siceram.com\/en\/wp-json\/wp\/v2\/pages\/1802"}],"collection":[{"href":"https:\/\/www.siceram.com\/en\/wp-json\/wp\/v2\/pages"}],"about":[{"href":"https:\/\/www.siceram.com\/en\/wp-json\/wp\/v2\/types\/page"}],"author":[{"embeddable":true,"href":"https:\/\/www.siceram.com\/en\/wp-json\/wp\/v2\/users\/1"}],"replies":[{"embeddable":true,"href":"https:\/\/www.siceram.com\/en\/wp-json\/wp\/v2\/comments?post=1802"}],"version-history":[{"count":0,"href":"https:\/\/www.siceram.com\/en\/wp-json\/wp\/v2\/pages\/1802\/revisions"}],"up":[{"embeddable":true,"href":"https:\/\/www.siceram.com\/en\/wp-json\/wp\/v2\/pages\/1800"}],"wp:attachment":[{"href":"https:\/\/www.siceram.com\/en\/wp-json\/wp\/v2\/media?parent=1802"}],"curies":[{"name":"wp","href":"https:\/\/api.w.org\/{rel}","templated":true}]}}