{"id":1800,"date":"2021-06-02T00:05:07","date_gmt":"2021-06-01T22:05:07","guid":{"rendered":"https:\/\/www.siceram.com\/?page_id=1800"},"modified":"2022-08-19T15:23:56","modified_gmt":"2022-08-19T13:23:56","slug":"our-achievements","status":"publish","type":"page","link":"https:\/\/www.siceram.com\/en\/our-achievements\/","title":{"rendered":"Our achievements"},"content":{"rendered":"<p>[vc_row css=&#8221;.vc_custom_1622480052220{padding-top: 50px !important;padding-bottom: 10px !important;}&#8221;][vc_column width=&#8221;1\/6&#8243;][vc_single_image image=&#8221;1612&#8243; img_size=&#8221;full&#8221; alignment=&#8221;center&#8221; onclick=&#8221;custom_link&#8221; img_link_target=&#8221;_blank&#8221; link=&#8221;https:\/\/www.siceram.com\/nos-realisations\/la-badira\/&#8221;][\/vc_column][vc_column width=&#8221;1\/6&#8243;][vc_single_image image=&#8221;1595&#8243; img_size=&#8221;full&#8221; alignment=&#8221;center&#8221;][\/vc_column][vc_column width=&#8221;1\/6&#8243;][vc_single_image image=&#8221;1597&#8243; img_size=&#8221;full&#8221; alignment=&#8221;center&#8221;][\/vc_column][vc_column width=&#8221;1\/6&#8243;][vc_single_image image=&#8221;1599&#8243; img_size=&#8221;full&#8221; alignment=&#8221;center&#8221;][\/vc_column][vc_column width=&#8221;1\/6&#8243;][vc_single_image image=&#8221;1601&#8243; img_size=&#8221;full&#8221; alignment=&#8221;center&#8221;][\/vc_column][vc_column width=&#8221;1\/6&#8243;][vc_single_image image=&#8221;1603&#8243; img_size=&#8221;full&#8221; alignment=&#8221;center&#8221;][\/vc_column][\/vc_row][vc_row css=&#8221;.vc_custom_1622480063951{padding-top: 10px !important;padding-bottom: 10px !important;}&#8221;][vc_column width=&#8221;1\/6&#8243;][vc_single_image image=&#8221;1606&#8243; img_size=&#8221;full&#8221; alignment=&#8221;center&#8221;][\/vc_column][vc_column width=&#8221;1\/6&#8243;][vc_single_image image=&#8221;1608&#8243; img_size=&#8221;full&#8221; alignment=&#8221;center&#8221;][\/vc_column][vc_column width=&#8221;1\/6&#8243;][vc_single_image image=&#8221;1610&#8243; img_size=&#8221;full&#8221; alignment=&#8221;center&#8221;][\/vc_column][vc_column width=&#8221;1\/6&#8243;][vc_single_image image=&#8221;1593&#8243; img_size=&#8221;full&#8221; alignment=&#8221;center&#8221;][\/vc_column][vc_column width=&#8221;1\/6&#8243;][vc_single_image image=&#8221;1614&#8243; img_size=&#8221;full&#8221; alignment=&#8221;center&#8221;][\/vc_column][vc_column width=&#8221;1\/6&#8243;][vc_single_image image=&#8221;1616&#8243; img_size=&#8221;full&#8221; alignment=&#8221;center&#8221;][\/vc_column][\/vc_row][vc_row css=&#8221;.vc_custom_1622480063951{padding-top: 10px !important;padding-bottom: 10px !important;}&#8221;][vc_column width=&#8221;1\/6&#8243;][vc_single_image image=&#8221;1621&#8243; img_size=&#8221;full&#8221; alignment=&#8221;center&#8221;][\/vc_column][vc_column width=&#8221;1\/6&#8243;][vc_single_image image=&#8221;1623&#8243; img_size=&#8221;full&#8221; alignment=&#8221;center&#8221;][\/vc_column][vc_column width=&#8221;1\/6&#8243;][vc_single_image image=&#8221;1625&#8243; img_size=&#8221;full&#8221; alignment=&#8221;center&#8221;][\/vc_column][vc_column width=&#8221;1\/6&#8243;][vc_single_image image=&#8221;1627&#8243; img_size=&#8221;full&#8221; alignment=&#8221;center&#8221;][\/vc_column][vc_column width=&#8221;1\/6&#8243;][vc_single_image image=&#8221;1629&#8243; img_size=&#8221;full&#8221; alignment=&#8221;center&#8221;][\/vc_column][vc_column width=&#8221;1\/6&#8243;][vc_single_image image=&#8221;1631&#8243; img_size=&#8221;full&#8221; alignment=&#8221;center&#8221;][\/vc_column][\/vc_row][vc_row css=&#8221;.vc_custom_1622480063951{padding-top: 10px !important;padding-bottom: 10px !important;}&#8221;][vc_column width=&#8221;1\/6&#8243;][vc_single_image image=&#8221;1633&#8243; img_size=&#8221;full&#8221; alignment=&#8221;center&#8221;][\/vc_column][vc_column width=&#8221;1\/6&#8243;][vc_single_image image=&#8221;1635&#8243; img_size=&#8221;full&#8221; alignment=&#8221;center&#8221;][\/vc_column][vc_column width=&#8221;1\/6&#8243;][\/vc_column][vc_column width=&#8221;1\/6&#8243;][\/vc_column][vc_column width=&#8221;1\/6&#8243;][\/vc_column][vc_column width=&#8221;1\/6&#8243;][\/vc_column][\/vc_row]<\/p>\n","protected":false},"excerpt":{"rendered":"<p>[vc_row css=&#8221;.vc_custom_1622480052220{padding-top: 50px !important;padding-bottom: 10px !important;}&#8221;][vc_column width=&#8221;1\/6&#8243;][vc_single_image image=&#8221;1612&#8243; img_size=&#8221;full&#8221; alignment=&#8221;center&#8221; onclick=&#8221;custom_link&#8221; img_link_target=&#8221;_blank&#8221; link=&#8221;https:\/\/www.siceram.com\/nos-realisations\/la-badira\/&#8221;][\/vc_column][vc_column width=&#8221;1\/6&#8243;][vc_single_image image=&#8221;1595&#8243; img_size=&#8221;full&#8221; alignment=&#8221;center&#8221;][\/vc_column][vc_column width=&#8221;1\/6&#8243;][vc_single_image image=&#8221;1597&#8243; img_size=&#8221;full&#8221; alignment=&#8221;center&#8221;][\/vc_column][vc_column width=&#8221;1\/6&#8243;][vc_single_image image=&#8221;1599&#8243; img_size=&#8221;full&#8221; alignment=&#8221;center&#8221;][\/vc_column][vc_column width=&#8221;1\/6&#8243;][vc_single_image image=&#8221;1601&#8243; img_size=&#8221;full&#8221; alignment=&#8221;center&#8221;][\/vc_column][vc_column width=&#8221;1\/6&#8243;][vc_single_image image=&#8221;1603&#8243; img_size=&#8221;full&#8221; alignment=&#8221;center&#8221;][\/vc_column][\/vc_row][vc_row css=&#8221;.vc_custom_1622480063951{padding-top: 10px !important;padding-bottom: 10px !important;}&#8221;][vc_column width=&#8221;1\/6&#8243;][vc_single_image image=&#8221;1606&#8243; img_size=&#8221;full&#8221; alignment=&#8221;center&#8221;][\/vc_column][vc_column width=&#8221;1\/6&#8243;][vc_single_image image=&#8221;1608&#8243; img_size=&#8221;full&#8221; alignment=&#8221;center&#8221;][\/vc_column][vc_column width=&#8221;1\/6&#8243;][vc_single_image image=&#8221;1610&#8243; img_size=&#8221;full&#8221; alignment=&#8221;center&#8221;][\/vc_column][vc_column width=&#8221;1\/6&#8243;][vc_single_image image=&#8221;1593&#8243; img_size=&#8221;full&#8221; alignment=&#8221;center&#8221;][\/vc_column][vc_column width=&#8221;1\/6&#8243;][vc_single_image [&hellip;]<\/p>\n","protected":false},"author":1,"featured_media":0,"parent":0,"menu_order":90,"comment_status":"closed","ping_status":"closed","template":"page-templates\/template-fullwidth.php","meta":[],"yoast_head":"<!-- This site is optimized with the Yoast SEO plugin v17.9 - https:\/\/yoast.com\/wordpress\/plugins\/seo\/ -->\n<title>SICERAM Tunisia | Our references and achievements<\/title>\n<meta name=\"description\" content=\"Are you looking for ceramic tiles, tiles or earthenware to bring a natural touch to your home? Do not hesitate to contact us!\" \/>\n<meta name=\"robots\" content=\"index, follow, max-snippet:-1, max-image-preview:large, max-video-preview:-1\" \/>\n<link rel=\"canonical\" href=\"https:\/\/www.siceram.com\/en\/our-achievements\/\" \/>\n<meta property=\"og:locale\" content=\"en_US\" \/>\n<meta property=\"og:type\" content=\"article\" \/>\n<meta property=\"og:title\" content=\"SICERAM Tunisia | Our references and achievements\" \/>\n<meta property=\"og:description\" content=\"Are you looking for ceramic tiles, tiles or earthenware to bring a natural touch to your home? Do not hesitate to contact us!\" \/>\n<meta property=\"og:url\" content=\"https:\/\/www.siceram.com\/en\/our-achievements\/\" \/>\n<meta property=\"og:site_name\" content=\"SICERAM | Sp\u00e9cialiste en Rev\u00eatement mural et rev\u00eatement sol\" \/>\n<meta property=\"article:modified_time\" content=\"2022-08-19T13:23:56+00:00\" \/>\n<meta name=\"twitter:card\" content=\"summary_large_image\" \/>\n<meta name=\"twitter:label1\" content=\"Est. reading time\" \/>\n\t<meta name=\"twitter:data1\" content=\"2 minutes\" \/>\n<script type=\"application\/ld+json\" class=\"yoast-schema-graph\">{\"@context\":\"https:\/\/schema.org\",\"@graph\":[{\"@type\":\"WebSite\",\"@id\":\"https:\/\/www.siceram.com\/#website\",\"url\":\"https:\/\/www.siceram.com\/\",\"name\":\"SICERAM | Sp\\u00e9cialiste en Rev\\u00eatement mural et rev\\u00eatement sol\",\"description\":\"Siceram\",\"potentialAction\":[{\"@type\":\"SearchAction\",\"target\":{\"@type\":\"EntryPoint\",\"urlTemplate\":\"https:\/\/www.siceram.com\/?s={search_term_string}\"},\"query-input\":\"required name=search_term_string\"}],\"inLanguage\":\"en-US\"},{\"@type\":\"WebPage\",\"@id\":\"https:\/\/www.siceram.com\/en\/our-achievements\/#webpage\",\"url\":\"https:\/\/www.siceram.com\/en\/our-achievements\/\",\"name\":\"SICERAM Tunisia | Our references and achievements\",\"isPartOf\":{\"@id\":\"https:\/\/www.siceram.com\/#website\"},\"datePublished\":\"2021-06-01T22:05:07+00:00\",\"dateModified\":\"2022-08-19T13:23:56+00:00\",\"description\":\"Are you looking for ceramic tiles, tiles or earthenware to bring a natural touch to your home? Do not hesitate to contact us!\",\"breadcrumb\":{\"@id\":\"https:\/\/www.siceram.com\/en\/our-achievements\/#breadcrumb\"},\"inLanguage\":\"en-US\",\"potentialAction\":[{\"@type\":\"ReadAction\",\"target\":[\"https:\/\/www.siceram.com\/en\/our-achievements\/\"]}]},{\"@type\":\"BreadcrumbList\",\"@id\":\"https:\/\/www.siceram.com\/en\/our-achievements\/#breadcrumb\",\"itemListElement\":[{\"@type\":\"ListItem\",\"position\":1,\"name\":\"Accueil\",\"item\":\"https:\/\/www.siceram.com\/en\/\"},{\"@type\":\"ListItem\",\"position\":2,\"name\":\"Our achievements\"}]}]}<\/script>\n<!-- \/ Yoast SEO plugin. -->","yoast_head_json":{"title":"SICERAM Tunisia | Our references and achievements","description":"Are you looking for ceramic tiles, tiles or earthenware to bring a natural touch to your home? Do not hesitate to contact us!","robots":{"index":"index","follow":"follow","max-snippet":"max-snippet:-1","max-image-preview":"max-image-preview:large","max-video-preview":"max-video-preview:-1"},"canonical":"https:\/\/www.siceram.com\/en\/our-achievements\/","og_locale":"en_US","og_type":"article","og_title":"SICERAM Tunisia | Our references and achievements","og_description":"Are you looking for ceramic tiles, tiles or earthenware to bring a natural touch to your home? Do not hesitate to contact us!","og_url":"https:\/\/www.siceram.com\/en\/our-achievements\/","og_site_name":"SICERAM | Sp\u00e9cialiste en Rev\u00eatement mural et rev\u00eatement sol","article_modified_time":"2022-08-19T13:23:56+00:00","twitter_card":"summary_large_image","twitter_misc":{"Est. reading time":"2 minutes"},"schema":{"@context":"https:\/\/schema.org","@graph":[{"@type":"WebSite","@id":"https:\/\/www.siceram.com\/#website","url":"https:\/\/www.siceram.com\/","name":"SICERAM | Sp\u00e9cialiste en Rev\u00eatement mural et rev\u00eatement sol","description":"Siceram","potentialAction":[{"@type":"SearchAction","target":{"@type":"EntryPoint","urlTemplate":"https:\/\/www.siceram.com\/?s={search_term_string}"},"query-input":"required name=search_term_string"}],"inLanguage":"en-US"},{"@type":"WebPage","@id":"https:\/\/www.siceram.com\/en\/our-achievements\/#webpage","url":"https:\/\/www.siceram.com\/en\/our-achievements\/","name":"SICERAM Tunisia | Our references and achievements","isPartOf":{"@id":"https:\/\/www.siceram.com\/#website"},"datePublished":"2021-06-01T22:05:07+00:00","dateModified":"2022-08-19T13:23:56+00:00","description":"Are you looking for ceramic tiles, tiles or earthenware to bring a natural touch to your home? Do not hesitate to contact us!","breadcrumb":{"@id":"https:\/\/www.siceram.com\/en\/our-achievements\/#breadcrumb"},"inLanguage":"en-US","potentialAction":[{"@type":"ReadAction","target":["https:\/\/www.siceram.com\/en\/our-achievements\/"]}]},{"@type":"BreadcrumbList","@id":"https:\/\/www.siceram.com\/en\/our-achievements\/#breadcrumb","itemListElement":[{"@type":"ListItem","position":1,"name":"Accueil","item":"https:\/\/www.siceram.com\/en\/"},{"@type":"ListItem","position":2,"name":"Our achievements"}]}]}},"_links":{"self":[{"href":"https:\/\/www.siceram.com\/en\/wp-json\/wp\/v2\/pages\/1800"}],"collection":[{"href":"https:\/\/www.siceram.com\/en\/wp-json\/wp\/v2\/pages"}],"about":[{"href":"https:\/\/www.siceram.com\/en\/wp-json\/wp\/v2\/types\/page"}],"author":[{"embeddable":true,"href":"https:\/\/www.siceram.com\/en\/wp-json\/wp\/v2\/users\/1"}],"replies":[{"embeddable":true,"href":"https:\/\/www.siceram.com\/en\/wp-json\/wp\/v2\/comments?post=1800"}],"version-history":[{"count":1,"href":"https:\/\/www.siceram.com\/en\/wp-json\/wp\/v2\/pages\/1800\/revisions"}],"predecessor-version":[{"id":6337,"href":"https:\/\/www.siceram.com\/en\/wp-json\/wp\/v2\/pages\/1800\/revisions\/6337"}],"wp:attachment":[{"href":"https:\/\/www.siceram.com\/en\/wp-json\/wp\/v2\/media?parent=1800"}],"curies":[{"name":"wp","href":"https:\/\/api.w.org\/{rel}","templated":true}]}}